{"id":19490,"date":"2025-05-30T12:24:26","date_gmt":"2025-05-30T10:24:26","guid":{"rendered":"https:\/\/tomami.eu\/shop\/vegetable-broth-seasoning-paste-powered-by-tomami\/"},"modified":"2025-12-01T15:03:21","modified_gmt":"2025-12-01T14:03:21","slug":"vegetable-broth-seasoning-paste-powered-by-tomami","status":"publish","type":"product","link":"https:\/\/tomami.eu\/en\/shop\/vegetable-broth-seasoning-paste-powered-by-tomami\/","title":{"rendered":"Vegetable Broth Seasoning Paste &#8211; powered by TOMAMI"},"content":{"rendered":"\n<p class=\"has-large-font-size\">Fancy a delicious change in the kitchen? Then try this spicy paste creation by Ingo Holland and Stefan Marquard.  <\/p>\n\n\n\n<p>These two culinary masters from haute cuisine have teamed up and created a paste that adds a special touch to your dishes. Whether it&#8217;s beef, poultry or vegetable broth, stew, or sauce &#8211; you can refine everything with this paste.<\/p>\n\n\n\n<ul class=\"wp-block-list\">\n<li>Exclusively natural ingredients<\/li>\n\n\n\n<li>With TOMAMI Boost<\/li>\n<\/ul>\n\n\n\n<p>The paste is easy to dose: Simply add <strong>1 teaspoon (or 25 g)<\/strong> to <strong>1\/2 liter of liquid<\/strong> and stir well. You&#8217;ll instantly have an aromatic base for your favorite recipes. The secret of this delicious seasoning paste? The Umami power of TOMAMI!   <\/p>\n\n\n\n<p>Keep refrigerated after opening.<\/p>\n\n\n\n<p><span style=\"text-decoration: underline;\">Manufacturer: <\/span><br>Altes Gew\u00fcrzamt GmbH, Fr\u00fchlingstra\u00dfe 37, 63911 Klingenberg<\/p>\n\n\n\n<div class=\"wp-block-group alignfull animate-from-bottom has-global-padding is-layout-constrained wp-container-core-group-is-layout-95d0cd23 wp-block-group-is-layout-constrained\" style=\"padding-top:var(--wp--preset--spacing--40);padding-right:0px;padding-bottom:var(--wp--preset--spacing--40);padding-left:0px\">\n<p class=\"has-text-align-center has-huge-font-size\">Recipes with Vegetable Broth Seasoning Paste<\/p>\n\n\n\n<div class=\"wp-block-columns alignwide is-layout-flex wp-container-core-columns-is-layout-28f84493 wp-block-columns-is-layout-flex\">\n<div class=\"wp-block-column is-layout-flow wp-block-column-is-layout-flow\">\n<div class=\"wp-block-columns is-layout-flex wp-container-core-columns-is-layout-28f84493 wp-block-columns-is-layout-flex\">\n<div class=\"wp-block-column is-layout-flow wp-block-column-is-layout-flow\" style=\"padding-top:0;padding-bottom:0\">\n<figure class=\"wp-block-image size-full has-custom-border is-style-fuel-shadow-image\"><a href=\"https:\/\/tomami.eu\/en\/recipes\/pho-ga-soup\/\"><img loading=\"lazy\" decoding=\"async\" width=\"853\" height=\"1280\" src=\"https:\/\/tomami.eu\/wp-content\/uploads\/2022\/06\/rezept-pho-ga-tomami-stevan-paul-853x1280-2.jpg\" alt=\"Pho Ga\" class=\"wp-image-8469\" style=\"border-radius:12px\" title=\"\" srcset=\"https:\/\/tomami.eu\/wp-content\/uploads\/2022\/06\/rezept-pho-ga-tomami-stevan-paul-853x1280-2.jpg 853w, https:\/\/tomami.eu\/wp-content\/uploads\/2022\/06\/rezept-pho-ga-tomami-stevan-paul-853x1280-2-500x750.jpg 500w, https:\/\/tomami.eu\/wp-content\/uploads\/2022\/06\/rezept-pho-ga-tomami-stevan-paul-853x1280-2-750x1125.jpg 750w, https:\/\/tomami.eu\/wp-content\/uploads\/2022\/06\/rezept-pho-ga-tomami-stevan-paul-853x1280-2-768x1152.jpg 768w\" sizes=\"auto, (max-width: 853px) 100vw, 853px\" \/><\/a><figcaption class=\"wp-element-caption\">Pho Ga<\/figcaption><\/figure>\n<\/div>\n\n\n\n<div class=\"wp-block-column is-layout-flow wp-block-column-is-layout-flow\" style=\"padding-top:0;padding-bottom:0\">\n<figure class=\"wp-block-image size-full has-custom-border is-style-fuel-shadow-image\"><a href=\"https:\/\/tomami.eu\/en\/recipes\/joes-chicken-soup-the-biological-cold-killer\/\"><img loading=\"lazy\" decoding=\"async\" width=\"1138\" height=\"1707\" src=\"https:\/\/tomami.eu\/wp-content\/uploads\/2022\/04\/rezept-huehnersupp-tomami-umami-1.jpg\" alt=\"Joe\u2019s Chicken Soup, the natural cold remedy\" class=\"wp-image-5729\" style=\"border-radius:12px\" title=\"\" srcset=\"https:\/\/tomami.eu\/wp-content\/uploads\/2022\/04\/rezept-huehnersupp-tomami-umami-1.jpg 1138w, https:\/\/tomami.eu\/wp-content\/uploads\/2022\/04\/rezept-huehnersupp-tomami-umami-1-500x750.jpg 500w, https:\/\/tomami.eu\/wp-content\/uploads\/2022\/04\/rezept-huehnersupp-tomami-umami-1-750x1125.jpg 750w, https:\/\/tomami.eu\/wp-content\/uploads\/2022\/04\/rezept-huehnersupp-tomami-umami-1-768x1152.jpg 768w, https:\/\/tomami.eu\/wp-content\/uploads\/2022\/04\/rezept-huehnersupp-tomami-umami-1-1024x1536.jpg 1024w\" sizes=\"auto, (max-width: 1138px) 100vw, 1138px\" \/><\/a><figcaption class=\"wp-element-caption\">Joe&#8217;s Chicken Soup, The Biological Cold Killer<\/figcaption><\/figure>\n<\/div>\n\n\n\n<div class=\"wp-block-column is-layout-flow wp-block-column-is-layout-flow\" style=\"padding-top:0\">\n<figure class=\"wp-block-image size-full has-custom-border is-style-fuel-shadow-image\"><a href=\"https:\/\/tomami.eu\/en\/recipes\/tomami-goes-dashi-en\/\"><img loading=\"lazy\" decoding=\"async\" width=\"853\" height=\"1280\" src=\"https:\/\/tomami.eu\/wp-content\/uploads\/2022\/06\/rezeptbild-dashi-tomami-umami-stevan-paul-853x1280-2.jpg\" alt=\"TOMAMI goes Dashi!\" class=\"wp-image-8452\" style=\"border-radius:12px\" title=\"\" srcset=\"https:\/\/tomami.eu\/wp-content\/uploads\/2022\/06\/rezeptbild-dashi-tomami-umami-stevan-paul-853x1280-2.jpg 853w, https:\/\/tomami.eu\/wp-content\/uploads\/2022\/06\/rezeptbild-dashi-tomami-umami-stevan-paul-853x1280-2-500x750.jpg 500w, https:\/\/tomami.eu\/wp-content\/uploads\/2022\/06\/rezeptbild-dashi-tomami-umami-stevan-paul-853x1280-2-750x1125.jpg 750w, https:\/\/tomami.eu\/wp-content\/uploads\/2022\/06\/rezeptbild-dashi-tomami-umami-stevan-paul-853x1280-2-768x1152.jpg 768w\" sizes=\"auto, (max-width: 853px) 100vw, 853px\" \/><\/a><figcaption class=\"wp-element-caption\">TOMAMI goes Dashi!<\/figcaption><\/figure>\n<\/div>\n\n\n\n<div class=\"wp-block-column is-layout-flow wp-block-column-is-layout-flow\" style=\"padding-top:0;padding-bottom:0\">\n<figure class=\"wp-block-image size-full has-custom-border is-style-fuel-shadow-image\"><a href=\"https:\/\/tomami.eu\/en\/recipes\/tomami-gazpacho-soup-andaluz\/\"><img loading=\"lazy\" decoding=\"async\" width=\"1138\" height=\"1707\" src=\"https:\/\/tomami.eu\/wp-content\/uploads\/2022\/04\/rezept-gazpacho-tomami-umami-1.jpg\" alt=\"Gazpacho Andaluz\" class=\"wp-image-5867\" style=\"border-radius:12px\" title=\"\" srcset=\"https:\/\/tomami.eu\/wp-content\/uploads\/2022\/04\/rezept-gazpacho-tomami-umami-1.jpg 1138w, https:\/\/tomami.eu\/wp-content\/uploads\/2022\/04\/rezept-gazpacho-tomami-umami-1-500x750.jpg 500w, https:\/\/tomami.eu\/wp-content\/uploads\/2022\/04\/rezept-gazpacho-tomami-umami-1-750x1125.jpg 750w, https:\/\/tomami.eu\/wp-content\/uploads\/2022\/04\/rezept-gazpacho-tomami-umami-1-768x1152.jpg 768w, https:\/\/tomami.eu\/wp-content\/uploads\/2022\/04\/rezept-gazpacho-tomami-umami-1-1024x1536.jpg 1024w\" sizes=\"auto, (max-width: 1138px) 100vw, 1138px\" \/><\/a><figcaption class=\"wp-element-caption\">Gazpacho Soup Andaluz<\/figcaption><\/figure>\n<\/div>\n<\/div>\n<\/div>\n<\/div>\n\n\n\n<div class=\"wp-block-buttons is-content-justification-center is-layout-flex wp-container-core-buttons-is-layout-fe1bbffc wp-block-buttons-is-layout-flex\" style=\"padding-top:var(--wp--preset--spacing--30);padding-bottom:var(--wp--preset--spacing--30)\">\n<div class=\"wp-block-button\"><a class=\"wp-block-button__link wp-element-button\" href=\"https:\/\/tomami.eu\/en\/recipes\/\">Discover more recipes<\/a><\/div>\n<\/div>\n<\/div>\n","protected":false},"excerpt":{"rendered":"<p>\u25cf Exclusively natural ingredients <br \/>\u25cf Perfect for seasoning broths and sauces<br \/>\u25cf 150 g<\/p>\n","protected":false},"featured_media":16733,"comment_status":"closed","ping_status":"closed","template":"","meta":{"_symbion_is_product_set":""},"product_brand":[],"product_cat":[394],"product_tag":[],"class_list":{"0":"post-19490","1":"product","2":"type-product","3":"status-publish","4":"has-post-thumbnail","6":"product_cat-seasoning-pastes","8":"first","9":"instock","10":"taxable","11":"shipping-taxable","12":"purchasable","13":"product-type-simple"},"yoast_head":"<!-- This site is optimized with the Yoast SEO plugin v26.6 - https:\/\/yoast.com\/wordpress\/plugins\/seo\/ -->\n<title>Vegetable Broth Seasoning Paste - powered by TOMAMI &#8226; TOMAMI \u2022 Damit w\u00fcrz was!<\/title>\n<meta name=\"description\" content=\"Seasoning Broth \u2022 Exclusively natural ingredients \u2022 Perfect for seasoning broths and sauces \u2022 150 g can \ud83d\uded2 Buy here\" \/>\n<meta name=\"robots\" content=\"index, follow, max-snippet:-1, max-image-preview:large, max-video-preview:-1\" \/>\n<link rel=\"canonical\" href=\"https:\/\/tomami.eu\/en\/shop\/vegetable-broth-seasoning-paste-powered-by-tomami\/\" \/>\n<meta property=\"og:locale\" content=\"en_US\" \/>\n<meta property=\"og:type\" content=\"article\" \/>\n<meta property=\"og:title\" content=\"Vegetable Broth Seasoning Paste - powered by TOMAMI &#8226; TOMAMI \u2022 Damit w\u00fcrz was!\" \/>\n<meta property=\"og:description\" content=\"Seasoning Broth \u2022 Exclusively natural ingredients \u2022 Perfect for seasoning broths and sauces \u2022 150 g can \ud83d\uded2 Buy here\" \/>\n<meta property=\"og:url\" content=\"https:\/\/tomami.eu\/en\/shop\/vegetable-broth-seasoning-paste-powered-by-tomami\/\" \/>\n<meta property=\"og:site_name\" content=\"TOMAMI \u2022 Damit w\u00fcrz was!\" \/>\n<meta property=\"article:publisher\" content=\"https:\/\/www.facebook.com\/tomami.eu\/\" \/>\n<meta property=\"article:modified_time\" content=\"2025-12-01T14:03:21+00:00\" \/>\n<meta property=\"og:image\" content=\"https:\/\/tomami.eu\/wp-content\/uploads\/2025\/07\/p-ag-gemuesebruehe.jpg\" \/>\n\t<meta property=\"og:image:width\" content=\"1540\" \/>\n\t<meta property=\"og:image:height\" content=\"1540\" \/>\n\t<meta property=\"og:image:type\" content=\"image\/jpeg\" \/>\n<script type=\"application\/ld+json\" class=\"yoast-schema-graph\">{\"@context\":\"https:\/\/schema.org\",\"@graph\":[{\"@type\":\"WebPage\",\"@id\":\"https:\/\/tomami.eu\/en\/shop\/vegetable-broth-seasoning-paste-powered-by-tomami\/\",\"url\":\"https:\/\/tomami.eu\/en\/shop\/vegetable-broth-seasoning-paste-powered-by-tomami\/\",\"name\":\"Vegetable Broth Seasoning Paste - powered by TOMAMI &#8226; TOMAMI \u2022 Damit w\u00fcrz was!\",\"isPartOf\":{\"@id\":\"https:\/\/tomami.eu\/en\/#website\"},\"primaryImageOfPage\":{\"@id\":\"https:\/\/tomami.eu\/en\/shop\/vegetable-broth-seasoning-paste-powered-by-tomami\/#primaryimage\"},\"image\":{\"@id\":\"https:\/\/tomami.eu\/en\/shop\/vegetable-broth-seasoning-paste-powered-by-tomami\/#primaryimage\"},\"thumbnailUrl\":\"https:\/\/tomami.eu\/wp-content\/uploads\/2025\/07\/p-ag-gemuesebruehe.jpg\",\"datePublished\":\"2025-05-30T10:24:26+00:00\",\"dateModified\":\"2025-12-01T14:03:21+00:00\",\"description\":\"Seasoning Broth \u2022 Exclusively natural ingredients \u2022 Perfect for seasoning broths and sauces \u2022 150 g can \ud83d\uded2 Buy here\",\"breadcrumb\":{\"@id\":\"https:\/\/tomami.eu\/en\/shop\/vegetable-broth-seasoning-paste-powered-by-tomami\/#breadcrumb\"},\"inLanguage\":\"en-US\",\"potentialAction\":[{\"@type\":\"ReadAction\",\"target\":[\"https:\/\/tomami.eu\/en\/shop\/vegetable-broth-seasoning-paste-powered-by-tomami\/\"]}]},{\"@type\":\"ImageObject\",\"inLanguage\":\"en-US\",\"@id\":\"https:\/\/tomami.eu\/en\/shop\/vegetable-broth-seasoning-paste-powered-by-tomami\/#primaryimage\",\"url\":\"https:\/\/tomami.eu\/wp-content\/uploads\/2025\/07\/p-ag-gemuesebruehe.jpg\",\"contentUrl\":\"https:\/\/tomami.eu\/wp-content\/uploads\/2025\/07\/p-ag-gemuesebruehe.jpg\",\"width\":1540,\"height\":1540,\"caption\":\"W\u00fcrzpaste Gem\u00fcsebr\u00fche \u2013 powered by TOMAMI \u2022 150 g\"},{\"@type\":\"BreadcrumbList\",\"@id\":\"https:\/\/tomami.eu\/en\/shop\/vegetable-broth-seasoning-paste-powered-by-tomami\/#breadcrumb\",\"itemListElement\":[{\"@type\":\"ListItem\",\"position\":1,\"name\":\"Startseite\",\"item\":\"https:\/\/tomami.eu\/en\/\"},{\"@type\":\"ListItem\",\"position\":2,\"name\":\"Shop\",\"item\":\"https:\/\/tomami.eu\/en\/shop\/\"},{\"@type\":\"ListItem\",\"position\":3,\"name\":\"Vegetable Broth Seasoning Paste &#8211; powered by TOMAMI\"}]},{\"@type\":\"WebSite\",\"@id\":\"https:\/\/tomami.eu\/en\/#website\",\"url\":\"https:\/\/tomami.eu\/en\/\",\"name\":\"TOMAMI\u00ae \u2013 Damit w\u00fcrz was!\",\"description\":\"\",\"publisher\":{\"@id\":\"https:\/\/tomami.eu\/en\/#organization\"},\"potentialAction\":[{\"@type\":\"SearchAction\",\"target\":{\"@type\":\"EntryPoint\",\"urlTemplate\":\"https:\/\/tomami.eu\/en\/?s={search_term_string}\"},\"query-input\":{\"@type\":\"PropertyValueSpecification\",\"valueRequired\":true,\"valueName\":\"search_term_string\"}}],\"inLanguage\":\"en-US\"},{\"@type\":\"Organization\",\"@id\":\"https:\/\/tomami.eu\/en\/#organization\",\"name\":\"TOMAMI\u00ae \u2013 Damit w\u00fcrz was!\",\"url\":\"https:\/\/tomami.eu\/en\/\",\"logo\":{\"@type\":\"ImageObject\",\"inLanguage\":\"en-US\",\"@id\":\"https:\/\/tomami.eu\/en\/#\/schema\/logo\/image\/\",\"url\":\"https:\/\/tomami.eu\/wp-content\/uploads\/2025\/08\/TOMAMI-web@2x.png\",\"contentUrl\":\"https:\/\/tomami.eu\/wp-content\/uploads\/2025\/08\/TOMAMI-web@2x.png\",\"width\":1440,\"height\":1440,\"caption\":\"TOMAMI\u00ae \u2013 Damit w\u00fcrz was!\"},\"image\":{\"@id\":\"https:\/\/tomami.eu\/en\/#\/schema\/logo\/image\/\"},\"sameAs\":[\"https:\/\/www.facebook.com\/tomami.eu\/\",\"https:\/\/www.instagram.com\/tomami.eu\/\",\"https:\/\/www.youtube.com\/user\/TOMAMIGmbH\",\"https:\/\/www.tiktok.com\/@tomami_official\",\"https:\/\/de.linkedin.com\/company\/tomami\"]}]}<\/script>\n<!-- \/ Yoast SEO plugin. -->","yoast_head_json":{"title":"Vegetable Broth Seasoning Paste - powered by TOMAMI &#8226; TOMAMI \u2022 Damit w\u00fcrz was!","description":"Seasoning Broth \u2022 Exclusively natural ingredients \u2022 Perfect for seasoning broths and sauces \u2022 150 g can \ud83d\uded2 Buy here","robots":{"index":"index","follow":"follow","max-snippet":"max-snippet:-1","max-image-preview":"max-image-preview:large","max-video-preview":"max-video-preview:-1"},"canonical":"https:\/\/tomami.eu\/en\/shop\/vegetable-broth-seasoning-paste-powered-by-tomami\/","og_locale":"en_US","og_type":"article","og_title":"Vegetable Broth Seasoning Paste - powered by TOMAMI &#8226; TOMAMI \u2022 Damit w\u00fcrz was!","og_description":"Seasoning Broth \u2022 Exclusively natural ingredients \u2022 Perfect for seasoning broths and sauces \u2022 150 g can \ud83d\uded2 Buy here","og_url":"https:\/\/tomami.eu\/en\/shop\/vegetable-broth-seasoning-paste-powered-by-tomami\/","og_site_name":"TOMAMI \u2022 Damit w\u00fcrz was!","article_publisher":"https:\/\/www.facebook.com\/tomami.eu\/","article_modified_time":"2025-12-01T14:03:21+00:00","og_image":[{"width":1540,"height":1540,"url":"https:\/\/tomami.eu\/wp-content\/uploads\/2025\/07\/p-ag-gemuesebruehe.jpg","type":"image\/jpeg"}],"schema":{"@context":"https:\/\/schema.org","@graph":[{"@type":"WebPage","@id":"https:\/\/tomami.eu\/en\/shop\/vegetable-broth-seasoning-paste-powered-by-tomami\/","url":"https:\/\/tomami.eu\/en\/shop\/vegetable-broth-seasoning-paste-powered-by-tomami\/","name":"Vegetable Broth Seasoning Paste - powered by TOMAMI &#8226; TOMAMI \u2022 Damit w\u00fcrz was!","isPartOf":{"@id":"https:\/\/tomami.eu\/en\/#website"},"primaryImageOfPage":{"@id":"https:\/\/tomami.eu\/en\/shop\/vegetable-broth-seasoning-paste-powered-by-tomami\/#primaryimage"},"image":{"@id":"https:\/\/tomami.eu\/en\/shop\/vegetable-broth-seasoning-paste-powered-by-tomami\/#primaryimage"},"thumbnailUrl":"https:\/\/tomami.eu\/wp-content\/uploads\/2025\/07\/p-ag-gemuesebruehe.jpg","datePublished":"2025-05-30T10:24:26+00:00","dateModified":"2025-12-01T14:03:21+00:00","description":"Seasoning Broth \u2022 Exclusively natural ingredients \u2022 Perfect for seasoning broths and sauces \u2022 150 g can \ud83d\uded2 Buy here","breadcrumb":{"@id":"https:\/\/tomami.eu\/en\/shop\/vegetable-broth-seasoning-paste-powered-by-tomami\/#breadcrumb"},"inLanguage":"en-US","potentialAction":[{"@type":"ReadAction","target":["https:\/\/tomami.eu\/en\/shop\/vegetable-broth-seasoning-paste-powered-by-tomami\/"]}]},{"@type":"ImageObject","inLanguage":"en-US","@id":"https:\/\/tomami.eu\/en\/shop\/vegetable-broth-seasoning-paste-powered-by-tomami\/#primaryimage","url":"https:\/\/tomami.eu\/wp-content\/uploads\/2025\/07\/p-ag-gemuesebruehe.jpg","contentUrl":"https:\/\/tomami.eu\/wp-content\/uploads\/2025\/07\/p-ag-gemuesebruehe.jpg","width":1540,"height":1540,"caption":"W\u00fcrzpaste Gem\u00fcsebr\u00fche \u2013 powered by TOMAMI \u2022 150 g"},{"@type":"BreadcrumbList","@id":"https:\/\/tomami.eu\/en\/shop\/vegetable-broth-seasoning-paste-powered-by-tomami\/#breadcrumb","itemListElement":[{"@type":"ListItem","position":1,"name":"Startseite","item":"https:\/\/tomami.eu\/en\/"},{"@type":"ListItem","position":2,"name":"Shop","item":"https:\/\/tomami.eu\/en\/shop\/"},{"@type":"ListItem","position":3,"name":"Vegetable Broth Seasoning Paste &#8211; powered by TOMAMI"}]},{"@type":"WebSite","@id":"https:\/\/tomami.eu\/en\/#website","url":"https:\/\/tomami.eu\/en\/","name":"TOMAMI\u00ae \u2013 Damit w\u00fcrz was!","description":"","publisher":{"@id":"https:\/\/tomami.eu\/en\/#organization"},"potentialAction":[{"@type":"SearchAction","target":{"@type":"EntryPoint","urlTemplate":"https:\/\/tomami.eu\/en\/?s={search_term_string}"},"query-input":{"@type":"PropertyValueSpecification","valueRequired":true,"valueName":"search_term_string"}}],"inLanguage":"en-US"},{"@type":"Organization","@id":"https:\/\/tomami.eu\/en\/#organization","name":"TOMAMI\u00ae \u2013 Damit w\u00fcrz was!","url":"https:\/\/tomami.eu\/en\/","logo":{"@type":"ImageObject","inLanguage":"en-US","@id":"https:\/\/tomami.eu\/en\/#\/schema\/logo\/image\/","url":"https:\/\/tomami.eu\/wp-content\/uploads\/2025\/08\/TOMAMI-web@2x.png","contentUrl":"https:\/\/tomami.eu\/wp-content\/uploads\/2025\/08\/TOMAMI-web@2x.png","width":1440,"height":1440,"caption":"TOMAMI\u00ae \u2013 Damit w\u00fcrz was!"},"image":{"@id":"https:\/\/tomami.eu\/en\/#\/schema\/logo\/image\/"},"sameAs":["https:\/\/www.facebook.com\/tomami.eu\/","https:\/\/www.instagram.com\/tomami.eu\/","https:\/\/www.youtube.com\/user\/TOMAMIGmbH","https:\/\/www.tiktok.com\/@tomami_official","https:\/\/de.linkedin.com\/company\/tomami"]}]}},"symbion_is_set":false,"_links":{"self":[{"href":"https:\/\/tomami.eu\/en\/wp-json\/wp\/v2\/product\/19490","targetHints":{"allow":["GET"]}}],"collection":[{"href":"https:\/\/tomami.eu\/en\/wp-json\/wp\/v2\/product"}],"about":[{"href":"https:\/\/tomami.eu\/en\/wp-json\/wp\/v2\/types\/product"}],"replies":[{"embeddable":true,"href":"https:\/\/tomami.eu\/en\/wp-json\/wp\/v2\/comments?post=19490"}],"wp:featuredmedia":[{"embeddable":true,"href":"https:\/\/tomami.eu\/en\/wp-json\/wp\/v2\/media\/16733"}],"wp:attachment":[{"href":"https:\/\/tomami.eu\/en\/wp-json\/wp\/v2\/media?parent=19490"}],"wp:term":[{"taxonomy":"product_brand","embeddable":true,"href":"https:\/\/tomami.eu\/en\/wp-json\/wp\/v2\/product_brand?post=19490"},{"taxonomy":"product_cat","embeddable":true,"href":"https:\/\/tomami.eu\/en\/wp-json\/wp\/v2\/product_cat?post=19490"},{"taxonomy":"product_tag","embeddable":true,"href":"https:\/\/tomami.eu\/en\/wp-json\/wp\/v2\/product_tag?post=19490"}],"curies":[{"name":"wp","href":"https:\/\/api.w.org\/{rel}","templated":true}]}}