{"id":6248,"date":"2022-04-06T17:14:16","date_gmt":"2022-04-06T15:14:16","guid":{"rendered":"http:\/\/tomamishop.vist-test.de\/?page_id=6248"},"modified":"2026-03-10T10:50:35","modified_gmt":"2026-03-10T09:50:35","slug":"site-notice","status":"publish","type":"page","link":"https:\/\/tomami.eu\/en\/site-notice\/","title":{"rendered":"Site notice"},"content":{"rendered":"\n<h1 class=\"wp-block-heading\" id=\"impressum\">Site Notice<\/h1>\n\n\n\n<p>TOMAMI GmbH<br>Frankfurter Stra\u00dfe 18A<br>61462 K\u00f6nigstein<br>Deutschland<\/p>\n\n\n\n<p>Telefon: +49 6174 9980230<br>E-Mail: info@tomami.eu<\/p>\n\n\n\n<p>Represented by Georg Breuer<\/p>\n\n\n\n<p>Entry in Commercial Register: Amtsgericht K\u00f6nigstein, HRB 8215<br>VAT identification number in accordance with \u00a727a German VAT Act: DE284306419<\/p>\n\n\n\n<p>We are not obliged and not willing to participate in dispute resolution proceedings before a consumer arbitration board.<\/p>\n\n\n\n<p>Competent authority for audiovisual media services: Medienanstalt Hessen, Wilhelmsh\u00f6her Allee 262, 34131 Kassel, Germany<\/p>\n\n\n\n<p>Our company is exempt from the scope of accessibility requirements and thus from the obligation to create and provide an accessibility statement in accordance with legal provisions.<\/p>\n\n\n\n<p class=\"has-tiny-font-size\">Imprint created with the Trusted Shops legal text generator.<\/p>\n\n\n\n<div style=\"height:16px\" aria-hidden=\"true\" class=\"wp-block-spacer\"><\/div>\n\n\n\n<hr class=\"wp-block-separator has-text-color has-senary-color has-alpha-channel-opacity has-senary-background-color has-background\" style=\"margin-top:0\"\/>\n","protected":false},"excerpt":{"rendered":"<p>Site Notice TOMAMI GmbHFrankfurter Stra\u00dfe 18A61462 K\u00f6nigsteinDeutschland Telefon: +49 6174 9980230E-Mail: info@tomami.eu Represented by Georg Breuer Entry in Commercial Register: Amtsgericht K\u00f6nigstein, HRB 8215VAT identification number in accordance with \u00a727a German VAT Act: DE284306419 We are not obliged and not willing to participate in dispute resolution proceedings before a consumer arbitration board. Competent authority for [&hellip;]<\/p>\n","protected":false},"author":2130,"featured_media":0,"parent":0,"menu_order":0,"comment_status":"closed","ping_status":"closed","template":"","meta":{"footnotes":""},"class_list":["post-6248","page","type-page","status-publish","hentry"],"yoast_head":"<!-- This site is optimized with the Yoast SEO plugin v26.6 - https:\/\/yoast.com\/wordpress\/plugins\/seo\/ -->\n<title>Site notice &#8226; TOMAMI \u2022 Damit w\u00fcrz was!<\/title>\n<meta name=\"robots\" content=\"index, follow, max-snippet:-1, max-image-preview:large, max-video-preview:-1\" \/>\n<link rel=\"canonical\" href=\"https:\/\/tomami.eu\/en\/site-notice\/\" \/>\n<meta property=\"og:locale\" content=\"en_US\" \/>\n<meta property=\"og:type\" content=\"article\" \/>\n<meta property=\"og:title\" content=\"Site notice &#8226; TOMAMI \u2022 Damit w\u00fcrz was!\" \/>\n<meta property=\"og:description\" content=\"Site Notice TOMAMI GmbHFrankfurter Stra\u00dfe 18A61462 K\u00f6nigsteinDeutschland Telefon: +49 6174 9980230E-Mail: info@tomami.eu Represented by Georg Breuer Entry in Commercial Register: Amtsgericht K\u00f6nigstein, HRB 8215VAT identification number in accordance with \u00a727a German VAT Act: DE284306419 We are not obliged and not willing to participate in dispute resolution proceedings before a consumer arbitration board. Competent authority for [&hellip;]\" \/>\n<meta property=\"og:url\" content=\"https:\/\/tomami.eu\/en\/site-notice\/\" \/>\n<meta property=\"og:site_name\" content=\"TOMAMI \u2022 Damit w\u00fcrz was!\" \/>\n<meta property=\"article:publisher\" content=\"https:\/\/www.facebook.com\/tomami.eu\/\" \/>\n<meta property=\"article:modified_time\" content=\"2026-03-10T09:50:35+00:00\" \/>\n<meta property=\"og:image\" content=\"https:\/\/tomami.eu\/wp-content\/uploads\/2025\/08\/social@1x.png\" \/>\n\t<meta property=\"og:image:width\" content=\"1200\" \/>\n\t<meta property=\"og:image:height\" content=\"675\" \/>\n\t<meta property=\"og:image:type\" content=\"image\/png\" \/>\n<script type=\"application\/ld+json\" class=\"yoast-schema-graph\">{\"@context\":\"https:\/\/schema.org\",\"@graph\":[{\"@type\":\"WebPage\",\"@id\":\"https:\/\/tomami.eu\/en\/site-notice\/\",\"url\":\"https:\/\/tomami.eu\/en\/site-notice\/\",\"name\":\"Site notice &#8226; TOMAMI \u2022 Damit w\u00fcrz was!\",\"isPartOf\":{\"@id\":\"https:\/\/tomami.eu\/en\/#website\"},\"datePublished\":\"2022-04-06T15:14:16+00:00\",\"dateModified\":\"2026-03-10T09:50:35+00:00\",\"breadcrumb\":{\"@id\":\"https:\/\/tomami.eu\/en\/site-notice\/#breadcrumb\"},\"inLanguage\":\"en-US\",\"potentialAction\":[{\"@type\":\"ReadAction\",\"target\":[\"https:\/\/tomami.eu\/en\/site-notice\/\"]}]},{\"@type\":\"BreadcrumbList\",\"@id\":\"https:\/\/tomami.eu\/en\/site-notice\/#breadcrumb\",\"itemListElement\":[{\"@type\":\"ListItem\",\"position\":1,\"name\":\"Startseite\",\"item\":\"https:\/\/tomami.eu\/en\/\"},{\"@type\":\"ListItem\",\"position\":2,\"name\":\"Site notice\"}]},{\"@type\":\"WebSite\",\"@id\":\"https:\/\/tomami.eu\/en\/#website\",\"url\":\"https:\/\/tomami.eu\/en\/\",\"name\":\"TOMAMI\u00ae \u2013 Damit w\u00fcrz was!\",\"description\":\"\",\"publisher\":{\"@id\":\"https:\/\/tomami.eu\/en\/#organization\"},\"potentialAction\":[{\"@type\":\"SearchAction\",\"target\":{\"@type\":\"EntryPoint\",\"urlTemplate\":\"https:\/\/tomami.eu\/en\/?s={search_term_string}\"},\"query-input\":{\"@type\":\"PropertyValueSpecification\",\"valueRequired\":true,\"valueName\":\"search_term_string\"}}],\"inLanguage\":\"en-US\"},{\"@type\":\"Organization\",\"@id\":\"https:\/\/tomami.eu\/en\/#organization\",\"name\":\"TOMAMI\u00ae \u2013 Damit w\u00fcrz was!\",\"url\":\"https:\/\/tomami.eu\/en\/\",\"logo\":{\"@type\":\"ImageObject\",\"inLanguage\":\"en-US\",\"@id\":\"https:\/\/tomami.eu\/en\/#\/schema\/logo\/image\/\",\"url\":\"https:\/\/tomami.eu\/wp-content\/uploads\/2025\/08\/TOMAMI-web@2x.png\",\"contentUrl\":\"https:\/\/tomami.eu\/wp-content\/uploads\/2025\/08\/TOMAMI-web@2x.png\",\"width\":1440,\"height\":1440,\"caption\":\"TOMAMI\u00ae \u2013 Damit w\u00fcrz was!\"},\"image\":{\"@id\":\"https:\/\/tomami.eu\/en\/#\/schema\/logo\/image\/\"},\"sameAs\":[\"https:\/\/www.facebook.com\/tomami.eu\/\",\"https:\/\/www.instagram.com\/tomami.eu\/\",\"https:\/\/www.youtube.com\/user\/TOMAMIGmbH\",\"https:\/\/www.tiktok.com\/@tomami_official\",\"https:\/\/de.linkedin.com\/company\/tomami\"]}]}<\/script>\n<!-- \/ Yoast SEO plugin. -->","yoast_head_json":{"title":"Site notice &#8226; TOMAMI \u2022 Damit w\u00fcrz was!","robots":{"index":"index","follow":"follow","max-snippet":"max-snippet:-1","max-image-preview":"max-image-preview:large","max-video-preview":"max-video-preview:-1"},"canonical":"https:\/\/tomami.eu\/en\/site-notice\/","og_locale":"en_US","og_type":"article","og_title":"Site notice &#8226; TOMAMI \u2022 Damit w\u00fcrz was!","og_description":"Site Notice TOMAMI GmbHFrankfurter Stra\u00dfe 18A61462 K\u00f6nigsteinDeutschland Telefon: +49 6174 9980230E-Mail: info@tomami.eu Represented by Georg Breuer Entry in Commercial Register: Amtsgericht K\u00f6nigstein, HRB 8215VAT identification number in accordance with \u00a727a German VAT Act: DE284306419 We are not obliged and not willing to participate in dispute resolution proceedings before a consumer arbitration board. Competent authority for [&hellip;]","og_url":"https:\/\/tomami.eu\/en\/site-notice\/","og_site_name":"TOMAMI \u2022 Damit w\u00fcrz was!","article_publisher":"https:\/\/www.facebook.com\/tomami.eu\/","article_modified_time":"2026-03-10T09:50:35+00:00","og_image":[{"width":1200,"height":675,"url":"https:\/\/tomami.eu\/wp-content\/uploads\/2025\/08\/social@1x.png","type":"image\/png"}],"schema":{"@context":"https:\/\/schema.org","@graph":[{"@type":"WebPage","@id":"https:\/\/tomami.eu\/en\/site-notice\/","url":"https:\/\/tomami.eu\/en\/site-notice\/","name":"Site notice &#8226; TOMAMI \u2022 Damit w\u00fcrz was!","isPartOf":{"@id":"https:\/\/tomami.eu\/en\/#website"},"datePublished":"2022-04-06T15:14:16+00:00","dateModified":"2026-03-10T09:50:35+00:00","breadcrumb":{"@id":"https:\/\/tomami.eu\/en\/site-notice\/#breadcrumb"},"inLanguage":"en-US","potentialAction":[{"@type":"ReadAction","target":["https:\/\/tomami.eu\/en\/site-notice\/"]}]},{"@type":"BreadcrumbList","@id":"https:\/\/tomami.eu\/en\/site-notice\/#breadcrumb","itemListElement":[{"@type":"ListItem","position":1,"name":"Startseite","item":"https:\/\/tomami.eu\/en\/"},{"@type":"ListItem","position":2,"name":"Site notice"}]},{"@type":"WebSite","@id":"https:\/\/tomami.eu\/en\/#website","url":"https:\/\/tomami.eu\/en\/","name":"TOMAMI\u00ae \u2013 Damit w\u00fcrz was!","description":"","publisher":{"@id":"https:\/\/tomami.eu\/en\/#organization"},"potentialAction":[{"@type":"SearchAction","target":{"@type":"EntryPoint","urlTemplate":"https:\/\/tomami.eu\/en\/?s={search_term_string}"},"query-input":{"@type":"PropertyValueSpecification","valueRequired":true,"valueName":"search_term_string"}}],"inLanguage":"en-US"},{"@type":"Organization","@id":"https:\/\/tomami.eu\/en\/#organization","name":"TOMAMI\u00ae \u2013 Damit w\u00fcrz was!","url":"https:\/\/tomami.eu\/en\/","logo":{"@type":"ImageObject","inLanguage":"en-US","@id":"https:\/\/tomami.eu\/en\/#\/schema\/logo\/image\/","url":"https:\/\/tomami.eu\/wp-content\/uploads\/2025\/08\/TOMAMI-web@2x.png","contentUrl":"https:\/\/tomami.eu\/wp-content\/uploads\/2025\/08\/TOMAMI-web@2x.png","width":1440,"height":1440,"caption":"TOMAMI\u00ae \u2013 Damit w\u00fcrz was!"},"image":{"@id":"https:\/\/tomami.eu\/en\/#\/schema\/logo\/image\/"},"sameAs":["https:\/\/www.facebook.com\/tomami.eu\/","https:\/\/www.instagram.com\/tomami.eu\/","https:\/\/www.youtube.com\/user\/TOMAMIGmbH","https:\/\/www.tiktok.com\/@tomami_official","https:\/\/de.linkedin.com\/company\/tomami"]}]}},"_links":{"self":[{"href":"https:\/\/tomami.eu\/en\/wp-json\/wp\/v2\/pages\/6248","targetHints":{"allow":["GET"]}}],"collection":[{"href":"https:\/\/tomami.eu\/en\/wp-json\/wp\/v2\/pages"}],"about":[{"href":"https:\/\/tomami.eu\/en\/wp-json\/wp\/v2\/types\/page"}],"author":[{"embeddable":true,"href":"https:\/\/tomami.eu\/en\/wp-json\/wp\/v2\/users\/2130"}],"replies":[{"embeddable":true,"href":"https:\/\/tomami.eu\/en\/wp-json\/wp\/v2\/comments?post=6248"}],"version-history":[{"count":8,"href":"https:\/\/tomami.eu\/en\/wp-json\/wp\/v2\/pages\/6248\/revisions"}],"predecessor-version":[{"id":20941,"href":"https:\/\/tomami.eu\/en\/wp-json\/wp\/v2\/pages\/6248\/revisions\/20941"}],"wp:attachment":[{"href":"https:\/\/tomami.eu\/en\/wp-json\/wp\/v2\/media?parent=6248"}],"curies":[{"name":"wp","href":"https:\/\/api.w.org\/{rel}","templated":true}]}}