{"id":12355,"date":"2025-05-30T12:24:39","date_gmt":"2025-05-30T10:24:39","guid":{"rendered":"http:\/\/tomamishop.vist-test.de\/?post_type=product&#038;p=12355"},"modified":"2026-03-18T13:02:16","modified_gmt":"2026-03-18T12:02:16","slug":"tomami-santorin","status":"publish","type":"product","link":"https:\/\/tomami.eu\/de\/shop\/tomami-santorin\/","title":{"rendered":"TOMAMI Santorin"},"content":{"rendered":"\n<p class=\"has-large-font-size\">Du liebst die griechische K\u00fcche und m\u00f6chtest dir ein St\u00fcck davon nach Hause holen? <\/p>\n\n\n\n<p>Dann ist unsere W\u00fcrzsauce genau das Richtige f\u00fcr dich! Sie verleiht deinen Gerichten ein herrliches <strong>mediterranes Flair mit dem typischen Oregano-Aroma<\/strong>. Ob du nun Hackfleischgerichte w\u00fcrzt, Gefl\u00fcgel- und Gem\u00fcsekreationen verfeinerst, Ofen-Feta oder Grillgerichte glasierst &#8211; mit nur <strong>1-2 TL pro Portion<\/strong> zauberst du im Handumdrehen ein leckeres Essen.<\/p>\n\n\n\n<ul class=\"wp-block-list\">\n<li>Rein pflanzlich<\/li>\n\n\n\n<li>Oreganow\u00fcrziger Umami-Geschmack<\/li>\n\n\n\n<li>Mit&nbsp;TOMAMI No.1&nbsp;f\u00fcr vollmundigen, w\u00fcrzigen Geschmack<\/li>\n<\/ul>\n\n\n\n<p class=\"has-large-font-size\">TOMAMI Santorin enth\u00e4lt nur die besten Gew\u00fcrze aus der Gew\u00fcrzmanufaktur Altes Gew\u00fcrzamt in Klingenberg und TOMAMI No.1, das aus \u00fcber 1,5 kg Tomaten pro Flasche gewonnen wird und f\u00fcr einen vollmundigen, w\u00fcrzigen Geschmack sorgt.<\/p>\n\n\n\n<p>Die W\u00fcrzsauce ist <strong>rein pflanzlich<\/strong> \u2714\ufe0e, <strong>vegan<\/strong> \u2714\ufe0e, <strong>glutenfrei \u2714\ufe0e<\/strong> und <strong>ohne<\/strong> <strong>Geschmacksverst\u00e4rker<\/strong> \u2714\ufe0e. Sie wird handgemacht und abgef\u00fcllt in Deutschland.<\/p>\n\n\n\n<div class=\"wp-block-group alignfull animate-from-bottom has-global-padding is-layout-constrained wp-container-core-group-is-layout-95d0cd23 wp-block-group-is-layout-constrained\" style=\"padding-top:var(--wp--preset--spacing--40);padding-right:0px;padding-bottom:var(--wp--preset--spacing--40);padding-left:0px\">\n<p class=\"has-text-align-center has-huge-font-size\">Rezepte mit TOMAMI Santorin<\/p>\n\n\n\n<div class=\"wp-block-columns alignwide is-layout-flex wp-container-core-columns-is-layout-28f84493 wp-block-columns-is-layout-flex\">\n<div class=\"wp-block-column is-layout-flow wp-block-column-is-layout-flow\">\n<div class=\"wp-block-columns is-layout-flex wp-container-core-columns-is-layout-28f84493 wp-block-columns-is-layout-flex\">\n<div class=\"wp-block-column is-layout-flow wp-block-column-is-layout-flow\" style=\"padding-top:0;padding-bottom:0\">\n<figure class=\"wp-block-image size-full has-custom-border is-style-fuel-shadow-image\"><a href=\"https:\/\/tomami.eu\/de\/rezepte\/haehnchen-gyros\/\"><img loading=\"lazy\" decoding=\"async\" width=\"1240\" height=\"1653\" src=\"https:\/\/tomami.eu\/wp-content\/uploads\/2025\/07\/haehnchen-gyros.jpg\" alt=\"H\u00e4hnchen-Gyros\" class=\"wp-image-14333\" style=\"border-radius:12px\" title=\"H\u00e4hnchen-Gyros\" srcset=\"https:\/\/tomami.eu\/wp-content\/uploads\/2025\/07\/haehnchen-gyros.jpg 1240w, https:\/\/tomami.eu\/wp-content\/uploads\/2025\/07\/haehnchen-gyros-563x750.jpg 563w, https:\/\/tomami.eu\/wp-content\/uploads\/2025\/07\/haehnchen-gyros-844x1125.jpg 844w, https:\/\/tomami.eu\/wp-content\/uploads\/2025\/07\/haehnchen-gyros-768x1024.jpg 768w, https:\/\/tomami.eu\/wp-content\/uploads\/2025\/07\/haehnchen-gyros-1152x1536.jpg 1152w\" sizes=\"auto, (max-width: 1240px) 100vw, 1240px\" \/><\/a><figcaption class=\"wp-element-caption\">H\u00e4hnchen-Gyros<\/figcaption><\/figure>\n<\/div>\n\n\n\n<div class=\"wp-block-column is-layout-flow wp-block-column-is-layout-flow\" style=\"padding-top:0;padding-bottom:0\">\n<figure class=\"wp-block-image size-full has-custom-border is-style-fuel-shadow-image\"><a href=\"https:\/\/tomami.eu\/de\/rezepte\/souvlaki-spiesse-mit-tomami-santorin\/\"><img loading=\"lazy\" decoding=\"async\" width=\"1240\" height=\"1653\" src=\"https:\/\/tomami.eu\/wp-content\/uploads\/2025\/07\/souvlaki-spiesse.jpg\" alt=\"Souvlaki Spie\u00dfe\" class=\"wp-image-14332\" style=\"border-radius:12px\" title=\"Souvlaki Spie\u00dfe\" srcset=\"https:\/\/tomami.eu\/wp-content\/uploads\/2025\/07\/souvlaki-spiesse.jpg 1240w, https:\/\/tomami.eu\/wp-content\/uploads\/2025\/07\/souvlaki-spiesse-563x750.jpg 563w, https:\/\/tomami.eu\/wp-content\/uploads\/2025\/07\/souvlaki-spiesse-844x1125.jpg 844w, https:\/\/tomami.eu\/wp-content\/uploads\/2025\/07\/souvlaki-spiesse-768x1024.jpg 768w, https:\/\/tomami.eu\/wp-content\/uploads\/2025\/07\/souvlaki-spiesse-1152x1536.jpg 1152w\" sizes=\"auto, (max-width: 1240px) 100vw, 1240px\" \/><\/a><figcaption class=\"wp-element-caption\">Souvlaki Spie\u00dfe<\/figcaption><\/figure>\n<\/div>\n\n\n\n<div class=\"wp-block-column is-layout-flow wp-block-column-is-layout-flow\" style=\"padding-top:0\">\n<figure class=\"wp-block-image size-full has-custom-border is-style-fuel-shadow-image\"><a href=\"https:\/\/tomami.eu\/de\/rezepte\/frittierte-hackbaellchen\/\"><img loading=\"lazy\" decoding=\"async\" width=\"1240\" height=\"1653\" src=\"https:\/\/tomami.eu\/wp-content\/uploads\/2025\/07\/polpette_fritte_vicenzino.jpg\" alt=\"Frittierte Hackb\u00e4llchen\" class=\"wp-image-14331\" style=\"border-radius:12px\" title=\"Frittierte Hackb\u00e4llchen\" srcset=\"https:\/\/tomami.eu\/wp-content\/uploads\/2025\/07\/polpette_fritte_vicenzino.jpg 1240w, https:\/\/tomami.eu\/wp-content\/uploads\/2025\/07\/polpette_fritte_vicenzino-563x750.jpg 563w, https:\/\/tomami.eu\/wp-content\/uploads\/2025\/07\/polpette_fritte_vicenzino-844x1125.jpg 844w, https:\/\/tomami.eu\/wp-content\/uploads\/2025\/07\/polpette_fritte_vicenzino-768x1024.jpg 768w, https:\/\/tomami.eu\/wp-content\/uploads\/2025\/07\/polpette_fritte_vicenzino-1152x1536.jpg 1152w\" sizes=\"auto, (max-width: 1240px) 100vw, 1240px\" \/><\/a><figcaption class=\"wp-element-caption\">Frittierte Hackb\u00e4llchen<\/figcaption><\/figure>\n<\/div>\n\n\n\n<div class=\"wp-block-column is-layout-flow wp-block-column-is-layout-flow\" style=\"padding-top:0;padding-bottom:0\">\n<figure class=\"wp-block-image size-full has-custom-border is-style-fuel-shadow-image\"><a href=\"https:\/\/tomami.eu\/de\/rezepte\/lasagne-suppe-mit-tomami-santorin\/\"><img loading=\"lazy\" decoding=\"async\" width=\"1240\" height=\"1653\" src=\"https:\/\/tomami.eu\/wp-content\/uploads\/2025\/07\/lasagne-suppe.jpg\" alt=\"Lasagne Suppe\" class=\"wp-image-14334\" style=\"border-radius:12px\" title=\"Lasagne Suppe\" srcset=\"https:\/\/tomami.eu\/wp-content\/uploads\/2025\/07\/lasagne-suppe.jpg 1240w, https:\/\/tomami.eu\/wp-content\/uploads\/2025\/07\/lasagne-suppe-563x750.jpg 563w, https:\/\/tomami.eu\/wp-content\/uploads\/2025\/07\/lasagne-suppe-844x1125.jpg 844w, https:\/\/tomami.eu\/wp-content\/uploads\/2025\/07\/lasagne-suppe-768x1024.jpg 768w, https:\/\/tomami.eu\/wp-content\/uploads\/2025\/07\/lasagne-suppe-1152x1536.jpg 1152w\" sizes=\"auto, (max-width: 1240px) 100vw, 1240px\" \/><\/a><figcaption class=\"wp-element-caption\">Lasagne Suppe<\/figcaption><\/figure>\n<\/div>\n<\/div>\n<\/div>\n<\/div>\n\n\n\n<div class=\"wp-block-buttons is-content-justification-center is-layout-flex wp-container-core-buttons-is-layout-fe1bbffc wp-block-buttons-is-layout-flex\" style=\"padding-top:var(--wp--preset--spacing--30);padding-bottom:var(--wp--preset--spacing--30)\">\n<div class=\"wp-block-button\"><a class=\"wp-block-button__link wp-element-button\" href=\"https:\/\/tomami.eu\/de\/rezepte\/\">Entdecke noch weitere Rezepte<\/a><\/div>\n<\/div>\n<\/div>\n\n\n\n<p class=\"has-text-align-center has-large-font-size\" style=\"padding-right:20%;padding-left:20%\">Probiere jetzt <strong>TOMAMI Santorin<\/strong> und lass dich von dem griechischen Geschmackserlebnis begeistern!<\/p>\n\n\n\n<div class=\"wp-block-group has-global-padding is-layout-constrained wp-block-group-is-layout-constrained\" style=\"padding-top:var(--wp--preset--spacing--40);padding-bottom:var(--wp--preset--spacing--40)\">\n<p class=\"has-text-align-center has-huge-font-size\">FAQ<\/p>\n\n\n\n<div class=\"wp-block-group alignfull has-global-padding is-layout-constrained wp-container-core-group-is-layout-dedbb937 wp-block-group-is-layout-constrained\" style=\"padding-top:0;padding-right:0;padding-bottom:0;padding-left:0\">\n<div class=\"wp-block-group alignwide is-style-default has-secondary-background-color has-background has-global-padding is-layout-constrained wp-container-core-group-is-layout-23b1a4dc wp-block-group-is-layout-constrained\" style=\"padding-top:var(--wp--preset--spacing--30);padding-right:var(--wp--preset--spacing--30);padding-bottom:var(--wp--preset--spacing--30);padding-left:var(--wp--preset--spacing--30)\">\n<div class=\"wp-block-group alignfull faq has-global-padding is-layout-constrained wp-container-core-group-is-layout-88816f74 wp-block-group-is-layout-constrained\" style=\"padding-top:0px;padding-right:0px;padding-bottom:0px;padding-left:0px\">\n<div class=\"wp-block-group trigger is-style-default is-content-justification-space-between is-nowrap is-layout-flex wp-container-core-group-is-layout-48f8553a wp-block-group-is-layout-flex\" style=\"border-bottom-style:none;border-bottom-width:0px;padding-top:0;padding-right:0;padding-bottom:0;padding-left:0\">\n<h3 class=\"wp-block-heading\" style=\"font-style:normal;font-weight:400\">Wie dosiere ich TOMAMI richtig?<\/h3>\n\n\n\n<p class=\"has-large-font-size\">+<\/p>\n<\/div>\n\n\n\n<div class=\"wp-block-group content has-secondary-background-color has-background has-global-padding is-layout-constrained wp-container-core-group-is-layout-254f1302 wp-block-group-is-layout-constrained\" style=\"border-bottom-style:none;border-bottom-width:0px;padding-top:0;padding-right:0;padding-bottom:0;padding-left:0\">\n<p><strong>Wenig dazugeben<\/strong>, <strong>abschmecken<\/strong>, <strong>etwas mehr dazugeben<\/strong>, <strong>abschmecken<\/strong>\u2026 Ob ein Tropfen, ein Schuss oder mehr \u2013 <strong>du entscheidest<\/strong>, wie intensiv das S\u00fc\u00dfe-S\u00e4ure-Spiel an deinem Gaumen ausf\u00e4llt. Also einfach mutig sein und testen!<\/p>\n<\/div>\n\n\n\n<hr class=\"wp-block-separator has-text-color has-foreground-color has-alpha-channel-opacity has-foreground-background-color has-background\" style=\"margin-top:var(--wp--preset--spacing--30);margin-bottom:var(--wp--preset--spacing--30)\"\/>\n<\/div>\n\n\n\n<div class=\"wp-block-group alignfull faq has-global-padding is-layout-constrained wp-container-core-group-is-layout-88816f74 wp-block-group-is-layout-constrained\" style=\"padding-top:0px;padding-right:0px;padding-bottom:0px;padding-left:0px\">\n<div class=\"wp-block-group trigger is-style-default is-content-justification-space-between is-nowrap is-layout-flex wp-container-core-group-is-layout-48f8553a wp-block-group-is-layout-flex\" style=\"border-bottom-style:none;border-bottom-width:0px;padding-top:0;padding-right:0;padding-bottom:0;padding-left:0\">\n<h3 class=\"wp-block-heading\" style=\"font-style:normal;font-weight:400\">Wie bewahre ich TOMAMI auf?<\/h3>\n\n\n\n<p class=\"has-large-font-size\">+<\/p>\n<\/div>\n\n\n\n<div class=\"wp-block-group content has-secondary-background-color has-background has-global-padding is-layout-constrained wp-container-core-group-is-layout-254f1302 wp-block-group-is-layout-constrained\" style=\"border-bottom-style:none;border-bottom-width:0px;padding-top:0;padding-right:0;padding-bottom:0;padding-left:0\">\n<p><strong>Vor dem Anbruch<\/strong> bei <strong>Zimmertemperatur<\/strong>, <strong>nach dem \u00d6ffne<\/strong>n f\u00fchlt sich die TOMAMI Flasche im <strong>K\u00fchlschrank<\/strong> am wohlsten.<\/p>\n<\/div>\n\n\n\n<hr class=\"wp-block-separator has-text-color has-foreground-color has-alpha-channel-opacity has-foreground-background-color has-background\" style=\"margin-top:var(--wp--preset--spacing--30);margin-bottom:var(--wp--preset--spacing--30)\"\/>\n<\/div>\n\n\n\n<div class=\"wp-block-group alignfull faq has-global-padding is-layout-constrained wp-container-core-group-is-layout-88816f74 wp-block-group-is-layout-constrained\" style=\"padding-top:0px;padding-right:0px;padding-bottom:0px;padding-left:0px\">\n<div class=\"wp-block-group trigger is-style-default is-content-justification-space-between is-nowrap is-layout-flex wp-container-core-group-is-layout-48f8553a wp-block-group-is-layout-flex\" style=\"border-bottom-style:none;border-bottom-width:0px;padding-top:0;padding-right:0;padding-bottom:0;padding-left:0\">\n<h3 class=\"wp-block-heading\" style=\"font-style:normal;font-weight:400\">Wie lange sind die Produkte haltbar?<\/h3>\n\n\n\n<p class=\"has-large-font-size\">+<\/p>\n<\/div>\n\n\n\n<div class=\"wp-block-group content has-secondary-background-color has-background has-global-padding is-layout-constrained wp-container-core-group-is-layout-254f1302 wp-block-group-is-layout-constrained\" style=\"border-bottom-style:none;border-bottom-width:0px;padding-top:0;padding-right:0;padding-bottom:0;padding-left:0\">\n<p>Unge\u00f6ffnet sind unsere TOMAMIs bis zu<strong> 18 Monate haltbar<\/strong> \u2013 ab Produktion. Nach dem \u00d6ffnen am besten im K\u00fchlschrank aufbewahren und innerhalb von <strong>ca. 6 Monaten<\/strong> verbrauchen.<\/p>\n<\/div>\n\n\n\n<hr class=\"wp-block-separator has-text-color has-foreground-color has-alpha-channel-opacity has-foreground-background-color has-background\" style=\"margin-top:var(--wp--preset--spacing--30);margin-bottom:var(--wp--preset--spacing--30)\"\/>\n<\/div>\n<\/div>\n<\/div>\n<\/div>\n","protected":false},"excerpt":{"rendered":"<p>Reduzierung wegen kurzem MHD: 30.04.2026<\/p>\n<p>\u25cf Oreganow\u00fcrziger Umami-Geschmack <br \/>\u25cf Besonders lecker in Hackfleischgerichten, zu Gefl\u00fcgel und Gem\u00fcse <br \/>\u25cf Mit besten Gew\u00fcrzen <br \/>\u25cf 90 ml Flasche<\/p>\n","protected":false},"featured_media":13646,"comment_status":"closed","ping_status":"closed","template":"","meta":{"_symbion_is_product_set":""},"product_brand":[],"product_cat":[283,321],"product_tag":[],"class_list":{"0":"post-12355","1":"product","2":"type-product","3":"status-publish","4":"has-post-thumbnail","6":"product_cat-wuerzsaucen","7":"product_cat-sale","9":"first","10":"instock","11":"sale","12":"taxable","13":"shipping-taxable","14":"purchasable","15":"product-type-simple"},"yoast_head":"<!-- This site is optimized with the Yoast SEO plugin v26.6 - https:\/\/yoast.com\/wordpress\/plugins\/seo\/ -->\n<title>TOMAMI Santorin &#8226; TOMAMI \u2022 Damit w\u00fcrz was!<\/title>\n<meta name=\"description\" content=\"W\u00fcrzsauce \u2022 Oreganow\u00fcrziger Umami-Geschmack \u2022 Besonders lecker in Hackfleischgerichten, zu Gefl\u00fcgel und Gem\u00fcse \u2022 90 ml Flasche \ud83d\uded2 Hier kaufen\" \/>\n<meta name=\"robots\" content=\"index, follow, max-snippet:-1, max-image-preview:large, max-video-preview:-1\" \/>\n<link rel=\"canonical\" href=\"https:\/\/tomami.eu\/de\/shop\/tomami-santorin\/\" \/>\n<meta property=\"og:locale\" content=\"de_DE\" \/>\n<meta property=\"og:type\" content=\"article\" \/>\n<meta property=\"og:title\" content=\"TOMAMI Santorin &#8226; TOMAMI \u2022 Damit w\u00fcrz was!\" \/>\n<meta property=\"og:description\" content=\"W\u00fcrzsauce \u2022 Oreganow\u00fcrziger Umami-Geschmack \u2022 Besonders lecker in Hackfleischgerichten, zu Gefl\u00fcgel und Gem\u00fcse \u2022 90 ml Flasche \ud83d\uded2 Hier kaufen\" \/>\n<meta property=\"og:url\" content=\"https:\/\/tomami.eu\/de\/shop\/tomami-santorin\/\" \/>\n<meta property=\"og:site_name\" content=\"TOMAMI \u2022 Damit w\u00fcrz was!\" \/>\n<meta property=\"article:publisher\" content=\"https:\/\/www.facebook.com\/tomami.eu\/\" \/>\n<meta property=\"article:modified_time\" content=\"2026-03-18T12:02:16+00:00\" \/>\n<meta property=\"og:image\" content=\"https:\/\/tomami.eu\/wp-content\/uploads\/2025\/06\/p-tomami-santorin-90ml.jpg\" \/>\n\t<meta property=\"og:image:width\" content=\"1130\" \/>\n\t<meta property=\"og:image:height\" content=\"1240\" \/>\n\t<meta property=\"og:image:type\" content=\"image\/jpeg\" \/>\n<script type=\"application\/ld+json\" class=\"yoast-schema-graph\">{\"@context\":\"https:\/\/schema.org\",\"@graph\":[{\"@type\":\"WebPage\",\"@id\":\"https:\/\/tomami.eu\/de\/shop\/tomami-santorin\/\",\"url\":\"https:\/\/tomami.eu\/de\/shop\/tomami-santorin\/\",\"name\":\"TOMAMI Santorin &#8226; TOMAMI \u2022 Damit w\u00fcrz was!\",\"isPartOf\":{\"@id\":\"https:\/\/tomami.eu\/de\/#website\"},\"primaryImageOfPage\":{\"@id\":\"https:\/\/tomami.eu\/de\/shop\/tomami-santorin\/#primaryimage\"},\"image\":{\"@id\":\"https:\/\/tomami.eu\/de\/shop\/tomami-santorin\/#primaryimage\"},\"thumbnailUrl\":\"https:\/\/tomami.eu\/wp-content\/uploads\/2025\/06\/p-tomami-santorin-90ml.jpg\",\"datePublished\":\"2025-05-30T10:24:39+00:00\",\"dateModified\":\"2026-03-18T12:02:16+00:00\",\"description\":\"W\u00fcrzsauce \u2022 Oreganow\u00fcrziger Umami-Geschmack \u2022 Besonders lecker in Hackfleischgerichten, zu Gefl\u00fcgel und Gem\u00fcse \u2022 90 ml Flasche \ud83d\uded2 Hier kaufen\",\"breadcrumb\":{\"@id\":\"https:\/\/tomami.eu\/de\/shop\/tomami-santorin\/#breadcrumb\"},\"inLanguage\":\"de\",\"potentialAction\":[{\"@type\":\"ReadAction\",\"target\":[\"https:\/\/tomami.eu\/de\/shop\/tomami-santorin\/\"]}]},{\"@type\":\"ImageObject\",\"inLanguage\":\"de\",\"@id\":\"https:\/\/tomami.eu\/de\/shop\/tomami-santorin\/#primaryimage\",\"url\":\"https:\/\/tomami.eu\/wp-content\/uploads\/2025\/06\/p-tomami-santorin-90ml.jpg\",\"contentUrl\":\"https:\/\/tomami.eu\/wp-content\/uploads\/2025\/06\/p-tomami-santorin-90ml.jpg\",\"width\":1130,\"height\":1240,\"caption\":\"TOMAMI Santorin \u2022 90 ml \u2022 mit Zutaten\"},{\"@type\":\"BreadcrumbList\",\"@id\":\"https:\/\/tomami.eu\/de\/shop\/tomami-santorin\/#breadcrumb\",\"itemListElement\":[{\"@type\":\"ListItem\",\"position\":1,\"name\":\"Startseite\",\"item\":\"https:\/\/tomami.eu\/de\/\"},{\"@type\":\"ListItem\",\"position\":2,\"name\":\"Shop\",\"item\":\"https:\/\/tomami.eu\/de\/shop\/\"},{\"@type\":\"ListItem\",\"position\":3,\"name\":\"TOMAMI Santorin\"}]},{\"@type\":\"WebSite\",\"@id\":\"https:\/\/tomami.eu\/de\/#website\",\"url\":\"https:\/\/tomami.eu\/de\/\",\"name\":\"TOMAMI\u00ae \u2013 Damit w\u00fcrz was!\",\"description\":\"\",\"publisher\":{\"@id\":\"https:\/\/tomami.eu\/de\/#organization\"},\"potentialAction\":[{\"@type\":\"SearchAction\",\"target\":{\"@type\":\"EntryPoint\",\"urlTemplate\":\"https:\/\/tomami.eu\/de\/?s={search_term_string}\"},\"query-input\":{\"@type\":\"PropertyValueSpecification\",\"valueRequired\":true,\"valueName\":\"search_term_string\"}}],\"inLanguage\":\"de\"},{\"@type\":\"Organization\",\"@id\":\"https:\/\/tomami.eu\/de\/#organization\",\"name\":\"TOMAMI\u00ae \u2013 Damit w\u00fcrz was!\",\"url\":\"https:\/\/tomami.eu\/de\/\",\"logo\":{\"@type\":\"ImageObject\",\"inLanguage\":\"de\",\"@id\":\"https:\/\/tomami.eu\/de\/#\/schema\/logo\/image\/\",\"url\":\"https:\/\/tomami.eu\/wp-content\/uploads\/2025\/08\/TOMAMI-web@2x.png\",\"contentUrl\":\"https:\/\/tomami.eu\/wp-content\/uploads\/2025\/08\/TOMAMI-web@2x.png\",\"width\":1440,\"height\":1440,\"caption\":\"TOMAMI\u00ae \u2013 Damit w\u00fcrz was!\"},\"image\":{\"@id\":\"https:\/\/tomami.eu\/de\/#\/schema\/logo\/image\/\"},\"sameAs\":[\"https:\/\/www.facebook.com\/tomami.eu\/\",\"https:\/\/www.instagram.com\/tomami.eu\/\",\"https:\/\/www.youtube.com\/user\/TOMAMIGmbH\",\"https:\/\/www.tiktok.com\/@tomami_official\",\"https:\/\/de.linkedin.com\/company\/tomami\"]}]}<\/script>\n<!-- \/ Yoast SEO plugin. -->","yoast_head_json":{"title":"TOMAMI Santorin &#8226; TOMAMI \u2022 Damit w\u00fcrz was!","description":"W\u00fcrzsauce \u2022 Oreganow\u00fcrziger Umami-Geschmack \u2022 Besonders lecker in Hackfleischgerichten, zu Gefl\u00fcgel und Gem\u00fcse \u2022 90 ml Flasche \ud83d\uded2 Hier kaufen","robots":{"index":"index","follow":"follow","max-snippet":"max-snippet:-1","max-image-preview":"max-image-preview:large","max-video-preview":"max-video-preview:-1"},"canonical":"https:\/\/tomami.eu\/de\/shop\/tomami-santorin\/","og_locale":"de_DE","og_type":"article","og_title":"TOMAMI Santorin &#8226; TOMAMI \u2022 Damit w\u00fcrz was!","og_description":"W\u00fcrzsauce \u2022 Oreganow\u00fcrziger Umami-Geschmack \u2022 Besonders lecker in Hackfleischgerichten, zu Gefl\u00fcgel und Gem\u00fcse \u2022 90 ml Flasche \ud83d\uded2 Hier kaufen","og_url":"https:\/\/tomami.eu\/de\/shop\/tomami-santorin\/","og_site_name":"TOMAMI \u2022 Damit w\u00fcrz was!","article_publisher":"https:\/\/www.facebook.com\/tomami.eu\/","article_modified_time":"2026-03-18T12:02:16+00:00","og_image":[{"width":1130,"height":1240,"url":"https:\/\/tomami.eu\/wp-content\/uploads\/2025\/06\/p-tomami-santorin-90ml.jpg","type":"image\/jpeg"}],"schema":{"@context":"https:\/\/schema.org","@graph":[{"@type":"WebPage","@id":"https:\/\/tomami.eu\/de\/shop\/tomami-santorin\/","url":"https:\/\/tomami.eu\/de\/shop\/tomami-santorin\/","name":"TOMAMI Santorin &#8226; TOMAMI \u2022 Damit w\u00fcrz was!","isPartOf":{"@id":"https:\/\/tomami.eu\/de\/#website"},"primaryImageOfPage":{"@id":"https:\/\/tomami.eu\/de\/shop\/tomami-santorin\/#primaryimage"},"image":{"@id":"https:\/\/tomami.eu\/de\/shop\/tomami-santorin\/#primaryimage"},"thumbnailUrl":"https:\/\/tomami.eu\/wp-content\/uploads\/2025\/06\/p-tomami-santorin-90ml.jpg","datePublished":"2025-05-30T10:24:39+00:00","dateModified":"2026-03-18T12:02:16+00:00","description":"W\u00fcrzsauce \u2022 Oreganow\u00fcrziger Umami-Geschmack \u2022 Besonders lecker in Hackfleischgerichten, zu Gefl\u00fcgel und Gem\u00fcse \u2022 90 ml Flasche \ud83d\uded2 Hier kaufen","breadcrumb":{"@id":"https:\/\/tomami.eu\/de\/shop\/tomami-santorin\/#breadcrumb"},"inLanguage":"de","potentialAction":[{"@type":"ReadAction","target":["https:\/\/tomami.eu\/de\/shop\/tomami-santorin\/"]}]},{"@type":"ImageObject","inLanguage":"de","@id":"https:\/\/tomami.eu\/de\/shop\/tomami-santorin\/#primaryimage","url":"https:\/\/tomami.eu\/wp-content\/uploads\/2025\/06\/p-tomami-santorin-90ml.jpg","contentUrl":"https:\/\/tomami.eu\/wp-content\/uploads\/2025\/06\/p-tomami-santorin-90ml.jpg","width":1130,"height":1240,"caption":"TOMAMI Santorin \u2022 90 ml \u2022 mit Zutaten"},{"@type":"BreadcrumbList","@id":"https:\/\/tomami.eu\/de\/shop\/tomami-santorin\/#breadcrumb","itemListElement":[{"@type":"ListItem","position":1,"name":"Startseite","item":"https:\/\/tomami.eu\/de\/"},{"@type":"ListItem","position":2,"name":"Shop","item":"https:\/\/tomami.eu\/de\/shop\/"},{"@type":"ListItem","position":3,"name":"TOMAMI Santorin"}]},{"@type":"WebSite","@id":"https:\/\/tomami.eu\/de\/#website","url":"https:\/\/tomami.eu\/de\/","name":"TOMAMI\u00ae \u2013 Damit w\u00fcrz was!","description":"","publisher":{"@id":"https:\/\/tomami.eu\/de\/#organization"},"potentialAction":[{"@type":"SearchAction","target":{"@type":"EntryPoint","urlTemplate":"https:\/\/tomami.eu\/de\/?s={search_term_string}"},"query-input":{"@type":"PropertyValueSpecification","valueRequired":true,"valueName":"search_term_string"}}],"inLanguage":"de"},{"@type":"Organization","@id":"https:\/\/tomami.eu\/de\/#organization","name":"TOMAMI\u00ae \u2013 Damit w\u00fcrz was!","url":"https:\/\/tomami.eu\/de\/","logo":{"@type":"ImageObject","inLanguage":"de","@id":"https:\/\/tomami.eu\/de\/#\/schema\/logo\/image\/","url":"https:\/\/tomami.eu\/wp-content\/uploads\/2025\/08\/TOMAMI-web@2x.png","contentUrl":"https:\/\/tomami.eu\/wp-content\/uploads\/2025\/08\/TOMAMI-web@2x.png","width":1440,"height":1440,"caption":"TOMAMI\u00ae \u2013 Damit w\u00fcrz was!"},"image":{"@id":"https:\/\/tomami.eu\/de\/#\/schema\/logo\/image\/"},"sameAs":["https:\/\/www.facebook.com\/tomami.eu\/","https:\/\/www.instagram.com\/tomami.eu\/","https:\/\/www.youtube.com\/user\/TOMAMIGmbH","https:\/\/www.tiktok.com\/@tomami_official","https:\/\/de.linkedin.com\/company\/tomami"]}]}},"symbion_is_set":false,"_links":{"self":[{"href":"https:\/\/tomami.eu\/de\/wp-json\/wp\/v2\/product\/12355","targetHints":{"allow":["GET"]}}],"collection":[{"href":"https:\/\/tomami.eu\/de\/wp-json\/wp\/v2\/product"}],"about":[{"href":"https:\/\/tomami.eu\/de\/wp-json\/wp\/v2\/types\/product"}],"replies":[{"embeddable":true,"href":"https:\/\/tomami.eu\/de\/wp-json\/wp\/v2\/comments?post=12355"}],"wp:featuredmedia":[{"embeddable":true,"href":"https:\/\/tomami.eu\/de\/wp-json\/wp\/v2\/media\/13646"}],"wp:attachment":[{"href":"https:\/\/tomami.eu\/de\/wp-json\/wp\/v2\/media?parent=12355"}],"wp:term":[{"taxonomy":"product_brand","embeddable":true,"href":"https:\/\/tomami.eu\/de\/wp-json\/wp\/v2\/product_brand?post=12355"},{"taxonomy":"product_cat","embeddable":true,"href":"https:\/\/tomami.eu\/de\/wp-json\/wp\/v2\/product_cat?post=12355"},{"taxonomy":"product_tag","embeddable":true,"href":"https:\/\/tomami.eu\/de\/wp-json\/wp\/v2\/product_tag?post=12355"}],"curies":[{"name":"wp","href":"https:\/\/api.w.org\/{rel}","templated":true}]}}