{"id":12343,"date":"2025-05-30T12:24:33","date_gmt":"2025-05-30T10:24:33","guid":{"rendered":"http:\/\/tomamishop.vist-test.de\/?post_type=product&#038;p=12343"},"modified":"2026-03-19T10:55:18","modified_gmt":"2026-03-19T09:55:18","slug":"tomami-bayern","status":"publish","type":"product","link":"https:\/\/tomami.eu\/de\/shop\/tomami-bayern\/","title":{"rendered":"TOMAMI Bayern"},"content":{"rendered":"\n<p class=\"has-large-font-size\">Du magst herzhaft deftige Gerichte? Dann ist TOMAMI Bayern genau richtig f\u00fcr dich! <\/p>\n\n\n\n<p>Denn mit seiner <strong>intensiven aromatischen Note<\/strong> peppt unsere W\u00fcrzsauce jede Fleisch- oder pflanzliche Bratensauce auf. Auch Br\u00fchen, Suppen oder Eint\u00f6pfe werden damit <strong>herzhaft verfeinert<\/strong>.<\/p>\n\n\n\n<p class=\"has-large-font-size\">TOMAMI Bayern enth\u00e4lt nur die besten Gew\u00fcrze aus der Gew\u00fcrzmanufaktur Altes Gew\u00fcrzamt in Klingenberg und TOMAMI No.1, das aus \u00fcber 1,5 kg Tomaten pro Flasche gewonnen wird und f\u00fcr einen vollmundigen, w\u00fcrzigen Geschmack sorgt.<\/p>\n\n\n\n<p>Die W\u00fcrzsauce ist <strong>rein pflanzlich<\/strong> \u2714\ufe0e, <strong>vegan<\/strong> \u2714\ufe0e, <strong>glutenfrei<\/strong> \u2714\ufe0e und <strong>ohne Geschmacksverst\u00e4rker<\/strong> \u2714\ufe0e. Sie wird handgemacht und abgef\u00fcllt in Deutschland.<\/p>\n\n\n\n<p class=\"has-tiny-font-size\">Es gab einen Namenswechsel. Aus TOMAMI Vegami wurde TOMAMI Bayern!<\/p>\n\n\n\n<p><span style=\"text-decoration: underline;\">Anwendung:<\/span><\/p>\n\n\n\n<ul class=\"wp-block-list\">\n<li>F\u00fcr Fleisch-Bratensaucen: 1-2 EL in die Bratensauce geben<\/li>\n\n\n\n<li>Als Basis f\u00fcr vegane Bratensauce: 2 EL auf 200 ml Pflanzen-Cuisine<\/li>\n\n\n\n<li>Als Basis f\u00fcr Br\u00fchen und Suppen: 1-2 EL auf 100 ml Wasser<\/li>\n\n\n\n<li>F\u00fcr Eint\u00f6pfe: 1-2 TL pro Portion<\/li>\n<\/ul>\n\n\n\n<div class=\"wp-block-group alignfull animate-from-bottom has-global-padding is-layout-constrained wp-container-core-group-is-layout-95d0cd23 wp-block-group-is-layout-constrained\" style=\"padding-top:var(--wp--preset--spacing--40);padding-right:0px;padding-bottom:var(--wp--preset--spacing--40);padding-left:0px\">\n<p class=\"has-text-align-center has-huge-font-size\">Rezepte mit TOMAMI Bayern<\/p>\n\n\n\n<div class=\"wp-block-columns alignwide is-layout-flex wp-container-core-columns-is-layout-28f84493 wp-block-columns-is-layout-flex\">\n<div class=\"wp-block-column is-layout-flow wp-block-column-is-layout-flow\">\n<div class=\"wp-block-columns is-layout-flex wp-container-core-columns-is-layout-28f84493 wp-block-columns-is-layout-flex\">\n<div class=\"wp-block-column is-layout-flow wp-block-column-is-layout-flow\" style=\"padding-top:0;padding-bottom:0\">\n<figure class=\"wp-block-image size-full has-custom-border is-style-fuel-shadow-image\"><a href=\"https:\/\/tomami.eu\/de\/rezepte\/vegami-zwiebelsauce-zu-gemuese-schaschlik\/\"><img loading=\"lazy\" decoding=\"async\" width=\"1138\" height=\"1707\" src=\"https:\/\/tomami.eu\/wp-content\/uploads\/2022\/04\/zwiebelsauce-schaschlickspiesse-stevan-paul-tomami-1.jpg\" alt=\"Bayern-Zwiebelsauce zu Gem\u00fcse-Schaschlik\" class=\"wp-image-6017\" style=\"border-radius:12px\" title=\"Bayern-Zwiebelsauce zu Gem\u00fcse-Schaschlik\" srcset=\"https:\/\/tomami.eu\/wp-content\/uploads\/2022\/04\/zwiebelsauce-schaschlickspiesse-stevan-paul-tomami-1.jpg 1138w, https:\/\/tomami.eu\/wp-content\/uploads\/2022\/04\/zwiebelsauce-schaschlickspiesse-stevan-paul-tomami-1-500x750.jpg 500w, https:\/\/tomami.eu\/wp-content\/uploads\/2022\/04\/zwiebelsauce-schaschlickspiesse-stevan-paul-tomami-1-750x1125.jpg 750w, https:\/\/tomami.eu\/wp-content\/uploads\/2022\/04\/zwiebelsauce-schaschlickspiesse-stevan-paul-tomami-1-768x1152.jpg 768w, https:\/\/tomami.eu\/wp-content\/uploads\/2022\/04\/zwiebelsauce-schaschlickspiesse-stevan-paul-tomami-1-1024x1536.jpg 1024w\" sizes=\"auto, (max-width: 1138px) 100vw, 1138px\" \/><\/a><figcaption class=\"wp-element-caption\">Bayern-Zwiebelsauce zu Gem\u00fcse-Schaschlik<\/figcaption><\/figure>\n<\/div>\n\n\n\n<div class=\"wp-block-column is-layout-flow wp-block-column-is-layout-flow\" style=\"padding-top:0;padding-bottom:0\">\n<figure class=\"wp-block-image size-full has-custom-border is-style-fuel-shadow-image\"><a href=\"https:\/\/tomami.eu\/de\/rezepte\/lammeintopf-mit-reis-und-auberginen\/\"><img loading=\"lazy\" decoding=\"async\" width=\"853\" height=\"1280\" src=\"https:\/\/tomami.eu\/wp-content\/uploads\/2022\/04\/rezept-one-pot-lamm-tomami-1.jpg\" alt=\"Lammeintopf mit Reis und Auberginen\" class=\"wp-image-6179\" style=\"border-radius:12px\" title=\"Lammeintopf mit Reis und Auberginen\" srcset=\"https:\/\/tomami.eu\/wp-content\/uploads\/2022\/04\/rezept-one-pot-lamm-tomami-1.jpg 853w, https:\/\/tomami.eu\/wp-content\/uploads\/2022\/04\/rezept-one-pot-lamm-tomami-1-500x750.jpg 500w, https:\/\/tomami.eu\/wp-content\/uploads\/2022\/04\/rezept-one-pot-lamm-tomami-1-750x1125.jpg 750w, https:\/\/tomami.eu\/wp-content\/uploads\/2022\/04\/rezept-one-pot-lamm-tomami-1-768x1152.jpg 768w\" sizes=\"auto, (max-width: 853px) 100vw, 853px\" \/><\/a><figcaption class=\"wp-element-caption\">Lammeintopf mit Reis und Auberginen<\/figcaption><\/figure>\n<\/div>\n\n\n\n<div class=\"wp-block-column is-layout-flow wp-block-column-is-layout-flow\" style=\"padding-top:0\">\n<figure class=\"wp-block-image size-full has-custom-border is-style-fuel-shadow-image\"><a href=\"https:\/\/tomami.eu\/de\/rezepte\/roastbeef-an-rotweinsauce-mit-cardy-gratin\/\"><img loading=\"lazy\" decoding=\"async\" width=\"853\" height=\"1280\" src=\"https:\/\/tomami.eu\/wp-content\/uploads\/2022\/04\/rezept-roastbeef-cardy-tomami-1.jpg\" alt=\"Roastbeef an Rotweinsauce mit Cardy-Gratin\" class=\"wp-image-6224\" style=\"border-radius:12px\" title=\"Roastbeef an Rotweinsauce mit Cardy-Gratin\" srcset=\"https:\/\/tomami.eu\/wp-content\/uploads\/2022\/04\/rezept-roastbeef-cardy-tomami-1.jpg 853w, https:\/\/tomami.eu\/wp-content\/uploads\/2022\/04\/rezept-roastbeef-cardy-tomami-1-500x750.jpg 500w, https:\/\/tomami.eu\/wp-content\/uploads\/2022\/04\/rezept-roastbeef-cardy-tomami-1-750x1125.jpg 750w, https:\/\/tomami.eu\/wp-content\/uploads\/2022\/04\/rezept-roastbeef-cardy-tomami-1-768x1152.jpg 768w\" sizes=\"auto, (max-width: 853px) 100vw, 853px\" \/><\/a><figcaption class=\"wp-element-caption\">Roastbeef an Rotweinsauce mit Cardy-Gratin<\/figcaption><\/figure>\n<\/div>\n\n\n\n<div class=\"wp-block-column is-layout-flow wp-block-column-is-layout-flow\" style=\"padding-top:0;padding-bottom:0\">\n<figure class=\"wp-block-image size-full has-custom-border is-style-fuel-shadow-image\"><a href=\"https:\/\/tomami.eu\/de\/rezepte\/vegetarische-bratensauce\/\"><img loading=\"lazy\" decoding=\"async\" width=\"853\" height=\"1280\" src=\"https:\/\/tomami.eu\/wp-content\/uploads\/2022\/04\/rezept-vegami-bratensauce-tomami.jpg\" alt=\"Vegetarische Bratensauce\" class=\"wp-image-5214\" style=\"border-radius:12px\" title=\"Vegetarische Bratensauce\" srcset=\"https:\/\/tomami.eu\/wp-content\/uploads\/2022\/04\/rezept-vegami-bratensauce-tomami.jpg 853w, https:\/\/tomami.eu\/wp-content\/uploads\/2022\/04\/rezept-vegami-bratensauce-tomami-500x750.jpg 500w, https:\/\/tomami.eu\/wp-content\/uploads\/2022\/04\/rezept-vegami-bratensauce-tomami-750x1125.jpg 750w, https:\/\/tomami.eu\/wp-content\/uploads\/2022\/04\/rezept-vegami-bratensauce-tomami-768x1152.jpg 768w\" sizes=\"auto, (max-width: 853px) 100vw, 853px\" \/><\/a><figcaption class=\"wp-element-caption\">Vegetarische Bratensauce<\/figcaption><\/figure>\n<\/div>\n<\/div>\n<\/div>\n<\/div>\n\n\n\n<div class=\"wp-block-buttons is-content-justification-center is-layout-flex wp-container-core-buttons-is-layout-fe1bbffc wp-block-buttons-is-layout-flex\" style=\"padding-top:var(--wp--preset--spacing--30);padding-bottom:var(--wp--preset--spacing--30)\">\n<div class=\"wp-block-button\"><a class=\"wp-block-button__link wp-element-button\" href=\"https:\/\/tomami.eu\/de\/rezepte\/\">Entdecke noch weitere Rezepte<\/a><\/div>\n<\/div>\n<\/div>\n\n\n\n<p class=\"has-text-align-center has-large-font-size\" style=\"padding-right:20%;padding-left:20%\">Probiere es aus und lasse dich von dem herzhaften Geschmack von <strong>TOMAMI Bayern<\/strong> \u00fcberraschen!<\/p>\n\n\n\n<div class=\"wp-block-group has-global-padding is-layout-constrained wp-block-group-is-layout-constrained\" style=\"padding-top:var(--wp--preset--spacing--40);padding-bottom:var(--wp--preset--spacing--40)\">\n<p class=\"has-text-align-center has-huge-font-size\">FAQ<\/p>\n\n\n\n<div class=\"wp-block-group alignfull has-global-padding is-layout-constrained wp-container-core-group-is-layout-dedbb937 wp-block-group-is-layout-constrained\" style=\"padding-top:0;padding-right:0;padding-bottom:0;padding-left:0\">\n<div class=\"wp-block-group alignwide is-style-default has-secondary-background-color has-background has-global-padding is-layout-constrained wp-container-core-group-is-layout-23b1a4dc wp-block-group-is-layout-constrained\" style=\"padding-top:var(--wp--preset--spacing--30);padding-right:var(--wp--preset--spacing--30);padding-bottom:var(--wp--preset--spacing--30);padding-left:var(--wp--preset--spacing--30)\">\n<div class=\"wp-block-group alignfull faq has-global-padding is-layout-constrained wp-container-core-group-is-layout-88816f74 wp-block-group-is-layout-constrained\" style=\"padding-top:0px;padding-right:0px;padding-bottom:0px;padding-left:0px\">\n<div class=\"wp-block-group trigger is-style-default is-content-justification-space-between is-nowrap is-layout-flex wp-container-core-group-is-layout-48f8553a wp-block-group-is-layout-flex\" style=\"border-bottom-style:none;border-bottom-width:0px;padding-top:0;padding-right:0;padding-bottom:0;padding-left:0\">\n<h3 class=\"wp-block-heading\" style=\"font-style:normal;font-weight:400\">Wie dosiere ich TOMAMI richtig?<\/h3>\n\n\n\n<p class=\"has-large-font-size\">+<\/p>\n<\/div>\n\n\n\n<div class=\"wp-block-group content has-secondary-background-color has-background has-global-padding is-layout-constrained wp-container-core-group-is-layout-254f1302 wp-block-group-is-layout-constrained\" style=\"border-bottom-style:none;border-bottom-width:0px;padding-top:0;padding-right:0;padding-bottom:0;padding-left:0\">\n<p><strong>Wenig dazugeben<\/strong>, <strong>abschmecken<\/strong>, <strong>etwas mehr dazugeben<\/strong>, <strong>abschmecken<\/strong>\u2026 Ob ein Tropfen, ein Schuss oder mehr \u2013 <strong>du entscheidest<\/strong>, wie intensiv das S\u00fc\u00dfe-S\u00e4ure-Spiel an deinem Gaumen ausf\u00e4llt. Also einfach mutig sein und testen!<\/p>\n<\/div>\n\n\n\n<hr class=\"wp-block-separator has-text-color has-foreground-color has-alpha-channel-opacity has-foreground-background-color has-background\" style=\"margin-top:var(--wp--preset--spacing--30);margin-bottom:var(--wp--preset--spacing--30)\"\/>\n<\/div>\n\n\n\n<div class=\"wp-block-group alignfull faq has-global-padding is-layout-constrained wp-container-core-group-is-layout-88816f74 wp-block-group-is-layout-constrained\" style=\"padding-top:0px;padding-right:0px;padding-bottom:0px;padding-left:0px\">\n<div class=\"wp-block-group trigger is-style-default is-content-justification-space-between is-nowrap is-layout-flex wp-container-core-group-is-layout-48f8553a wp-block-group-is-layout-flex\" style=\"border-bottom-style:none;border-bottom-width:0px;padding-top:0;padding-right:0;padding-bottom:0;padding-left:0\">\n<h3 class=\"wp-block-heading\" style=\"font-style:normal;font-weight:400\">Wie bewahre ich TOMAMI auf?<\/h3>\n\n\n\n<p class=\"has-large-font-size\">+<\/p>\n<\/div>\n\n\n\n<div class=\"wp-block-group content has-secondary-background-color has-background has-global-padding is-layout-constrained wp-container-core-group-is-layout-254f1302 wp-block-group-is-layout-constrained\" style=\"border-bottom-style:none;border-bottom-width:0px;padding-top:0;padding-right:0;padding-bottom:0;padding-left:0\">\n<p><strong>Vor dem Anbruch<\/strong> bei <strong>Zimmertemperatur<\/strong>, <strong>nach dem \u00d6ffne<\/strong>n f\u00fchlt sich die TOMAMI Flasche im <strong>K\u00fchlschrank<\/strong> am wohlsten.<\/p>\n<\/div>\n\n\n\n<hr class=\"wp-block-separator has-text-color has-foreground-color has-alpha-channel-opacity has-foreground-background-color has-background\" style=\"margin-top:var(--wp--preset--spacing--30);margin-bottom:var(--wp--preset--spacing--30)\"\/>\n<\/div>\n\n\n\n<div class=\"wp-block-group alignfull faq has-global-padding is-layout-constrained wp-container-core-group-is-layout-88816f74 wp-block-group-is-layout-constrained\" style=\"padding-top:0px;padding-right:0px;padding-bottom:0px;padding-left:0px\">\n<div class=\"wp-block-group trigger is-style-default is-content-justification-space-between is-nowrap is-layout-flex wp-container-core-group-is-layout-48f8553a wp-block-group-is-layout-flex\" style=\"border-bottom-style:none;border-bottom-width:0px;padding-top:0;padding-right:0;padding-bottom:0;padding-left:0\">\n<h3 class=\"wp-block-heading\" style=\"font-style:normal;font-weight:400\">Wie lange sind die Produkte haltbar?<\/h3>\n\n\n\n<p class=\"has-large-font-size\">+<\/p>\n<\/div>\n\n\n\n<div class=\"wp-block-group content has-secondary-background-color has-background has-global-padding is-layout-constrained wp-container-core-group-is-layout-254f1302 wp-block-group-is-layout-constrained\" style=\"border-bottom-style:none;border-bottom-width:0px;padding-top:0;padding-right:0;padding-bottom:0;padding-left:0\">\n<p>Unge\u00f6ffnet sind unsere TOMAMIs bis zu<strong> 18 Monate haltbar<\/strong> \u2013 ab Produktion. Nach dem \u00d6ffnen am besten im K\u00fchlschrank aufbewahren und innerhalb von <strong>ca. 6 Monaten<\/strong> verbrauchen.<\/p>\n<\/div>\n\n\n\n<hr class=\"wp-block-separator has-text-color has-foreground-color has-alpha-channel-opacity has-foreground-background-color has-background\" style=\"margin-top:var(--wp--preset--spacing--30);margin-bottom:var(--wp--preset--spacing--30)\"\/>\n<\/div>\n<\/div>\n<\/div>\n<\/div>\n","protected":false},"excerpt":{"rendered":"<p>Reduzierung wegen kurzem MHD: 31.07.2026<\/p>\n<p>\u25cf Intensive aromatische Note <br \/>\u25cf Mit besten Gew\u00fcrzen <br \/>\u25cf Perfekt f\u00fcr Fleisch- oder vegane Bratensaucen, f\u00fcr Br\u00fchen, Suppen, Eint\u00f6pfe <br \/>\u25cf 90 ml Flasche<\/p>\n","protected":false},"featured_media":13651,"comment_status":"closed","ping_status":"closed","template":"","meta":{"_symbion_is_product_set":""},"product_brand":[],"product_cat":[283,321],"product_tag":[],"class_list":{"0":"post-12343","1":"product","2":"type-product","3":"status-publish","4":"has-post-thumbnail","6":"product_cat-wuerzsaucen","7":"product_cat-sale","9":"first","10":"instock","11":"sale","12":"taxable","13":"shipping-taxable","14":"purchasable","15":"product-type-simple"},"yoast_head":"<!-- This site is optimized with the Yoast SEO plugin v26.6 - https:\/\/yoast.com\/wordpress\/plugins\/seo\/ -->\n<title>TOMAMI Bayern &#8226; TOMAMI \u2022 Damit w\u00fcrz was!<\/title>\n<meta name=\"description\" content=\"W\u00fcrzsauce \u2022 Intensive aromatische Note \u2022 Perfekt f\u00fcr Fleisch- oder vegane Bratensaucen, f\u00fcr Br\u00fchen, Suppen, Eint\u00f6pfe \u2022 90 ml Flasche \ud83d\uded2 Hier kaufen\" \/>\n<meta name=\"robots\" content=\"index, follow, max-snippet:-1, max-image-preview:large, max-video-preview:-1\" \/>\n<link rel=\"canonical\" href=\"https:\/\/tomami.eu\/de\/shop\/tomami-bayern\/\" \/>\n<meta property=\"og:locale\" content=\"de_DE\" \/>\n<meta property=\"og:type\" content=\"article\" \/>\n<meta property=\"og:title\" content=\"TOMAMI Bayern &#8226; TOMAMI \u2022 Damit w\u00fcrz was!\" \/>\n<meta property=\"og:description\" content=\"W\u00fcrzsauce \u2022 Intensive aromatische Note \u2022 Perfekt f\u00fcr Fleisch- oder vegane Bratensaucen, f\u00fcr Br\u00fchen, Suppen, Eint\u00f6pfe \u2022 90 ml Flasche \ud83d\uded2 Hier kaufen\" \/>\n<meta property=\"og:url\" content=\"https:\/\/tomami.eu\/de\/shop\/tomami-bayern\/\" \/>\n<meta property=\"og:site_name\" content=\"TOMAMI \u2022 Damit w\u00fcrz was!\" \/>\n<meta property=\"article:publisher\" content=\"https:\/\/www.facebook.com\/tomami.eu\/\" \/>\n<meta property=\"article:modified_time\" content=\"2026-03-19T09:55:18+00:00\" \/>\n<meta property=\"og:image\" content=\"https:\/\/tomami.eu\/wp-content\/uploads\/2025\/05\/p-tomami-bayern-90ml.jpg\" \/>\n\t<meta property=\"og:image:width\" content=\"1130\" \/>\n\t<meta property=\"og:image:height\" content=\"1240\" \/>\n\t<meta property=\"og:image:type\" content=\"image\/jpeg\" \/>\n<script type=\"application\/ld+json\" class=\"yoast-schema-graph\">{\"@context\":\"https:\/\/schema.org\",\"@graph\":[{\"@type\":\"WebPage\",\"@id\":\"https:\/\/tomami.eu\/de\/shop\/tomami-bayern\/\",\"url\":\"https:\/\/tomami.eu\/de\/shop\/tomami-bayern\/\",\"name\":\"TOMAMI Bayern &#8226; TOMAMI \u2022 Damit w\u00fcrz was!\",\"isPartOf\":{\"@id\":\"https:\/\/tomami.eu\/de\/#website\"},\"primaryImageOfPage\":{\"@id\":\"https:\/\/tomami.eu\/de\/shop\/tomami-bayern\/#primaryimage\"},\"image\":{\"@id\":\"https:\/\/tomami.eu\/de\/shop\/tomami-bayern\/#primaryimage\"},\"thumbnailUrl\":\"https:\/\/tomami.eu\/wp-content\/uploads\/2025\/05\/p-tomami-bayern-90ml.jpg\",\"datePublished\":\"2025-05-30T10:24:33+00:00\",\"dateModified\":\"2026-03-19T09:55:18+00:00\",\"description\":\"W\u00fcrzsauce \u2022 Intensive aromatische Note \u2022 Perfekt f\u00fcr Fleisch- oder vegane Bratensaucen, f\u00fcr Br\u00fchen, Suppen, Eint\u00f6pfe \u2022 90 ml Flasche \ud83d\uded2 Hier kaufen\",\"breadcrumb\":{\"@id\":\"https:\/\/tomami.eu\/de\/shop\/tomami-bayern\/#breadcrumb\"},\"inLanguage\":\"de\",\"potentialAction\":[{\"@type\":\"ReadAction\",\"target\":[\"https:\/\/tomami.eu\/de\/shop\/tomami-bayern\/\"]}]},{\"@type\":\"ImageObject\",\"inLanguage\":\"de\",\"@id\":\"https:\/\/tomami.eu\/de\/shop\/tomami-bayern\/#primaryimage\",\"url\":\"https:\/\/tomami.eu\/wp-content\/uploads\/2025\/05\/p-tomami-bayern-90ml.jpg\",\"contentUrl\":\"https:\/\/tomami.eu\/wp-content\/uploads\/2025\/05\/p-tomami-bayern-90ml.jpg\",\"width\":1130,\"height\":1240,\"caption\":\"TOMAMI Bayern \u2022 90 ml \u2022 mit Zutaten\"},{\"@type\":\"BreadcrumbList\",\"@id\":\"https:\/\/tomami.eu\/de\/shop\/tomami-bayern\/#breadcrumb\",\"itemListElement\":[{\"@type\":\"ListItem\",\"position\":1,\"name\":\"Startseite\",\"item\":\"https:\/\/tomami.eu\/de\/\"},{\"@type\":\"ListItem\",\"position\":2,\"name\":\"Shop\",\"item\":\"https:\/\/tomami.eu\/de\/shop\/\"},{\"@type\":\"ListItem\",\"position\":3,\"name\":\"TOMAMI Bayern\"}]},{\"@type\":\"WebSite\",\"@id\":\"https:\/\/tomami.eu\/de\/#website\",\"url\":\"https:\/\/tomami.eu\/de\/\",\"name\":\"TOMAMI\u00ae \u2013 Damit w\u00fcrz was!\",\"description\":\"\",\"publisher\":{\"@id\":\"https:\/\/tomami.eu\/de\/#organization\"},\"potentialAction\":[{\"@type\":\"SearchAction\",\"target\":{\"@type\":\"EntryPoint\",\"urlTemplate\":\"https:\/\/tomami.eu\/de\/?s={search_term_string}\"},\"query-input\":{\"@type\":\"PropertyValueSpecification\",\"valueRequired\":true,\"valueName\":\"search_term_string\"}}],\"inLanguage\":\"de\"},{\"@type\":\"Organization\",\"@id\":\"https:\/\/tomami.eu\/de\/#organization\",\"name\":\"TOMAMI\u00ae \u2013 Damit w\u00fcrz was!\",\"url\":\"https:\/\/tomami.eu\/de\/\",\"logo\":{\"@type\":\"ImageObject\",\"inLanguage\":\"de\",\"@id\":\"https:\/\/tomami.eu\/de\/#\/schema\/logo\/image\/\",\"url\":\"https:\/\/tomami.eu\/wp-content\/uploads\/2025\/08\/TOMAMI-web@2x.png\",\"contentUrl\":\"https:\/\/tomami.eu\/wp-content\/uploads\/2025\/08\/TOMAMI-web@2x.png\",\"width\":1440,\"height\":1440,\"caption\":\"TOMAMI\u00ae \u2013 Damit w\u00fcrz was!\"},\"image\":{\"@id\":\"https:\/\/tomami.eu\/de\/#\/schema\/logo\/image\/\"},\"sameAs\":[\"https:\/\/www.facebook.com\/tomami.eu\/\",\"https:\/\/www.instagram.com\/tomami.eu\/\",\"https:\/\/www.youtube.com\/user\/TOMAMIGmbH\",\"https:\/\/www.tiktok.com\/@tomami_official\",\"https:\/\/de.linkedin.com\/company\/tomami\"]}]}<\/script>\n<!-- \/ Yoast SEO plugin. -->","yoast_head_json":{"title":"TOMAMI Bayern &#8226; TOMAMI \u2022 Damit w\u00fcrz was!","description":"W\u00fcrzsauce \u2022 Intensive aromatische Note \u2022 Perfekt f\u00fcr Fleisch- oder vegane Bratensaucen, f\u00fcr Br\u00fchen, Suppen, Eint\u00f6pfe \u2022 90 ml Flasche \ud83d\uded2 Hier kaufen","robots":{"index":"index","follow":"follow","max-snippet":"max-snippet:-1","max-image-preview":"max-image-preview:large","max-video-preview":"max-video-preview:-1"},"canonical":"https:\/\/tomami.eu\/de\/shop\/tomami-bayern\/","og_locale":"de_DE","og_type":"article","og_title":"TOMAMI Bayern &#8226; TOMAMI \u2022 Damit w\u00fcrz was!","og_description":"W\u00fcrzsauce \u2022 Intensive aromatische Note \u2022 Perfekt f\u00fcr Fleisch- oder vegane Bratensaucen, f\u00fcr Br\u00fchen, Suppen, Eint\u00f6pfe \u2022 90 ml Flasche \ud83d\uded2 Hier kaufen","og_url":"https:\/\/tomami.eu\/de\/shop\/tomami-bayern\/","og_site_name":"TOMAMI \u2022 Damit w\u00fcrz was!","article_publisher":"https:\/\/www.facebook.com\/tomami.eu\/","article_modified_time":"2026-03-19T09:55:18+00:00","og_image":[{"width":1130,"height":1240,"url":"https:\/\/tomami.eu\/wp-content\/uploads\/2025\/05\/p-tomami-bayern-90ml.jpg","type":"image\/jpeg"}],"schema":{"@context":"https:\/\/schema.org","@graph":[{"@type":"WebPage","@id":"https:\/\/tomami.eu\/de\/shop\/tomami-bayern\/","url":"https:\/\/tomami.eu\/de\/shop\/tomami-bayern\/","name":"TOMAMI Bayern &#8226; TOMAMI \u2022 Damit w\u00fcrz was!","isPartOf":{"@id":"https:\/\/tomami.eu\/de\/#website"},"primaryImageOfPage":{"@id":"https:\/\/tomami.eu\/de\/shop\/tomami-bayern\/#primaryimage"},"image":{"@id":"https:\/\/tomami.eu\/de\/shop\/tomami-bayern\/#primaryimage"},"thumbnailUrl":"https:\/\/tomami.eu\/wp-content\/uploads\/2025\/05\/p-tomami-bayern-90ml.jpg","datePublished":"2025-05-30T10:24:33+00:00","dateModified":"2026-03-19T09:55:18+00:00","description":"W\u00fcrzsauce \u2022 Intensive aromatische Note \u2022 Perfekt f\u00fcr Fleisch- oder vegane Bratensaucen, f\u00fcr Br\u00fchen, Suppen, Eint\u00f6pfe \u2022 90 ml Flasche \ud83d\uded2 Hier kaufen","breadcrumb":{"@id":"https:\/\/tomami.eu\/de\/shop\/tomami-bayern\/#breadcrumb"},"inLanguage":"de","potentialAction":[{"@type":"ReadAction","target":["https:\/\/tomami.eu\/de\/shop\/tomami-bayern\/"]}]},{"@type":"ImageObject","inLanguage":"de","@id":"https:\/\/tomami.eu\/de\/shop\/tomami-bayern\/#primaryimage","url":"https:\/\/tomami.eu\/wp-content\/uploads\/2025\/05\/p-tomami-bayern-90ml.jpg","contentUrl":"https:\/\/tomami.eu\/wp-content\/uploads\/2025\/05\/p-tomami-bayern-90ml.jpg","width":1130,"height":1240,"caption":"TOMAMI Bayern \u2022 90 ml \u2022 mit Zutaten"},{"@type":"BreadcrumbList","@id":"https:\/\/tomami.eu\/de\/shop\/tomami-bayern\/#breadcrumb","itemListElement":[{"@type":"ListItem","position":1,"name":"Startseite","item":"https:\/\/tomami.eu\/de\/"},{"@type":"ListItem","position":2,"name":"Shop","item":"https:\/\/tomami.eu\/de\/shop\/"},{"@type":"ListItem","position":3,"name":"TOMAMI Bayern"}]},{"@type":"WebSite","@id":"https:\/\/tomami.eu\/de\/#website","url":"https:\/\/tomami.eu\/de\/","name":"TOMAMI\u00ae \u2013 Damit w\u00fcrz was!","description":"","publisher":{"@id":"https:\/\/tomami.eu\/de\/#organization"},"potentialAction":[{"@type":"SearchAction","target":{"@type":"EntryPoint","urlTemplate":"https:\/\/tomami.eu\/de\/?s={search_term_string}"},"query-input":{"@type":"PropertyValueSpecification","valueRequired":true,"valueName":"search_term_string"}}],"inLanguage":"de"},{"@type":"Organization","@id":"https:\/\/tomami.eu\/de\/#organization","name":"TOMAMI\u00ae \u2013 Damit w\u00fcrz was!","url":"https:\/\/tomami.eu\/de\/","logo":{"@type":"ImageObject","inLanguage":"de","@id":"https:\/\/tomami.eu\/de\/#\/schema\/logo\/image\/","url":"https:\/\/tomami.eu\/wp-content\/uploads\/2025\/08\/TOMAMI-web@2x.png","contentUrl":"https:\/\/tomami.eu\/wp-content\/uploads\/2025\/08\/TOMAMI-web@2x.png","width":1440,"height":1440,"caption":"TOMAMI\u00ae \u2013 Damit w\u00fcrz was!"},"image":{"@id":"https:\/\/tomami.eu\/de\/#\/schema\/logo\/image\/"},"sameAs":["https:\/\/www.facebook.com\/tomami.eu\/","https:\/\/www.instagram.com\/tomami.eu\/","https:\/\/www.youtube.com\/user\/TOMAMIGmbH","https:\/\/www.tiktok.com\/@tomami_official","https:\/\/de.linkedin.com\/company\/tomami"]}]}},"symbion_is_set":false,"_links":{"self":[{"href":"https:\/\/tomami.eu\/de\/wp-json\/wp\/v2\/product\/12343","targetHints":{"allow":["GET"]}}],"collection":[{"href":"https:\/\/tomami.eu\/de\/wp-json\/wp\/v2\/product"}],"about":[{"href":"https:\/\/tomami.eu\/de\/wp-json\/wp\/v2\/types\/product"}],"replies":[{"embeddable":true,"href":"https:\/\/tomami.eu\/de\/wp-json\/wp\/v2\/comments?post=12343"}],"wp:featuredmedia":[{"embeddable":true,"href":"https:\/\/tomami.eu\/de\/wp-json\/wp\/v2\/media\/13651"}],"wp:attachment":[{"href":"https:\/\/tomami.eu\/de\/wp-json\/wp\/v2\/media?parent=12343"}],"wp:term":[{"taxonomy":"product_brand","embeddable":true,"href":"https:\/\/tomami.eu\/de\/wp-json\/wp\/v2\/product_brand?post=12343"},{"taxonomy":"product_cat","embeddable":true,"href":"https:\/\/tomami.eu\/de\/wp-json\/wp\/v2\/product_cat?post=12343"},{"taxonomy":"product_tag","embeddable":true,"href":"https:\/\/tomami.eu\/de\/wp-json\/wp\/v2\/product_tag?post=12343"}],"curies":[{"name":"wp","href":"https:\/\/api.w.org\/{rel}","templated":true}]}}