{"id":12340,"date":"2025-05-30T12:24:30","date_gmt":"2025-05-30T10:24:30","guid":{"rendered":"http:\/\/tomamishop.vist-test.de\/?post_type=product&#038;p=12340"},"modified":"2026-03-18T15:33:23","modified_gmt":"2026-03-18T14:33:23","slug":"tomami-ketchup","status":"publish","type":"product","link":"https:\/\/tomami.eu\/de\/shop\/tomami-ketchup\/","title":{"rendered":"TOMAMI Ketchup"},"content":{"rendered":"\n<p class=\"has-extra-large-font-size\"><strong>Dieser Tomatenketchup hat alles, was man sich von einem Ketchup w\u00fcnscht: Das Extra an Geschmack!<\/strong><\/p>\n\n\n\n<p>Mit TOMAMI Ketchup kannst du jedes Gericht aufpeppen. Ob du ihn als Dip zu Pommes, Wurst oder Gegrilltem, als W\u00fcrzsauce f\u00fcr deine Fleisch- oder Gem\u00fcsegerichte oder als schnelle Pasta-Sauce verwendest, du wirst den Unterschied schmecken.<\/p>\n\n\n\n<ul class=\"wp-block-list\">\n<li><strong>450 g Tomaten pro 100 g Ketchup<\/strong><\/li>\n\n\n\n<li>Intensiver Tomatengeschmack<\/li>\n\n\n\n<li>TOMAMI No.1 verleiht einen aromatisch-vollmundigen Umami-Geschmack<\/li>\n<\/ul>\n\n\n\n<p>Der Ketchup ist <strong>vegan<\/strong> \u2714\ufe0e, <strong>glutenfrei<\/strong> \u2714\ufe0e, <strong>allergenfrei<\/strong> \u2714\ufe0e (lt. LMIV) und <strong>ohne Geschmacksverst\u00e4rker<\/strong> oder <strong>Konservierungsstoffe<\/strong> \u2714\ufe0e. Hergestellt und abgef\u00fcllt in Deutschland.<\/p>\n\n\n\n<p>Hol dir jetzt <strong>TOMAMI Ketchup<\/strong> und genie\u00dfe den intensiven Tomatengeschmack!<\/p>\n\n\n\n<div class=\"wp-block-group alignfull animate-from-bottom has-global-padding is-layout-constrained wp-container-core-group-is-layout-95d0cd23 wp-block-group-is-layout-constrained\" style=\"padding-top:var(--wp--preset--spacing--40);padding-right:0px;padding-bottom:var(--wp--preset--spacing--40);padding-left:0px\">\n<p class=\"has-text-align-center has-huge-font-size\">Rezepte mit TOMAMI Ketchup<\/p>\n\n\n\n<div class=\"wp-block-columns alignwide is-layout-flex wp-container-core-columns-is-layout-28f84493 wp-block-columns-is-layout-flex\">\n<div class=\"wp-block-column is-layout-flow wp-block-column-is-layout-flow\">\n<div class=\"wp-block-columns is-layout-flex wp-container-core-columns-is-layout-28f84493 wp-block-columns-is-layout-flex\">\n<div class=\"wp-block-column is-layout-flow wp-block-column-is-layout-flow\" style=\"padding-top:0;padding-bottom:0\">\n<figure class=\"wp-block-image size-full has-custom-border is-style-fuel-shadow-image\"><a href=\"https:\/\/tomami.eu\/de\/rezepte\/tomami-chicken-bbq-burger\/\"><img loading=\"lazy\" decoding=\"async\" width=\"853\" height=\"1280\" src=\"https:\/\/tomami.eu\/wp-content\/uploads\/2022\/01\/rezept-chicken-burger-stevan-paul-853x1280-1.jpg\" alt=\"TOMAMI Ketchup und Chicken Burger\" class=\"wp-image-490\" style=\"border-radius:12px\" title=\"Chicken BBQ Burger\" srcset=\"https:\/\/tomami.eu\/wp-content\/uploads\/2022\/01\/rezept-chicken-burger-stevan-paul-853x1280-1.jpg 853w, https:\/\/tomami.eu\/wp-content\/uploads\/2022\/01\/rezept-chicken-burger-stevan-paul-853x1280-1-500x750.jpg 500w, https:\/\/tomami.eu\/wp-content\/uploads\/2022\/01\/rezept-chicken-burger-stevan-paul-853x1280-1-750x1125.jpg 750w, https:\/\/tomami.eu\/wp-content\/uploads\/2022\/01\/rezept-chicken-burger-stevan-paul-853x1280-1-768x1152.jpg 768w\" sizes=\"auto, (max-width: 853px) 100vw, 853px\" \/><\/a><figcaption class=\"wp-element-caption\">Chicken BBQ Burger<\/figcaption><\/figure>\n<\/div>\n\n\n\n<div class=\"wp-block-column is-layout-flow wp-block-column-is-layout-flow\" style=\"padding-top:0;padding-bottom:0\">\n<figure class=\"wp-block-image size-full has-custom-border is-style-fuel-shadow-image\"><a href=\"https:\/\/tomami.eu\/de\/rezepte\/tomami-cevapcici\/\"><img loading=\"lazy\" decoding=\"async\" width=\"1138\" height=\"1707\" src=\"https:\/\/tomami.eu\/wp-content\/uploads\/2022\/04\/tomami-rezept-cevapcici-stevan-paul-1.jpg\" alt=\"Cevapcici mit TOMAMI Ketchup\" class=\"wp-image-5963\" style=\"border-radius:12px\" title=\"Cevapcici\" srcset=\"https:\/\/tomami.eu\/wp-content\/uploads\/2022\/04\/tomami-rezept-cevapcici-stevan-paul-1.jpg 1138w, https:\/\/tomami.eu\/wp-content\/uploads\/2022\/04\/tomami-rezept-cevapcici-stevan-paul-1-500x750.jpg 500w, https:\/\/tomami.eu\/wp-content\/uploads\/2022\/04\/tomami-rezept-cevapcici-stevan-paul-1-750x1125.jpg 750w, https:\/\/tomami.eu\/wp-content\/uploads\/2022\/04\/tomami-rezept-cevapcici-stevan-paul-1-768x1152.jpg 768w, https:\/\/tomami.eu\/wp-content\/uploads\/2022\/04\/tomami-rezept-cevapcici-stevan-paul-1-1024x1536.jpg 1024w\" sizes=\"auto, (max-width: 1138px) 100vw, 1138px\" \/><\/a><figcaption class=\"wp-element-caption\">Cevapcici<\/figcaption><\/figure>\n<\/div>\n\n\n\n<div class=\"wp-block-column is-layout-flow wp-block-column-is-layout-flow\" style=\"padding-top:0\">\n<figure class=\"wp-block-image size-full has-custom-border is-style-fuel-shadow-image\"><a href=\"https:\/\/tomami.eu\/de\/rezepte\/tomami-smoked-bbq-sauce\/\"><img loading=\"lazy\" decoding=\"async\" width=\"1138\" height=\"1707\" src=\"https:\/\/tomami.eu\/wp-content\/uploads\/2022\/04\/rezept-bbq-sauce-tomami-1.jpg\" alt=\"Smoked BBQ-Sauce mit TOMAMI Ketchup und W\u00fcrzstoff\" class=\"wp-image-5942\" style=\"border-radius:12px\" title=\"Smoked BBQ-Sauce\" srcset=\"https:\/\/tomami.eu\/wp-content\/uploads\/2022\/04\/rezept-bbq-sauce-tomami-1.jpg 1138w, https:\/\/tomami.eu\/wp-content\/uploads\/2022\/04\/rezept-bbq-sauce-tomami-1-500x750.jpg 500w, https:\/\/tomami.eu\/wp-content\/uploads\/2022\/04\/rezept-bbq-sauce-tomami-1-750x1125.jpg 750w, https:\/\/tomami.eu\/wp-content\/uploads\/2022\/04\/rezept-bbq-sauce-tomami-1-768x1152.jpg 768w, https:\/\/tomami.eu\/wp-content\/uploads\/2022\/04\/rezept-bbq-sauce-tomami-1-1024x1536.jpg 1024w\" sizes=\"auto, (max-width: 1138px) 100vw, 1138px\" \/><\/a><figcaption class=\"wp-element-caption\">Smoked BBQ-Sauce<\/figcaption><\/figure>\n<\/div>\n\n\n\n<div class=\"wp-block-column is-layout-flow wp-block-column-is-layout-flow\" style=\"padding-top:0;padding-bottom:0\">\n<figure class=\"wp-block-image size-full has-custom-border is-style-fuel-shadow-image\"><a href=\"https:\/\/tomami.eu\/de\/rezepte\/arancine\/\"><img loading=\"lazy\" decoding=\"async\" width=\"1138\" height=\"1707\" src=\"https:\/\/tomami.eu\/wp-content\/uploads\/2022\/04\/rezept-cettina-vicenzino-tomami-arancine.jpg\" alt=\"Arancine mit TOMAMI Ketchup und W\u00fcrzstoff\" class=\"wp-image-5031\" style=\"border-radius:12px\" title=\"Arancine\" srcset=\"https:\/\/tomami.eu\/wp-content\/uploads\/2022\/04\/rezept-cettina-vicenzino-tomami-arancine.jpg 1138w, https:\/\/tomami.eu\/wp-content\/uploads\/2022\/04\/rezept-cettina-vicenzino-tomami-arancine-500x750.jpg 500w, https:\/\/tomami.eu\/wp-content\/uploads\/2022\/04\/rezept-cettina-vicenzino-tomami-arancine-750x1125.jpg 750w, https:\/\/tomami.eu\/wp-content\/uploads\/2022\/04\/rezept-cettina-vicenzino-tomami-arancine-768x1152.jpg 768w, https:\/\/tomami.eu\/wp-content\/uploads\/2022\/04\/rezept-cettina-vicenzino-tomami-arancine-1024x1536.jpg 1024w\" sizes=\"auto, (max-width: 1138px) 100vw, 1138px\" \/><\/a><figcaption class=\"wp-element-caption\">Arancine<\/figcaption><\/figure>\n<\/div>\n<\/div>\n<\/div>\n<\/div>\n\n\n\n<div class=\"wp-block-buttons is-content-justification-center is-layout-flex wp-container-core-buttons-is-layout-c936322e wp-block-buttons-is-layout-flex\" style=\"padding-top:var(--wp--preset--spacing--40);padding-bottom:var(--wp--preset--spacing--40)\">\n<div class=\"wp-block-button\"><a class=\"wp-block-button__link wp-element-button\" href=\"https:\/\/tomami.eu\/de\/rezepte\/\">Entdecke noch viele weitere Rezepte<\/a><\/div>\n<\/div>\n<\/div>\n","protected":false},"excerpt":{"rendered":"<p>\u25cf Intensiv-fruchtiger Tomatengeschmack \ud83c\udf45 <br \/>\u25cf Zum Dippen, zum W\u00fcrzen, zu Kurzgebratenem und Gegrilltem, zu Pommes frites und Bratkartoffeln, auf den Burger oder als schnelle Nudelsauce <br \/>\u25cf Mit TOMAMI No.1 Boost <br \/>\u25cf 240 ml Flasche<\/p>\n","protected":false},"featured_media":13640,"comment_status":"closed","ping_status":"closed","template":"","meta":{"_symbion_is_product_set":""},"product_brand":[],"product_cat":[294],"product_tag":[],"class_list":{"0":"post-12340","1":"product","2":"type-product","3":"status-publish","4":"has-post-thumbnail","6":"product_cat-ketchup","8":"first","9":"instock","10":"taxable","11":"shipping-taxable","12":"purchasable","13":"product-type-simple"},"yoast_head":"<!-- This site is optimized with the Yoast SEO plugin v26.6 - https:\/\/yoast.com\/wordpress\/plugins\/seo\/ -->\n<title>TOMAMI Ketchup &#8226; TOMAMI \u2022 Damit w\u00fcrz was!<\/title>\n<meta name=\"description\" content=\"\u2022 Intensiv-fruchtiger Tomatengeschmack \ud83c\udf45 \u2022 Mit TOMAMI No.1 Boost \u2022 240 ml Flasche \ud83d\uded2 Hier kaufen\" \/>\n<meta name=\"robots\" content=\"index, follow, max-snippet:-1, max-image-preview:large, max-video-preview:-1\" \/>\n<link rel=\"canonical\" href=\"https:\/\/tomami.eu\/de\/shop\/tomami-ketchup\/\" \/>\n<meta property=\"og:locale\" content=\"de_DE\" \/>\n<meta property=\"og:type\" content=\"article\" \/>\n<meta property=\"og:title\" content=\"TOMAMI Ketchup &#8226; TOMAMI \u2022 Damit w\u00fcrz was!\" \/>\n<meta property=\"og:description\" content=\"\u2022 Intensiv-fruchtiger Tomatengeschmack \ud83c\udf45 \u2022 Mit TOMAMI No.1 Boost \u2022 240 ml Flasche \ud83d\uded2 Hier kaufen\" \/>\n<meta property=\"og:url\" content=\"https:\/\/tomami.eu\/de\/shop\/tomami-ketchup\/\" \/>\n<meta property=\"og:site_name\" content=\"TOMAMI \u2022 Damit w\u00fcrz was!\" \/>\n<meta property=\"article:publisher\" content=\"https:\/\/www.facebook.com\/tomami.eu\/\" \/>\n<meta property=\"article:modified_time\" content=\"2026-03-18T14:33:23+00:00\" \/>\n<meta property=\"og:image\" content=\"https:\/\/tomami.eu\/wp-content\/uploads\/2025\/06\/p-tomami-ketchup-240ml.jpg\" \/>\n\t<meta property=\"og:image:width\" content=\"1130\" \/>\n\t<meta property=\"og:image:height\" content=\"1240\" \/>\n\t<meta property=\"og:image:type\" content=\"image\/jpeg\" \/>\n<script type=\"application\/ld+json\" class=\"yoast-schema-graph\">{\"@context\":\"https:\/\/schema.org\",\"@graph\":[{\"@type\":\"WebPage\",\"@id\":\"https:\/\/tomami.eu\/de\/shop\/tomami-ketchup\/\",\"url\":\"https:\/\/tomami.eu\/de\/shop\/tomami-ketchup\/\",\"name\":\"TOMAMI Ketchup &#8226; TOMAMI \u2022 Damit w\u00fcrz was!\",\"isPartOf\":{\"@id\":\"https:\/\/tomami.eu\/de\/#website\"},\"primaryImageOfPage\":{\"@id\":\"https:\/\/tomami.eu\/de\/shop\/tomami-ketchup\/#primaryimage\"},\"image\":{\"@id\":\"https:\/\/tomami.eu\/de\/shop\/tomami-ketchup\/#primaryimage\"},\"thumbnailUrl\":\"https:\/\/tomami.eu\/wp-content\/uploads\/2025\/06\/p-tomami-ketchup-240ml.jpg\",\"datePublished\":\"2025-05-30T10:24:30+00:00\",\"dateModified\":\"2026-03-18T14:33:23+00:00\",\"description\":\"\u2022 Intensiv-fruchtiger Tomatengeschmack \ud83c\udf45 \u2022 Mit TOMAMI No.1 Boost \u2022 240 ml Flasche \ud83d\uded2 Hier kaufen\",\"breadcrumb\":{\"@id\":\"https:\/\/tomami.eu\/de\/shop\/tomami-ketchup\/#breadcrumb\"},\"inLanguage\":\"de\",\"potentialAction\":[{\"@type\":\"ReadAction\",\"target\":[\"https:\/\/tomami.eu\/de\/shop\/tomami-ketchup\/\"]}]},{\"@type\":\"ImageObject\",\"inLanguage\":\"de\",\"@id\":\"https:\/\/tomami.eu\/de\/shop\/tomami-ketchup\/#primaryimage\",\"url\":\"https:\/\/tomami.eu\/wp-content\/uploads\/2025\/06\/p-tomami-ketchup-240ml.jpg\",\"contentUrl\":\"https:\/\/tomami.eu\/wp-content\/uploads\/2025\/06\/p-tomami-ketchup-240ml.jpg\",\"width\":1130,\"height\":1240,\"caption\":\"TOMAMI Ketchup \u2022 240 ml \u2022 mit Tomaten\"},{\"@type\":\"BreadcrumbList\",\"@id\":\"https:\/\/tomami.eu\/de\/shop\/tomami-ketchup\/#breadcrumb\",\"itemListElement\":[{\"@type\":\"ListItem\",\"position\":1,\"name\":\"Startseite\",\"item\":\"https:\/\/tomami.eu\/de\/\"},{\"@type\":\"ListItem\",\"position\":2,\"name\":\"Shop\",\"item\":\"https:\/\/tomami.eu\/de\/shop\/\"},{\"@type\":\"ListItem\",\"position\":3,\"name\":\"TOMAMI Ketchup\"}]},{\"@type\":\"WebSite\",\"@id\":\"https:\/\/tomami.eu\/de\/#website\",\"url\":\"https:\/\/tomami.eu\/de\/\",\"name\":\"TOMAMI\u00ae \u2013 Damit w\u00fcrz was!\",\"description\":\"\",\"publisher\":{\"@id\":\"https:\/\/tomami.eu\/de\/#organization\"},\"potentialAction\":[{\"@type\":\"SearchAction\",\"target\":{\"@type\":\"EntryPoint\",\"urlTemplate\":\"https:\/\/tomami.eu\/de\/?s={search_term_string}\"},\"query-input\":{\"@type\":\"PropertyValueSpecification\",\"valueRequired\":true,\"valueName\":\"search_term_string\"}}],\"inLanguage\":\"de\"},{\"@type\":\"Organization\",\"@id\":\"https:\/\/tomami.eu\/de\/#organization\",\"name\":\"TOMAMI\u00ae \u2013 Damit w\u00fcrz was!\",\"url\":\"https:\/\/tomami.eu\/de\/\",\"logo\":{\"@type\":\"ImageObject\",\"inLanguage\":\"de\",\"@id\":\"https:\/\/tomami.eu\/de\/#\/schema\/logo\/image\/\",\"url\":\"https:\/\/tomami.eu\/wp-content\/uploads\/2025\/08\/TOMAMI-web@2x.png\",\"contentUrl\":\"https:\/\/tomami.eu\/wp-content\/uploads\/2025\/08\/TOMAMI-web@2x.png\",\"width\":1440,\"height\":1440,\"caption\":\"TOMAMI\u00ae \u2013 Damit w\u00fcrz was!\"},\"image\":{\"@id\":\"https:\/\/tomami.eu\/de\/#\/schema\/logo\/image\/\"},\"sameAs\":[\"https:\/\/www.facebook.com\/tomami.eu\/\",\"https:\/\/www.instagram.com\/tomami.eu\/\",\"https:\/\/www.youtube.com\/user\/TOMAMIGmbH\",\"https:\/\/www.tiktok.com\/@tomami_official\",\"https:\/\/de.linkedin.com\/company\/tomami\"]}]}<\/script>\n<!-- \/ Yoast SEO plugin. -->","yoast_head_json":{"title":"TOMAMI Ketchup &#8226; TOMAMI \u2022 Damit w\u00fcrz was!","description":"\u2022 Intensiv-fruchtiger Tomatengeschmack \ud83c\udf45 \u2022 Mit TOMAMI No.1 Boost \u2022 240 ml Flasche \ud83d\uded2 Hier kaufen","robots":{"index":"index","follow":"follow","max-snippet":"max-snippet:-1","max-image-preview":"max-image-preview:large","max-video-preview":"max-video-preview:-1"},"canonical":"https:\/\/tomami.eu\/de\/shop\/tomami-ketchup\/","og_locale":"de_DE","og_type":"article","og_title":"TOMAMI Ketchup &#8226; TOMAMI \u2022 Damit w\u00fcrz was!","og_description":"\u2022 Intensiv-fruchtiger Tomatengeschmack \ud83c\udf45 \u2022 Mit TOMAMI No.1 Boost \u2022 240 ml Flasche \ud83d\uded2 Hier kaufen","og_url":"https:\/\/tomami.eu\/de\/shop\/tomami-ketchup\/","og_site_name":"TOMAMI \u2022 Damit w\u00fcrz was!","article_publisher":"https:\/\/www.facebook.com\/tomami.eu\/","article_modified_time":"2026-03-18T14:33:23+00:00","og_image":[{"width":1130,"height":1240,"url":"https:\/\/tomami.eu\/wp-content\/uploads\/2025\/06\/p-tomami-ketchup-240ml.jpg","type":"image\/jpeg"}],"schema":{"@context":"https:\/\/schema.org","@graph":[{"@type":"WebPage","@id":"https:\/\/tomami.eu\/de\/shop\/tomami-ketchup\/","url":"https:\/\/tomami.eu\/de\/shop\/tomami-ketchup\/","name":"TOMAMI Ketchup &#8226; TOMAMI \u2022 Damit w\u00fcrz was!","isPartOf":{"@id":"https:\/\/tomami.eu\/de\/#website"},"primaryImageOfPage":{"@id":"https:\/\/tomami.eu\/de\/shop\/tomami-ketchup\/#primaryimage"},"image":{"@id":"https:\/\/tomami.eu\/de\/shop\/tomami-ketchup\/#primaryimage"},"thumbnailUrl":"https:\/\/tomami.eu\/wp-content\/uploads\/2025\/06\/p-tomami-ketchup-240ml.jpg","datePublished":"2025-05-30T10:24:30+00:00","dateModified":"2026-03-18T14:33:23+00:00","description":"\u2022 Intensiv-fruchtiger Tomatengeschmack \ud83c\udf45 \u2022 Mit TOMAMI No.1 Boost \u2022 240 ml Flasche \ud83d\uded2 Hier kaufen","breadcrumb":{"@id":"https:\/\/tomami.eu\/de\/shop\/tomami-ketchup\/#breadcrumb"},"inLanguage":"de","potentialAction":[{"@type":"ReadAction","target":["https:\/\/tomami.eu\/de\/shop\/tomami-ketchup\/"]}]},{"@type":"ImageObject","inLanguage":"de","@id":"https:\/\/tomami.eu\/de\/shop\/tomami-ketchup\/#primaryimage","url":"https:\/\/tomami.eu\/wp-content\/uploads\/2025\/06\/p-tomami-ketchup-240ml.jpg","contentUrl":"https:\/\/tomami.eu\/wp-content\/uploads\/2025\/06\/p-tomami-ketchup-240ml.jpg","width":1130,"height":1240,"caption":"TOMAMI Ketchup \u2022 240 ml \u2022 mit Tomaten"},{"@type":"BreadcrumbList","@id":"https:\/\/tomami.eu\/de\/shop\/tomami-ketchup\/#breadcrumb","itemListElement":[{"@type":"ListItem","position":1,"name":"Startseite","item":"https:\/\/tomami.eu\/de\/"},{"@type":"ListItem","position":2,"name":"Shop","item":"https:\/\/tomami.eu\/de\/shop\/"},{"@type":"ListItem","position":3,"name":"TOMAMI Ketchup"}]},{"@type":"WebSite","@id":"https:\/\/tomami.eu\/de\/#website","url":"https:\/\/tomami.eu\/de\/","name":"TOMAMI\u00ae \u2013 Damit w\u00fcrz was!","description":"","publisher":{"@id":"https:\/\/tomami.eu\/de\/#organization"},"potentialAction":[{"@type":"SearchAction","target":{"@type":"EntryPoint","urlTemplate":"https:\/\/tomami.eu\/de\/?s={search_term_string}"},"query-input":{"@type":"PropertyValueSpecification","valueRequired":true,"valueName":"search_term_string"}}],"inLanguage":"de"},{"@type":"Organization","@id":"https:\/\/tomami.eu\/de\/#organization","name":"TOMAMI\u00ae \u2013 Damit w\u00fcrz was!","url":"https:\/\/tomami.eu\/de\/","logo":{"@type":"ImageObject","inLanguage":"de","@id":"https:\/\/tomami.eu\/de\/#\/schema\/logo\/image\/","url":"https:\/\/tomami.eu\/wp-content\/uploads\/2025\/08\/TOMAMI-web@2x.png","contentUrl":"https:\/\/tomami.eu\/wp-content\/uploads\/2025\/08\/TOMAMI-web@2x.png","width":1440,"height":1440,"caption":"TOMAMI\u00ae \u2013 Damit w\u00fcrz was!"},"image":{"@id":"https:\/\/tomami.eu\/de\/#\/schema\/logo\/image\/"},"sameAs":["https:\/\/www.facebook.com\/tomami.eu\/","https:\/\/www.instagram.com\/tomami.eu\/","https:\/\/www.youtube.com\/user\/TOMAMIGmbH","https:\/\/www.tiktok.com\/@tomami_official","https:\/\/de.linkedin.com\/company\/tomami"]}]}},"symbion_is_set":false,"_links":{"self":[{"href":"https:\/\/tomami.eu\/de\/wp-json\/wp\/v2\/product\/12340","targetHints":{"allow":["GET"]}}],"collection":[{"href":"https:\/\/tomami.eu\/de\/wp-json\/wp\/v2\/product"}],"about":[{"href":"https:\/\/tomami.eu\/de\/wp-json\/wp\/v2\/types\/product"}],"replies":[{"embeddable":true,"href":"https:\/\/tomami.eu\/de\/wp-json\/wp\/v2\/comments?post=12340"}],"wp:featuredmedia":[{"embeddable":true,"href":"https:\/\/tomami.eu\/de\/wp-json\/wp\/v2\/media\/13640"}],"wp:attachment":[{"href":"https:\/\/tomami.eu\/de\/wp-json\/wp\/v2\/media?parent=12340"}],"wp:term":[{"taxonomy":"product_brand","embeddable":true,"href":"https:\/\/tomami.eu\/de\/wp-json\/wp\/v2\/product_brand?post=12340"},{"taxonomy":"product_cat","embeddable":true,"href":"https:\/\/tomami.eu\/de\/wp-json\/wp\/v2\/product_cat?post=12340"},{"taxonomy":"product_tag","embeddable":true,"href":"https:\/\/tomami.eu\/de\/wp-json\/wp\/v2\/product_tag?post=12340"}],"curies":[{"name":"wp","href":"https:\/\/api.w.org\/{rel}","templated":true}]}}