{"id":12339,"date":"2025-05-30T12:24:29","date_gmt":"2025-05-30T10:24:29","guid":{"rendered":"http:\/\/tomamishop.vist-test.de\/?post_type=product&#038;p=12339"},"modified":"2026-01-02T14:54:32","modified_gmt":"2026-01-02T13:54:32","slug":"tomami-wuerzstoff","status":"publish","type":"product","link":"https:\/\/tomami.eu\/de\/shop\/tomami-wuerzstoff\/","title":{"rendered":"TOMAMI W\u00fcrzstoff"},"content":{"rendered":"\n<p class=\"has-large-font-size\">Du magst den intensiv herzhaften Geschmack des \u201eMaggikrauts\u201c? Dann ist unsere Fl\u00fcssigw\u00fcrze mit echtem Liebst\u00f6ckelextrakt genau das Richtige! <\/p>\n\n\n\n<p>Mit nur wenigen Tropfen TOMAMI W\u00fcrzstoff bringst du den <strong>typischen herzhaften Geschmack<\/strong> in jedes Gericht.<\/p>\n\n\n\n<ul class=\"wp-block-list\">\n<li>100 % nat\u00fcrlich<\/li>\n\n\n\n<li>Universelle W\u00fcrze f\u00fcr Suppen, Fleisch-, Gem\u00fcse- und Fischgerichte<\/li>\n\n\n\n<li>Mit TOMAMI No.1 f\u00fcr vollmundigen, w\u00fcrzigen Geschmack<\/li>\n<\/ul>\n\n\n\n<p>Die Fl\u00fcssigw\u00fcrze von TOMAMI ist <strong>rein pflanzlich<\/strong> \u2714\ufe0e, <strong>vegan<\/strong> \u2714\ufe0e, <strong>sojafrei \u2714\ufe0e<\/strong>, <strong>glutenfrei \u2714\ufe0e<\/strong>, <strong>allergenfrei \u2714\ufe0e<\/strong> (lt. LMIV), <strong>ohne Geschmacksverst\u00e4rker <\/strong>oder <strong>Konservierungsstoffe<\/strong> \u2714\ufe0e. Sie wird handgemacht und abgef\u00fcllt in Deutschland.<\/p>\n\n\n\n<div class=\"wp-block-group alignfull animate-from-bottom has-global-padding is-layout-constrained wp-container-core-group-is-layout-95d0cd23 wp-block-group-is-layout-constrained\" style=\"padding-top:var(--wp--preset--spacing--40);padding-right:0px;padding-bottom:var(--wp--preset--spacing--40);padding-left:0px\">\n<p class=\"has-text-align-center has-huge-font-size\">Rezepte mit TOMAMI W\u00fcrzstoff<\/p>\n\n\n\n<div class=\"wp-block-columns alignwide is-layout-flex wp-container-core-columns-is-layout-28f84493 wp-block-columns-is-layout-flex\">\n<div class=\"wp-block-column is-layout-flow wp-block-column-is-layout-flow\">\n<div class=\"wp-block-columns is-layout-flex wp-container-core-columns-is-layout-28f84493 wp-block-columns-is-layout-flex\">\n<div class=\"wp-block-column is-layout-flow wp-block-column-is-layout-flow\" style=\"padding-top:0;padding-bottom:0\">\n<figure class=\"wp-block-image size-full has-custom-border is-style-fuel-shadow-image\"><a href=\"https:\/\/tomami.eu\/de\/rezepte\/ratatouille-confit-byaldi\/\"><img loading=\"lazy\" decoding=\"async\" width=\"853\" height=\"1280\" src=\"https:\/\/tomami.eu\/wp-content\/uploads\/2022\/04\/rezept-ratatouille-tomami-umami-1.jpg\" alt=\"Ratatouille (Confit Byaldi)\" class=\"wp-image-6209\" style=\"border-radius:12px\" title=\"Ratatouille (Confit Byaldi)\" srcset=\"https:\/\/tomami.eu\/wp-content\/uploads\/2022\/04\/rezept-ratatouille-tomami-umami-1.jpg 853w, https:\/\/tomami.eu\/wp-content\/uploads\/2022\/04\/rezept-ratatouille-tomami-umami-1-500x750.jpg 500w, https:\/\/tomami.eu\/wp-content\/uploads\/2022\/04\/rezept-ratatouille-tomami-umami-1-750x1125.jpg 750w, https:\/\/tomami.eu\/wp-content\/uploads\/2022\/04\/rezept-ratatouille-tomami-umami-1-768x1152.jpg 768w\" sizes=\"auto, (max-width: 853px) 100vw, 853px\" \/><\/a><figcaption class=\"wp-element-caption\">Ratatouille (Confit Byaldi)<\/figcaption><\/figure>\n<\/div>\n\n\n\n<div class=\"wp-block-column is-layout-flow wp-block-column-is-layout-flow\" style=\"padding-top:0;padding-bottom:0\">\n<figure class=\"wp-block-image size-full has-custom-border is-style-fuel-shadow-image\"><a href=\"https:\/\/tomami.eu\/de\/rezepte\/tomami-surf-turf-3-0\/\"><img loading=\"lazy\" decoding=\"async\" width=\"853\" height=\"1280\" src=\"https:\/\/tomami.eu\/wp-content\/uploads\/2022\/04\/rezept-surf-n-turf-tomami-umami-1.jpg\" alt=\"Surf &amp; Turf 3.0\" class=\"wp-image-6098\" style=\"border-radius:12px\" title=\"Surf &amp; Turf 3.0\" srcset=\"https:\/\/tomami.eu\/wp-content\/uploads\/2022\/04\/rezept-surf-n-turf-tomami-umami-1.jpg 853w, https:\/\/tomami.eu\/wp-content\/uploads\/2022\/04\/rezept-surf-n-turf-tomami-umami-1-500x750.jpg 500w, https:\/\/tomami.eu\/wp-content\/uploads\/2022\/04\/rezept-surf-n-turf-tomami-umami-1-750x1125.jpg 750w, https:\/\/tomami.eu\/wp-content\/uploads\/2022\/04\/rezept-surf-n-turf-tomami-umami-1-768x1152.jpg 768w\" sizes=\"auto, (max-width: 853px) 100vw, 853px\" \/><\/a><figcaption class=\"wp-element-caption\">Surf &amp; Turf 3.0<\/figcaption><\/figure>\n<\/div>\n\n\n\n<div class=\"wp-block-column is-layout-flow wp-block-column-is-layout-flow\" style=\"padding-top:0\">\n<figure class=\"wp-block-image size-full has-custom-border is-style-fuel-shadow-image\"><a href=\"https:\/\/tomami.eu\/de\/rezepte\/bruehe-nr-1-fuer-gemuese-und-mediterrane-gerichte\/\"><img loading=\"lazy\" decoding=\"async\" width=\"853\" height=\"1280\" src=\"https:\/\/tomami.eu\/wp-content\/uploads\/2022\/05\/tomami-rezept-bruehe-no1-cettina-vicenzino.jpeg\" alt=\"Br\u00fche Nr. 1 f\u00fcr Gem\u00fcse und mediterrane Gerichte\" class=\"wp-image-7063\" style=\"border-radius:12px\" title=\"Br\u00fche Nr. 1 f\u00fcr Gem\u00fcse und mediterrane Gerichte\" srcset=\"https:\/\/tomami.eu\/wp-content\/uploads\/2022\/05\/tomami-rezept-bruehe-no1-cettina-vicenzino.jpeg 853w, https:\/\/tomami.eu\/wp-content\/uploads\/2022\/05\/tomami-rezept-bruehe-no1-cettina-vicenzino-500x750.jpeg 500w, https:\/\/tomami.eu\/wp-content\/uploads\/2022\/05\/tomami-rezept-bruehe-no1-cettina-vicenzino-750x1125.jpeg 750w, https:\/\/tomami.eu\/wp-content\/uploads\/2022\/05\/tomami-rezept-bruehe-no1-cettina-vicenzino-768x1152.jpeg 768w\" sizes=\"auto, (max-width: 853px) 100vw, 853px\" \/><\/a><figcaption class=\"wp-element-caption\">Br\u00fche Nr. 1 f\u00fcr Gem\u00fcse und mediterrane Gerichte<\/figcaption><\/figure>\n<\/div>\n\n\n\n<div class=\"wp-block-column is-layout-flow wp-block-column-is-layout-flow\" style=\"padding-top:0;padding-bottom:0\">\n<figure class=\"wp-block-image size-full has-custom-border is-style-fuel-shadow-image\"><a href=\"https:\/\/tomami.eu\/de\/rezepte\/gemuesepaste-umami\/\"><img loading=\"lazy\" decoding=\"async\" width=\"1706\" height=\"2560\" src=\"https:\/\/tomami.eu\/wp-content\/uploads\/2023\/01\/rezept-gmuesepaste-tomami.jpg\" alt=\"Gem\u00fcsepaste im Glas und TOMAMI W\u00fcrzstoff\" class=\"wp-image-9709\" style=\"border-radius:12px\" title=\"Gem\u00fcsepaste\" srcset=\"https:\/\/tomami.eu\/wp-content\/uploads\/2023\/01\/rezept-gmuesepaste-tomami.jpg 1706w, https:\/\/tomami.eu\/wp-content\/uploads\/2023\/01\/rezept-gmuesepaste-tomami-1400x2101.jpg 1400w, https:\/\/tomami.eu\/wp-content\/uploads\/2023\/01\/rezept-gmuesepaste-tomami-500x750.jpg 500w, https:\/\/tomami.eu\/wp-content\/uploads\/2023\/01\/rezept-gmuesepaste-tomami-750x1125.jpg 750w, https:\/\/tomami.eu\/wp-content\/uploads\/2023\/01\/rezept-gmuesepaste-tomami-768x1152.jpg 768w, https:\/\/tomami.eu\/wp-content\/uploads\/2023\/01\/rezept-gmuesepaste-tomami-1024x1536.jpg 1024w, https:\/\/tomami.eu\/wp-content\/uploads\/2023\/01\/rezept-gmuesepaste-tomami-1365x2048.jpg 1365w\" sizes=\"auto, (max-width: 1706px) 100vw, 1706px\" \/><\/a><figcaption class=\"wp-element-caption\">Gem\u00fcsepaste<\/figcaption><\/figure>\n<\/div>\n<\/div>\n<\/div>\n<\/div>\n\n\n\n<div class=\"wp-block-buttons is-content-justification-center is-layout-flex wp-container-core-buttons-is-layout-fe1bbffc wp-block-buttons-is-layout-flex\" style=\"padding-top:var(--wp--preset--spacing--30);padding-bottom:var(--wp--preset--spacing--30)\">\n<div class=\"wp-block-button\"><a class=\"wp-block-button__link wp-element-button\" href=\"https:\/\/tomami.eu\/de\/rezepte\/\">Entdecke noch weitere Rezepte<\/a><\/div>\n<\/div>\n<\/div>\n\n\n\n<p class=\"has-text-align-center has-large-font-size\" style=\"padding-right:20%;padding-left:20%\">Bestelle jetzt <strong>TOMAMI W\u00fcrzstoff<\/strong> und \u00fcberzeuge dich von dem typisch herzhaften Liebst\u00f6ckel-Geschmack.<\/p>\n\n\n\n<div class=\"wp-block-group has-global-padding is-layout-constrained wp-block-group-is-layout-constrained\" style=\"padding-top:var(--wp--preset--spacing--40);padding-bottom:var(--wp--preset--spacing--40)\">\n<p class=\"has-text-align-center has-huge-font-size\">FAQ<\/p>\n\n\n\n<div class=\"wp-block-group alignfull has-global-padding is-layout-constrained wp-container-core-group-is-layout-dedbb937 wp-block-group-is-layout-constrained\" style=\"padding-top:0;padding-right:0;padding-bottom:0;padding-left:0\">\n<div class=\"wp-block-group alignwide is-style-default has-secondary-background-color has-background has-global-padding is-layout-constrained wp-container-core-group-is-layout-23b1a4dc wp-block-group-is-layout-constrained\" style=\"padding-top:var(--wp--preset--spacing--30);padding-right:var(--wp--preset--spacing--30);padding-bottom:var(--wp--preset--spacing--30);padding-left:var(--wp--preset--spacing--30)\">\n<div class=\"wp-block-group alignfull faq has-global-padding is-layout-constrained wp-container-core-group-is-layout-88816f74 wp-block-group-is-layout-constrained\" style=\"padding-top:0px;padding-right:0px;padding-bottom:0px;padding-left:0px\">\n<div class=\"wp-block-group trigger is-style-default is-content-justification-space-between is-nowrap is-layout-flex wp-container-core-group-is-layout-48f8553a wp-block-group-is-layout-flex\" style=\"border-bottom-style:none;border-bottom-width:0px;padding-top:0;padding-right:0;padding-bottom:0;padding-left:0\">\n<h3 class=\"wp-block-heading\" style=\"font-style:normal;font-weight:400\">Wie dosiere ich TOMAMI richtig?<\/h3>\n\n\n\n<p class=\"has-large-font-size\">+<\/p>\n<\/div>\n\n\n\n<div class=\"wp-block-group content has-secondary-background-color has-background has-global-padding is-layout-constrained wp-container-core-group-is-layout-254f1302 wp-block-group-is-layout-constrained\" style=\"border-bottom-style:none;border-bottom-width:0px;padding-top:0;padding-right:0;padding-bottom:0;padding-left:0\">\n<p><strong>Wenig dazugeben<\/strong>, <strong>abschmecken<\/strong>, <strong>etwas mehr dazugeben<\/strong>, <strong>abschmecken<\/strong>\u2026 Ob ein Tropfen, ein Schuss oder mehr \u2013 <strong>du entscheidest<\/strong>, wie intensiv das S\u00fc\u00dfe-S\u00e4ure-Spiel an deinem Gaumen ausf\u00e4llt. Also einfach mutig sein und testen!<\/p>\n<\/div>\n\n\n\n<hr class=\"wp-block-separator has-text-color has-foreground-color has-alpha-channel-opacity has-foreground-background-color has-background\" style=\"margin-top:var(--wp--preset--spacing--30);margin-bottom:var(--wp--preset--spacing--30)\"\/>\n<\/div>\n\n\n\n<div class=\"wp-block-group alignfull faq has-global-padding is-layout-constrained wp-container-core-group-is-layout-88816f74 wp-block-group-is-layout-constrained\" style=\"padding-top:0px;padding-right:0px;padding-bottom:0px;padding-left:0px\">\n<div class=\"wp-block-group trigger is-style-default is-content-justification-space-between is-nowrap is-layout-flex wp-container-core-group-is-layout-48f8553a wp-block-group-is-layout-flex\" style=\"border-bottom-style:none;border-bottom-width:0px;padding-top:0;padding-right:0;padding-bottom:0;padding-left:0\">\n<h3 class=\"wp-block-heading\" style=\"font-style:normal;font-weight:400\">Wie bewahre ich TOMAMI auf?<\/h3>\n\n\n\n<p class=\"has-large-font-size\">+<\/p>\n<\/div>\n\n\n\n<div class=\"wp-block-group content has-secondary-background-color has-background has-global-padding is-layout-constrained wp-container-core-group-is-layout-254f1302 wp-block-group-is-layout-constrained\" style=\"border-bottom-style:none;border-bottom-width:0px;padding-top:0;padding-right:0;padding-bottom:0;padding-left:0\">\n<p><strong>Vor dem Anbruch<\/strong> bei <strong>Zimmertemperatur<\/strong>, <strong>nach dem \u00d6ffne<\/strong>n f\u00fchlt sich die TOMAMI Flasche im <strong>K\u00fchlschrank<\/strong> am wohlsten.<\/p>\n<\/div>\n\n\n\n<hr class=\"wp-block-separator has-text-color has-foreground-color has-alpha-channel-opacity has-foreground-background-color has-background\" style=\"margin-top:var(--wp--preset--spacing--30);margin-bottom:var(--wp--preset--spacing--30)\"\/>\n<\/div>\n\n\n\n<div class=\"wp-block-group alignfull faq has-global-padding is-layout-constrained wp-container-core-group-is-layout-88816f74 wp-block-group-is-layout-constrained\" style=\"padding-top:0px;padding-right:0px;padding-bottom:0px;padding-left:0px\">\n<div class=\"wp-block-group trigger is-style-default is-content-justification-space-between is-nowrap is-layout-flex wp-container-core-group-is-layout-48f8553a wp-block-group-is-layout-flex\" style=\"border-bottom-style:none;border-bottom-width:0px;padding-top:0;padding-right:0;padding-bottom:0;padding-left:0\">\n<h3 class=\"wp-block-heading\" style=\"font-style:normal;font-weight:400\">Wie lange sind die Produkte haltbar?<\/h3>\n\n\n\n<p class=\"has-large-font-size\">+<\/p>\n<\/div>\n\n\n\n<div class=\"wp-block-group content has-secondary-background-color has-background has-global-padding is-layout-constrained wp-container-core-group-is-layout-254f1302 wp-block-group-is-layout-constrained\" style=\"border-bottom-style:none;border-bottom-width:0px;padding-top:0;padding-right:0;padding-bottom:0;padding-left:0\">\n<p>Unge\u00f6ffnet sind unsere TOMAMIs bis zu<strong> 18 Monate haltbar<\/strong> \u2013 ab Produktion. Nach dem \u00d6ffnen am besten im K\u00fchlschrank aufbewahren und innerhalb von <strong>ca. 6 Monaten<\/strong> verbrauchen.<\/p>\n<\/div>\n\n\n\n<hr class=\"wp-block-separator has-text-color has-foreground-color has-alpha-channel-opacity has-foreground-background-color has-background\" style=\"margin-top:var(--wp--preset--spacing--30);margin-bottom:var(--wp--preset--spacing--30)\"\/>\n<\/div>\n<\/div>\n<\/div>\n<\/div>\n","protected":false},"excerpt":{"rendered":"<p>\u25cf Universelle W\u00fcrze <br \/>\u25cf Intensiv herzhafter Geschmack <br \/>\u25cf Mit echtem Liebst\u00f6ckelextrakt und Gew\u00fcrzen <br \/>\u25cf 90 ml Flasche<\/p>\n","protected":false},"featured_media":13657,"comment_status":"closed","ping_status":"closed","template":"","meta":{"_symbion_is_product_set":""},"product_brand":[],"product_cat":[283],"product_tag":[],"class_list":{"0":"post-12339","1":"product","2":"type-product","3":"status-publish","4":"has-post-thumbnail","6":"product_cat-wuerzsaucen","8":"first","9":"instock","10":"taxable","11":"shipping-taxable","12":"purchasable","13":"product-type-simple"},"yoast_head":"<!-- This site is optimized with the Yoast SEO plugin v26.6 - https:\/\/yoast.com\/wordpress\/plugins\/seo\/ -->\n<title>TOMAMI W\u00fcrzstoff &#8226; TOMAMI \u2022 Damit w\u00fcrz was!<\/title>\n<meta name=\"description\" content=\"W\u00fcrzsauce \u2022 Universelle W\u00fcrze \u2022 Intensiv herzhafter Geschmack \u2022 Mit echtem Liebst\u00f6ckelextrakt \ud83c\udf31 und Gew\u00fcrzen \u2022 90 ml Falsche \ud83d\uded2 Hier kaufen\" \/>\n<meta name=\"robots\" content=\"index, follow, max-snippet:-1, max-image-preview:large, max-video-preview:-1\" \/>\n<link rel=\"canonical\" href=\"https:\/\/tomami.eu\/de\/shop\/tomami-wuerzstoff\/\" \/>\n<meta property=\"og:locale\" content=\"de_DE\" \/>\n<meta property=\"og:type\" content=\"article\" \/>\n<meta property=\"og:title\" content=\"TOMAMI W\u00fcrzstoff &#8226; TOMAMI \u2022 Damit w\u00fcrz was!\" \/>\n<meta property=\"og:description\" content=\"W\u00fcrzsauce \u2022 Universelle W\u00fcrze \u2022 Intensiv herzhafter Geschmack \u2022 Mit echtem Liebst\u00f6ckelextrakt \ud83c\udf31 und Gew\u00fcrzen \u2022 90 ml Falsche \ud83d\uded2 Hier kaufen\" \/>\n<meta property=\"og:url\" content=\"https:\/\/tomami.eu\/de\/shop\/tomami-wuerzstoff\/\" \/>\n<meta property=\"og:site_name\" content=\"TOMAMI \u2022 Damit w\u00fcrz was!\" \/>\n<meta property=\"article:publisher\" content=\"https:\/\/www.facebook.com\/tomami.eu\/\" \/>\n<meta property=\"article:modified_time\" content=\"2026-01-02T13:54:32+00:00\" \/>\n<meta property=\"og:image\" content=\"https:\/\/tomami.eu\/wp-content\/uploads\/2025\/06\/p-tomami-wuerzstoff-90ml.jpg\" \/>\n\t<meta property=\"og:image:width\" content=\"1130\" \/>\n\t<meta property=\"og:image:height\" content=\"1240\" \/>\n\t<meta property=\"og:image:type\" content=\"image\/jpeg\" \/>\n<script type=\"application\/ld+json\" class=\"yoast-schema-graph\">{\"@context\":\"https:\/\/schema.org\",\"@graph\":[{\"@type\":\"WebPage\",\"@id\":\"https:\/\/tomami.eu\/de\/shop\/tomami-wuerzstoff\/\",\"url\":\"https:\/\/tomami.eu\/de\/shop\/tomami-wuerzstoff\/\",\"name\":\"TOMAMI W\u00fcrzstoff &#8226; TOMAMI \u2022 Damit w\u00fcrz was!\",\"isPartOf\":{\"@id\":\"https:\/\/tomami.eu\/de\/#website\"},\"primaryImageOfPage\":{\"@id\":\"https:\/\/tomami.eu\/de\/shop\/tomami-wuerzstoff\/#primaryimage\"},\"image\":{\"@id\":\"https:\/\/tomami.eu\/de\/shop\/tomami-wuerzstoff\/#primaryimage\"},\"thumbnailUrl\":\"https:\/\/tomami.eu\/wp-content\/uploads\/2025\/06\/p-tomami-wuerzstoff-90ml.jpg\",\"datePublished\":\"2025-05-30T10:24:29+00:00\",\"dateModified\":\"2026-01-02T13:54:32+00:00\",\"description\":\"W\u00fcrzsauce \u2022 Universelle W\u00fcrze \u2022 Intensiv herzhafter Geschmack \u2022 Mit echtem Liebst\u00f6ckelextrakt \ud83c\udf31 und Gew\u00fcrzen \u2022 90 ml Falsche \ud83d\uded2 Hier kaufen\",\"breadcrumb\":{\"@id\":\"https:\/\/tomami.eu\/de\/shop\/tomami-wuerzstoff\/#breadcrumb\"},\"inLanguage\":\"de\",\"potentialAction\":[{\"@type\":\"ReadAction\",\"target\":[\"https:\/\/tomami.eu\/de\/shop\/tomami-wuerzstoff\/\"]}]},{\"@type\":\"ImageObject\",\"inLanguage\":\"de\",\"@id\":\"https:\/\/tomami.eu\/de\/shop\/tomami-wuerzstoff\/#primaryimage\",\"url\":\"https:\/\/tomami.eu\/wp-content\/uploads\/2025\/06\/p-tomami-wuerzstoff-90ml.jpg\",\"contentUrl\":\"https:\/\/tomami.eu\/wp-content\/uploads\/2025\/06\/p-tomami-wuerzstoff-90ml.jpg\",\"width\":1130,\"height\":1240,\"caption\":\"TOMAMI W\u00fcrzstoff \u2022 90 ml \u2022 mit Zutaten\"},{\"@type\":\"BreadcrumbList\",\"@id\":\"https:\/\/tomami.eu\/de\/shop\/tomami-wuerzstoff\/#breadcrumb\",\"itemListElement\":[{\"@type\":\"ListItem\",\"position\":1,\"name\":\"Startseite\",\"item\":\"https:\/\/tomami.eu\/de\/\"},{\"@type\":\"ListItem\",\"position\":2,\"name\":\"Shop\",\"item\":\"https:\/\/tomami.eu\/de\/shop\/\"},{\"@type\":\"ListItem\",\"position\":3,\"name\":\"TOMAMI W\u00fcrzstoff\"}]},{\"@type\":\"WebSite\",\"@id\":\"https:\/\/tomami.eu\/de\/#website\",\"url\":\"https:\/\/tomami.eu\/de\/\",\"name\":\"TOMAMI\u00ae \u2013 Damit w\u00fcrz was!\",\"description\":\"\",\"publisher\":{\"@id\":\"https:\/\/tomami.eu\/de\/#organization\"},\"potentialAction\":[{\"@type\":\"SearchAction\",\"target\":{\"@type\":\"EntryPoint\",\"urlTemplate\":\"https:\/\/tomami.eu\/de\/?s={search_term_string}\"},\"query-input\":{\"@type\":\"PropertyValueSpecification\",\"valueRequired\":true,\"valueName\":\"search_term_string\"}}],\"inLanguage\":\"de\"},{\"@type\":\"Organization\",\"@id\":\"https:\/\/tomami.eu\/de\/#organization\",\"name\":\"TOMAMI\u00ae \u2013 Damit w\u00fcrz was!\",\"url\":\"https:\/\/tomami.eu\/de\/\",\"logo\":{\"@type\":\"ImageObject\",\"inLanguage\":\"de\",\"@id\":\"https:\/\/tomami.eu\/de\/#\/schema\/logo\/image\/\",\"url\":\"https:\/\/tomami.eu\/wp-content\/uploads\/2025\/08\/TOMAMI-web@2x.png\",\"contentUrl\":\"https:\/\/tomami.eu\/wp-content\/uploads\/2025\/08\/TOMAMI-web@2x.png\",\"width\":1440,\"height\":1440,\"caption\":\"TOMAMI\u00ae \u2013 Damit w\u00fcrz was!\"},\"image\":{\"@id\":\"https:\/\/tomami.eu\/de\/#\/schema\/logo\/image\/\"},\"sameAs\":[\"https:\/\/www.facebook.com\/tomami.eu\/\",\"https:\/\/www.instagram.com\/tomami.eu\/\",\"https:\/\/www.youtube.com\/user\/TOMAMIGmbH\",\"https:\/\/www.tiktok.com\/@tomami_official\",\"https:\/\/de.linkedin.com\/company\/tomami\"]}]}<\/script>\n<!-- \/ Yoast SEO plugin. -->","yoast_head_json":{"title":"TOMAMI W\u00fcrzstoff &#8226; TOMAMI \u2022 Damit w\u00fcrz was!","description":"W\u00fcrzsauce \u2022 Universelle W\u00fcrze \u2022 Intensiv herzhafter Geschmack \u2022 Mit echtem Liebst\u00f6ckelextrakt \ud83c\udf31 und Gew\u00fcrzen \u2022 90 ml Falsche \ud83d\uded2 Hier kaufen","robots":{"index":"index","follow":"follow","max-snippet":"max-snippet:-1","max-image-preview":"max-image-preview:large","max-video-preview":"max-video-preview:-1"},"canonical":"https:\/\/tomami.eu\/de\/shop\/tomami-wuerzstoff\/","og_locale":"de_DE","og_type":"article","og_title":"TOMAMI W\u00fcrzstoff &#8226; TOMAMI \u2022 Damit w\u00fcrz was!","og_description":"W\u00fcrzsauce \u2022 Universelle W\u00fcrze \u2022 Intensiv herzhafter Geschmack \u2022 Mit echtem Liebst\u00f6ckelextrakt \ud83c\udf31 und Gew\u00fcrzen \u2022 90 ml Falsche \ud83d\uded2 Hier kaufen","og_url":"https:\/\/tomami.eu\/de\/shop\/tomami-wuerzstoff\/","og_site_name":"TOMAMI \u2022 Damit w\u00fcrz was!","article_publisher":"https:\/\/www.facebook.com\/tomami.eu\/","article_modified_time":"2026-01-02T13:54:32+00:00","og_image":[{"width":1130,"height":1240,"url":"https:\/\/tomami.eu\/wp-content\/uploads\/2025\/06\/p-tomami-wuerzstoff-90ml.jpg","type":"image\/jpeg"}],"schema":{"@context":"https:\/\/schema.org","@graph":[{"@type":"WebPage","@id":"https:\/\/tomami.eu\/de\/shop\/tomami-wuerzstoff\/","url":"https:\/\/tomami.eu\/de\/shop\/tomami-wuerzstoff\/","name":"TOMAMI W\u00fcrzstoff &#8226; TOMAMI \u2022 Damit w\u00fcrz was!","isPartOf":{"@id":"https:\/\/tomami.eu\/de\/#website"},"primaryImageOfPage":{"@id":"https:\/\/tomami.eu\/de\/shop\/tomami-wuerzstoff\/#primaryimage"},"image":{"@id":"https:\/\/tomami.eu\/de\/shop\/tomami-wuerzstoff\/#primaryimage"},"thumbnailUrl":"https:\/\/tomami.eu\/wp-content\/uploads\/2025\/06\/p-tomami-wuerzstoff-90ml.jpg","datePublished":"2025-05-30T10:24:29+00:00","dateModified":"2026-01-02T13:54:32+00:00","description":"W\u00fcrzsauce \u2022 Universelle W\u00fcrze \u2022 Intensiv herzhafter Geschmack \u2022 Mit echtem Liebst\u00f6ckelextrakt \ud83c\udf31 und Gew\u00fcrzen \u2022 90 ml Falsche \ud83d\uded2 Hier kaufen","breadcrumb":{"@id":"https:\/\/tomami.eu\/de\/shop\/tomami-wuerzstoff\/#breadcrumb"},"inLanguage":"de","potentialAction":[{"@type":"ReadAction","target":["https:\/\/tomami.eu\/de\/shop\/tomami-wuerzstoff\/"]}]},{"@type":"ImageObject","inLanguage":"de","@id":"https:\/\/tomami.eu\/de\/shop\/tomami-wuerzstoff\/#primaryimage","url":"https:\/\/tomami.eu\/wp-content\/uploads\/2025\/06\/p-tomami-wuerzstoff-90ml.jpg","contentUrl":"https:\/\/tomami.eu\/wp-content\/uploads\/2025\/06\/p-tomami-wuerzstoff-90ml.jpg","width":1130,"height":1240,"caption":"TOMAMI W\u00fcrzstoff \u2022 90 ml \u2022 mit Zutaten"},{"@type":"BreadcrumbList","@id":"https:\/\/tomami.eu\/de\/shop\/tomami-wuerzstoff\/#breadcrumb","itemListElement":[{"@type":"ListItem","position":1,"name":"Startseite","item":"https:\/\/tomami.eu\/de\/"},{"@type":"ListItem","position":2,"name":"Shop","item":"https:\/\/tomami.eu\/de\/shop\/"},{"@type":"ListItem","position":3,"name":"TOMAMI W\u00fcrzstoff"}]},{"@type":"WebSite","@id":"https:\/\/tomami.eu\/de\/#website","url":"https:\/\/tomami.eu\/de\/","name":"TOMAMI\u00ae \u2013 Damit w\u00fcrz was!","description":"","publisher":{"@id":"https:\/\/tomami.eu\/de\/#organization"},"potentialAction":[{"@type":"SearchAction","target":{"@type":"EntryPoint","urlTemplate":"https:\/\/tomami.eu\/de\/?s={search_term_string}"},"query-input":{"@type":"PropertyValueSpecification","valueRequired":true,"valueName":"search_term_string"}}],"inLanguage":"de"},{"@type":"Organization","@id":"https:\/\/tomami.eu\/de\/#organization","name":"TOMAMI\u00ae \u2013 Damit w\u00fcrz was!","url":"https:\/\/tomami.eu\/de\/","logo":{"@type":"ImageObject","inLanguage":"de","@id":"https:\/\/tomami.eu\/de\/#\/schema\/logo\/image\/","url":"https:\/\/tomami.eu\/wp-content\/uploads\/2025\/08\/TOMAMI-web@2x.png","contentUrl":"https:\/\/tomami.eu\/wp-content\/uploads\/2025\/08\/TOMAMI-web@2x.png","width":1440,"height":1440,"caption":"TOMAMI\u00ae \u2013 Damit w\u00fcrz was!"},"image":{"@id":"https:\/\/tomami.eu\/de\/#\/schema\/logo\/image\/"},"sameAs":["https:\/\/www.facebook.com\/tomami.eu\/","https:\/\/www.instagram.com\/tomami.eu\/","https:\/\/www.youtube.com\/user\/TOMAMIGmbH","https:\/\/www.tiktok.com\/@tomami_official","https:\/\/de.linkedin.com\/company\/tomami"]}]}},"symbion_is_set":false,"_links":{"self":[{"href":"https:\/\/tomami.eu\/de\/wp-json\/wp\/v2\/product\/12339","targetHints":{"allow":["GET"]}}],"collection":[{"href":"https:\/\/tomami.eu\/de\/wp-json\/wp\/v2\/product"}],"about":[{"href":"https:\/\/tomami.eu\/de\/wp-json\/wp\/v2\/types\/product"}],"replies":[{"embeddable":true,"href":"https:\/\/tomami.eu\/de\/wp-json\/wp\/v2\/comments?post=12339"}],"wp:featuredmedia":[{"embeddable":true,"href":"https:\/\/tomami.eu\/de\/wp-json\/wp\/v2\/media\/13657"}],"wp:attachment":[{"href":"https:\/\/tomami.eu\/de\/wp-json\/wp\/v2\/media?parent=12339"}],"wp:term":[{"taxonomy":"product_brand","embeddable":true,"href":"https:\/\/tomami.eu\/de\/wp-json\/wp\/v2\/product_brand?post=12339"},{"taxonomy":"product_cat","embeddable":true,"href":"https:\/\/tomami.eu\/de\/wp-json\/wp\/v2\/product_cat?post=12339"},{"taxonomy":"product_tag","embeddable":true,"href":"https:\/\/tomami.eu\/de\/wp-json\/wp\/v2\/product_tag?post=12339"}],"curies":[{"name":"wp","href":"https:\/\/api.w.org\/{rel}","templated":true}]}}