{"id":12338,"date":"2025-05-30T12:24:29","date_gmt":"2025-05-30T10:24:29","guid":{"rendered":"http:\/\/tomamishop.vist-test.de\/?post_type=product&#038;p=12338"},"modified":"2026-01-02T14:51:19","modified_gmt":"2026-01-02T13:51:19","slug":"tomami-scharfe-sauce-chilimango","status":"publish","type":"product","link":"https:\/\/tomami.eu\/de\/shop\/tomami-scharfe-sauce-chilimango\/","title":{"rendered":"TOMAMI Scharfe Sauce CHILI+MANGO"},"content":{"rendered":"\n<p class=\"has-large-font-size\">Du liebst scharfes Essen? Dann probiere unsere Habanero-Chilisauce mit<strong> feuriger Chili-Sch\u00e4rfe und leichter Mango-Note<\/strong>. <\/p>\n\n\n\n<p>Die TOMAMI Scharfe Sauce passt zu allem, was du scharf w\u00fcrzen m\u00f6chtest. Ob zu Fleisch, Fisch, Gem\u00fcse oder Snacks, du wirst von ihrem feurigen Geschmack begeistert sein.<\/p>\n\n\n\n<ul class=\"wp-block-list\">\n<li>Vegan<\/li>\n\n\n\n<li>Feurig scharf, leicht fruchtig \ud83c\udf36\ufe0f\ud83c\udf36\ufe0f\ud83c\udf36\ufe0f<\/li>\n\n\n\n<li>Mit TOMAMI No.1 f\u00fcr vollmundigen, w\u00fcrzigen Geschmack<\/li>\n<\/ul>\n\n\n\n<p class=\"has-large-font-size\">TOMAMI Scharfe Sauce CHILI+MANGO ist mit TOMAMI No.1 verfeinert, das f\u00fcr den vollmundigen, abgerundeten Geschmack sorgt. <\/p>\n\n\n\n<p>Die Chilisauce wurde in Zusammenarbeit mit Ralf Nowak entwickelt, Deutschlands sch\u00e4rfsten Saucenmacher und Chiliexperten.<\/p>\n\n\n\n<p>Die Chilisauce ist <strong>vegan \u2714\ufe0e<\/strong>, <strong>glutenfrei \u2714\ufe0e<\/strong>, <strong>allergenfrei \u2714\ufe0e<\/strong> (lt. LMIV) und <strong>ohne Geschmacksverst\u00e4rker<\/strong> oder <strong>Konservierungsstoffe<\/strong> \u2714\ufe0e. Sie wird handgemacht und abgef\u00fcllt in Deutschland.<\/p>\n\n\n\n<div class=\"wp-block-group alignfull animate-from-bottom has-global-padding is-layout-constrained wp-container-core-group-is-layout-95d0cd23 wp-block-group-is-layout-constrained\" style=\"padding-top:var(--wp--preset--spacing--40);padding-right:0px;padding-bottom:var(--wp--preset--spacing--40);padding-left:0px\">\n<p class=\"has-text-align-center has-huge-font-size\">Rezepte mit TOMAMI Scharfe Sauce CHILI+MANGO<\/p>\n\n\n\n<div class=\"wp-block-columns alignwide is-layout-flex wp-container-core-columns-is-layout-28f84493 wp-block-columns-is-layout-flex\">\n<div class=\"wp-block-column is-layout-flow wp-block-column-is-layout-flow\">\n<div class=\"wp-block-columns is-layout-flex wp-container-core-columns-is-layout-28f84493 wp-block-columns-is-layout-flex\">\n<div class=\"wp-block-column is-layout-flow wp-block-column-is-layout-flow\" style=\"padding-top:0;padding-bottom:0\">\n<figure class=\"wp-block-image size-full has-custom-border is-style-fuel-shadow-image\"><a href=\"https:\/\/tomami.eu\/de\/rezepte\/vegane-chickenwings\/\"><img loading=\"lazy\" decoding=\"async\" width=\"1706\" height=\"2560\" src=\"https:\/\/tomami.eu\/wp-content\/uploads\/2023\/01\/rezept-vegane-chickenwing-tomami.jpg\" alt=\"Vegane Chicken Wings\" class=\"wp-image-9676\" style=\"border-radius:12px\" title=\"Vegane Chicken Wings\" srcset=\"https:\/\/tomami.eu\/wp-content\/uploads\/2023\/01\/rezept-vegane-chickenwing-tomami.jpg 1706w, https:\/\/tomami.eu\/wp-content\/uploads\/2023\/01\/rezept-vegane-chickenwing-tomami-1400x2101.jpg 1400w, https:\/\/tomami.eu\/wp-content\/uploads\/2023\/01\/rezept-vegane-chickenwing-tomami-500x750.jpg 500w, https:\/\/tomami.eu\/wp-content\/uploads\/2023\/01\/rezept-vegane-chickenwing-tomami-750x1125.jpg 750w, https:\/\/tomami.eu\/wp-content\/uploads\/2023\/01\/rezept-vegane-chickenwing-tomami-768x1152.jpg 768w, https:\/\/tomami.eu\/wp-content\/uploads\/2023\/01\/rezept-vegane-chickenwing-tomami-1024x1536.jpg 1024w, https:\/\/tomami.eu\/wp-content\/uploads\/2023\/01\/rezept-vegane-chickenwing-tomami-1365x2048.jpg 1365w\" sizes=\"auto, (max-width: 1706px) 100vw, 1706px\" \/><\/a><figcaption class=\"wp-element-caption\">Vegane Chicken Wings<\/figcaption><\/figure>\n<\/div>\n\n\n\n<div class=\"wp-block-column is-layout-flow wp-block-column-is-layout-flow\" style=\"padding-top:0;padding-bottom:0\">\n<figure class=\"wp-block-image size-full has-custom-border is-style-fuel-shadow-image\"><a href=\"https:\/\/tomami.eu\/de\/rezepte\/fisch-tacos-mit-fruchtig-scharfer-tomami-mango-chili-sauce\/\"><img loading=\"lazy\" decoding=\"async\" width=\"1138\" height=\"1707\" src=\"https:\/\/tomami.eu\/wp-content\/uploads\/2022\/04\/DSC08256ret-1.jpg\" alt=\"Fisch-Tacos mit fruchtig scharfer TOMAMI Scharfe Sauce CHILI+MANGO\" class=\"wp-image-6173\" style=\"border-radius:12px\" title=\"Fisch-Tacos\" srcset=\"https:\/\/tomami.eu\/wp-content\/uploads\/2022\/04\/DSC08256ret-1.jpg 1138w, https:\/\/tomami.eu\/wp-content\/uploads\/2022\/04\/DSC08256ret-1-500x750.jpg 500w, https:\/\/tomami.eu\/wp-content\/uploads\/2022\/04\/DSC08256ret-1-750x1125.jpg 750w, https:\/\/tomami.eu\/wp-content\/uploads\/2022\/04\/DSC08256ret-1-768x1152.jpg 768w, https:\/\/tomami.eu\/wp-content\/uploads\/2022\/04\/DSC08256ret-1-1024x1536.jpg 1024w\" sizes=\"auto, (max-width: 1138px) 100vw, 1138px\" \/><\/a><figcaption class=\"wp-element-caption\">Fisch-Tacos<\/figcaption><\/figure>\n<\/div>\n\n\n\n<div class=\"wp-block-column is-layout-flow wp-block-column-is-layout-flow\" style=\"padding-top:0\">\n<figure class=\"wp-block-image size-full has-custom-border is-style-fuel-shadow-image\"><a href=\"https:\/\/tomami.eu\/de\/rezepte\/samosa-mit-suesskartoffelfuellung\/\"><img loading=\"lazy\" decoding=\"async\" width=\"853\" height=\"1280\" src=\"https:\/\/tomami.eu\/wp-content\/uploads\/2022\/04\/rezept-samosa-tomami-hot-india.jpg\" alt=\"Samosa mit S\u00fc\u00df\u00adkartoffel\u00ad\u00adf\u00fcllung\" class=\"wp-image-5271\" style=\"border-radius:12px\" title=\"Samosa mit S\u00fc\u00df\u00adkartoffel\u00ad\u00adf\u00fcllung\" srcset=\"https:\/\/tomami.eu\/wp-content\/uploads\/2022\/04\/rezept-samosa-tomami-hot-india.jpg 853w, https:\/\/tomami.eu\/wp-content\/uploads\/2022\/04\/rezept-samosa-tomami-hot-india-500x750.jpg 500w, https:\/\/tomami.eu\/wp-content\/uploads\/2022\/04\/rezept-samosa-tomami-hot-india-750x1125.jpg 750w, https:\/\/tomami.eu\/wp-content\/uploads\/2022\/04\/rezept-samosa-tomami-hot-india-768x1152.jpg 768w\" sizes=\"auto, (max-width: 853px) 100vw, 853px\" \/><\/a><figcaption class=\"wp-element-caption\">Samosa mit S\u00fc\u00df\u00adkartoffel\u00ad\u00adf\u00fcllung<\/figcaption><\/figure>\n<\/div>\n\n\n\n<div class=\"wp-block-column is-layout-flow wp-block-column-is-layout-flow\" style=\"padding-top:0;padding-bottom:0\">\n<figure class=\"wp-block-image size-full has-custom-border is-style-fuel-shadow-image\"><a href=\"https:\/\/tomami.eu\/de\/rezepte\/tomami-schnelle-nummer-taco-mit-tomami-vegan-hack-2\/\"><img loading=\"lazy\" decoding=\"async\" width=\"853\" height=\"1280\" src=\"https:\/\/tomami.eu\/wp-content\/uploads\/2025\/05\/Taco-mit-TOMAMI-Vegan-Hack-scaled-1.jpg\" alt=\"Taco mit TOMAMI Vegan Hack\" class=\"wp-image-14363\" style=\"border-radius:12px\" title=\"Taco\" srcset=\"https:\/\/tomami.eu\/wp-content\/uploads\/2025\/05\/Taco-mit-TOMAMI-Vegan-Hack-scaled-1.jpg 853w, https:\/\/tomami.eu\/wp-content\/uploads\/2025\/05\/Taco-mit-TOMAMI-Vegan-Hack-scaled-1-500x750.jpg 500w, https:\/\/tomami.eu\/wp-content\/uploads\/2025\/05\/Taco-mit-TOMAMI-Vegan-Hack-scaled-1-750x1125.jpg 750w, https:\/\/tomami.eu\/wp-content\/uploads\/2025\/05\/Taco-mit-TOMAMI-Vegan-Hack-scaled-1-768x1152.jpg 768w\" sizes=\"auto, (max-width: 853px) 100vw, 853px\" \/><\/a><figcaption class=\"wp-element-caption\">Taco<\/figcaption><\/figure>\n<\/div>\n<\/div>\n<\/div>\n<\/div>\n\n\n\n<div class=\"wp-block-buttons is-content-justification-center is-layout-flex wp-container-core-buttons-is-layout-fe1bbffc wp-block-buttons-is-layout-flex\" style=\"padding-top:var(--wp--preset--spacing--30);padding-bottom:var(--wp--preset--spacing--30)\">\n<div class=\"wp-block-button\"><a class=\"wp-block-button__link wp-element-button\" href=\"https:\/\/tomami.eu\/de\/rezepte\/\">Entdecke noch weitere Rezepte<\/a><\/div>\n<\/div>\n<\/div>\n\n\n\n<p class=\"has-text-align-center has-large-font-size\" style=\"padding-right:20%;padding-left:20%\">Bestelle <strong>TOMAMI Scharfe Sauce CHILI+MANGO<\/strong> und \u00fcberzeuge dich selbst von der feurigen Chili-Sch\u00e4rfe und der leichten Mango-Note unserer W\u00fcrzsauce.<\/p>\n\n\n\n<div class=\"wp-block-group has-global-padding is-layout-constrained wp-block-group-is-layout-constrained\" style=\"padding-top:var(--wp--preset--spacing--40);padding-bottom:var(--wp--preset--spacing--40)\">\n<p class=\"has-text-align-center has-huge-font-size\">FAQ<\/p>\n\n\n\n<div class=\"wp-block-group alignfull has-global-padding is-layout-constrained wp-container-core-group-is-layout-dedbb937 wp-block-group-is-layout-constrained\" style=\"padding-top:0;padding-right:0;padding-bottom:0;padding-left:0\">\n<div class=\"wp-block-group alignwide is-style-default has-secondary-background-color has-background has-global-padding is-layout-constrained wp-container-core-group-is-layout-23b1a4dc wp-block-group-is-layout-constrained\" style=\"padding-top:var(--wp--preset--spacing--30);padding-right:var(--wp--preset--spacing--30);padding-bottom:var(--wp--preset--spacing--30);padding-left:var(--wp--preset--spacing--30)\">\n<div class=\"wp-block-group alignfull faq has-global-padding is-layout-constrained wp-container-core-group-is-layout-88816f74 wp-block-group-is-layout-constrained\" style=\"padding-top:0px;padding-right:0px;padding-bottom:0px;padding-left:0px\">\n<div class=\"wp-block-group trigger is-style-default is-content-justification-space-between is-nowrap is-layout-flex wp-container-core-group-is-layout-48f8553a wp-block-group-is-layout-flex\" style=\"border-bottom-style:none;border-bottom-width:0px;padding-top:0;padding-right:0;padding-bottom:0;padding-left:0\">\n<h3 class=\"wp-block-heading\" style=\"font-style:normal;font-weight:400\">Wie dosiere ich TOMAMI richtig?<\/h3>\n\n\n\n<p class=\"has-large-font-size\">+<\/p>\n<\/div>\n\n\n\n<div class=\"wp-block-group content has-secondary-background-color has-background has-global-padding is-layout-constrained wp-container-core-group-is-layout-254f1302 wp-block-group-is-layout-constrained\" style=\"border-bottom-style:none;border-bottom-width:0px;padding-top:0;padding-right:0;padding-bottom:0;padding-left:0\">\n<p><strong>Wenig dazugeben<\/strong>, <strong>abschmecken<\/strong>, <strong>etwas mehr dazugeben<\/strong>, <strong>abschmecken<\/strong>\u2026 Ob ein Tropfen, ein Schuss oder mehr \u2013 <strong>du entscheidest<\/strong>, wie intensiv das S\u00fc\u00dfe-S\u00e4ure-Spiel an deinem Gaumen ausf\u00e4llt. Also einfach mutig sein und testen!<\/p>\n<\/div>\n\n\n\n<hr class=\"wp-block-separator has-text-color has-foreground-color has-alpha-channel-opacity has-foreground-background-color has-background\" style=\"margin-top:var(--wp--preset--spacing--30);margin-bottom:var(--wp--preset--spacing--30)\"\/>\n<\/div>\n\n\n\n<div class=\"wp-block-group alignfull faq has-global-padding is-layout-constrained wp-container-core-group-is-layout-88816f74 wp-block-group-is-layout-constrained\" style=\"padding-top:0px;padding-right:0px;padding-bottom:0px;padding-left:0px\">\n<div class=\"wp-block-group trigger is-style-default is-content-justification-space-between is-nowrap is-layout-flex wp-container-core-group-is-layout-48f8553a wp-block-group-is-layout-flex\" style=\"border-bottom-style:none;border-bottom-width:0px;padding-top:0;padding-right:0;padding-bottom:0;padding-left:0\">\n<h3 class=\"wp-block-heading\" style=\"font-style:normal;font-weight:400\">Wie bewahre ich TOMAMI auf?<\/h3>\n\n\n\n<p class=\"has-large-font-size\">+<\/p>\n<\/div>\n\n\n\n<div class=\"wp-block-group content has-secondary-background-color has-background has-global-padding is-layout-constrained wp-container-core-group-is-layout-254f1302 wp-block-group-is-layout-constrained\" style=\"border-bottom-style:none;border-bottom-width:0px;padding-top:0;padding-right:0;padding-bottom:0;padding-left:0\">\n<p><strong>Vor dem Anbruch<\/strong> bei <strong>Zimmertemperatur<\/strong>, <strong>nach dem \u00d6ffne<\/strong>n f\u00fchlt sich die TOMAMI Flasche im <strong>K\u00fchlschrank<\/strong> am wohlsten.<\/p>\n<\/div>\n\n\n\n<hr class=\"wp-block-separator has-text-color has-foreground-color has-alpha-channel-opacity has-foreground-background-color has-background\" style=\"margin-top:var(--wp--preset--spacing--30);margin-bottom:var(--wp--preset--spacing--30)\"\/>\n<\/div>\n\n\n\n<div class=\"wp-block-group alignfull faq has-global-padding is-layout-constrained wp-container-core-group-is-layout-88816f74 wp-block-group-is-layout-constrained\" style=\"padding-top:0px;padding-right:0px;padding-bottom:0px;padding-left:0px\">\n<div class=\"wp-block-group trigger is-style-default is-content-justification-space-between is-nowrap is-layout-flex wp-container-core-group-is-layout-48f8553a wp-block-group-is-layout-flex\" style=\"border-bottom-style:none;border-bottom-width:0px;padding-top:0;padding-right:0;padding-bottom:0;padding-left:0\">\n<h3 class=\"wp-block-heading\" style=\"font-style:normal;font-weight:400\">Wie lange sind die Produkte haltbar?<\/h3>\n\n\n\n<p class=\"has-large-font-size\">+<\/p>\n<\/div>\n\n\n\n<div class=\"wp-block-group content has-secondary-background-color has-background has-global-padding is-layout-constrained wp-container-core-group-is-layout-254f1302 wp-block-group-is-layout-constrained\" style=\"border-bottom-style:none;border-bottom-width:0px;padding-top:0;padding-right:0;padding-bottom:0;padding-left:0\">\n<p>Unge\u00f6ffnet sind unsere TOMAMIs bis zu<strong> 18 Monate haltbar<\/strong> \u2013 ab Produktion. Nach dem \u00d6ffnen am besten im K\u00fchlschrank aufbewahren und innerhalb von <strong>ca. 6 Monaten<\/strong> verbrauchen.<\/p>\n<\/div>\n\n\n\n<hr class=\"wp-block-separator has-text-color has-foreground-color has-alpha-channel-opacity has-foreground-background-color has-background\" style=\"margin-top:var(--wp--preset--spacing--30);margin-bottom:var(--wp--preset--spacing--30)\"\/>\n<\/div>\n<\/div>\n<\/div>\n<\/div>\n","protected":false},"excerpt":{"rendered":"<p>\u25cf Feurige Chili-Sch\u00e4rfe und leichte Mango-Note <br \/>\u25cf Feurig scharf, leicht fruchtig \ud83c\udf36\ufe0f\ud83c\udf36\ufe0f\ud83c\udf36\ufe0f <br \/>\u25cf Verfeinert alles, was besonders scharf sein soll <br \/>\u25cf 90 ml Flasche<\/p>\n","protected":false},"featured_media":13656,"comment_status":"closed","ping_status":"closed","template":"","meta":{"_symbion_is_product_set":""},"product_brand":[],"product_cat":[361],"product_tag":[],"class_list":{"0":"post-12338","1":"product","2":"type-product","3":"status-publish","4":"has-post-thumbnail","6":"product_cat-chilisaucen","8":"first","9":"instock","10":"taxable","11":"shipping-taxable","12":"purchasable","13":"product-type-simple"},"yoast_head":"<!-- This site is optimized with the Yoast SEO plugin v26.6 - https:\/\/yoast.com\/wordpress\/plugins\/seo\/ -->\n<title>TOMAMI Scharfe Sauce CHILI+MANGO &#8226; TOMAMI \u2022 Damit w\u00fcrz was!<\/title>\n<meta name=\"description\" content=\"W\u00fcrzsauce \u2022 Feurige Chili-Sch\u00e4rfe und leichter Mango-Note \ud83c\udf36\ufe0f\ud83c\udf36\ufe0f\ud83c\udf36\ufe0f \u2022 Verfeinert alles, was besonders scharf sein soll \u2022 90 ml Flasche \ud83d\uded2 Hier kaufen\" \/>\n<meta name=\"robots\" content=\"index, follow, max-snippet:-1, max-image-preview:large, max-video-preview:-1\" \/>\n<link rel=\"canonical\" href=\"https:\/\/tomami.eu\/de\/shop\/tomami-scharfe-sauce-chilimango\/\" \/>\n<meta property=\"og:locale\" content=\"de_DE\" \/>\n<meta property=\"og:type\" content=\"article\" \/>\n<meta property=\"og:title\" content=\"TOMAMI Scharfe Sauce CHILI+MANGO &#8226; TOMAMI \u2022 Damit w\u00fcrz was!\" \/>\n<meta property=\"og:description\" content=\"W\u00fcrzsauce \u2022 Feurige Chili-Sch\u00e4rfe und leichter Mango-Note \ud83c\udf36\ufe0f\ud83c\udf36\ufe0f\ud83c\udf36\ufe0f \u2022 Verfeinert alles, was besonders scharf sein soll \u2022 90 ml Flasche \ud83d\uded2 Hier kaufen\" \/>\n<meta property=\"og:url\" content=\"https:\/\/tomami.eu\/de\/shop\/tomami-scharfe-sauce-chilimango\/\" \/>\n<meta property=\"og:site_name\" content=\"TOMAMI \u2022 Damit w\u00fcrz was!\" \/>\n<meta property=\"article:publisher\" content=\"https:\/\/www.facebook.com\/tomami.eu\/\" \/>\n<meta property=\"article:modified_time\" content=\"2026-01-02T13:51:19+00:00\" \/>\n<meta property=\"og:image\" content=\"https:\/\/tomami.eu\/wp-content\/uploads\/2025\/06\/p-tomami-scharfe-sauce-chilimango-90ml.jpg\" \/>\n\t<meta property=\"og:image:width\" content=\"1130\" \/>\n\t<meta property=\"og:image:height\" content=\"1240\" \/>\n\t<meta property=\"og:image:type\" content=\"image\/jpeg\" \/>\n<script type=\"application\/ld+json\" class=\"yoast-schema-graph\">{\"@context\":\"https:\/\/schema.org\",\"@graph\":[{\"@type\":\"WebPage\",\"@id\":\"https:\/\/tomami.eu\/de\/shop\/tomami-scharfe-sauce-chilimango\/\",\"url\":\"https:\/\/tomami.eu\/de\/shop\/tomami-scharfe-sauce-chilimango\/\",\"name\":\"TOMAMI Scharfe Sauce CHILI+MANGO &#8226; TOMAMI \u2022 Damit w\u00fcrz was!\",\"isPartOf\":{\"@id\":\"https:\/\/tomami.eu\/de\/#website\"},\"primaryImageOfPage\":{\"@id\":\"https:\/\/tomami.eu\/de\/shop\/tomami-scharfe-sauce-chilimango\/#primaryimage\"},\"image\":{\"@id\":\"https:\/\/tomami.eu\/de\/shop\/tomami-scharfe-sauce-chilimango\/#primaryimage\"},\"thumbnailUrl\":\"https:\/\/tomami.eu\/wp-content\/uploads\/2025\/06\/p-tomami-scharfe-sauce-chilimango-90ml.jpg\",\"datePublished\":\"2025-05-30T10:24:29+00:00\",\"dateModified\":\"2026-01-02T13:51:19+00:00\",\"description\":\"W\u00fcrzsauce \u2022 Feurige Chili-Sch\u00e4rfe und leichter Mango-Note \ud83c\udf36\ufe0f\ud83c\udf36\ufe0f\ud83c\udf36\ufe0f \u2022 Verfeinert alles, was besonders scharf sein soll \u2022 90 ml Flasche \ud83d\uded2 Hier kaufen\",\"breadcrumb\":{\"@id\":\"https:\/\/tomami.eu\/de\/shop\/tomami-scharfe-sauce-chilimango\/#breadcrumb\"},\"inLanguage\":\"de\",\"potentialAction\":[{\"@type\":\"ReadAction\",\"target\":[\"https:\/\/tomami.eu\/de\/shop\/tomami-scharfe-sauce-chilimango\/\"]}]},{\"@type\":\"ImageObject\",\"inLanguage\":\"de\",\"@id\":\"https:\/\/tomami.eu\/de\/shop\/tomami-scharfe-sauce-chilimango\/#primaryimage\",\"url\":\"https:\/\/tomami.eu\/wp-content\/uploads\/2025\/06\/p-tomami-scharfe-sauce-chilimango-90ml.jpg\",\"contentUrl\":\"https:\/\/tomami.eu\/wp-content\/uploads\/2025\/06\/p-tomami-scharfe-sauce-chilimango-90ml.jpg\",\"width\":1130,\"height\":1240,\"caption\":\"TOMAMI Scharfe Sauce CHILI+MANGO \u2022 90 ml \u2022 mit Zutaten\"},{\"@type\":\"BreadcrumbList\",\"@id\":\"https:\/\/tomami.eu\/de\/shop\/tomami-scharfe-sauce-chilimango\/#breadcrumb\",\"itemListElement\":[{\"@type\":\"ListItem\",\"position\":1,\"name\":\"Startseite\",\"item\":\"https:\/\/tomami.eu\/de\/\"},{\"@type\":\"ListItem\",\"position\":2,\"name\":\"Shop\",\"item\":\"https:\/\/tomami.eu\/de\/shop\/\"},{\"@type\":\"ListItem\",\"position\":3,\"name\":\"TOMAMI Scharfe Sauce CHILI+MANGO\"}]},{\"@type\":\"WebSite\",\"@id\":\"https:\/\/tomami.eu\/de\/#website\",\"url\":\"https:\/\/tomami.eu\/de\/\",\"name\":\"TOMAMI\u00ae \u2013 Damit w\u00fcrz was!\",\"description\":\"\",\"publisher\":{\"@id\":\"https:\/\/tomami.eu\/de\/#organization\"},\"potentialAction\":[{\"@type\":\"SearchAction\",\"target\":{\"@type\":\"EntryPoint\",\"urlTemplate\":\"https:\/\/tomami.eu\/de\/?s={search_term_string}\"},\"query-input\":{\"@type\":\"PropertyValueSpecification\",\"valueRequired\":true,\"valueName\":\"search_term_string\"}}],\"inLanguage\":\"de\"},{\"@type\":\"Organization\",\"@id\":\"https:\/\/tomami.eu\/de\/#organization\",\"name\":\"TOMAMI\u00ae \u2013 Damit w\u00fcrz was!\",\"url\":\"https:\/\/tomami.eu\/de\/\",\"logo\":{\"@type\":\"ImageObject\",\"inLanguage\":\"de\",\"@id\":\"https:\/\/tomami.eu\/de\/#\/schema\/logo\/image\/\",\"url\":\"https:\/\/tomami.eu\/wp-content\/uploads\/2025\/08\/TOMAMI-web@2x.png\",\"contentUrl\":\"https:\/\/tomami.eu\/wp-content\/uploads\/2025\/08\/TOMAMI-web@2x.png\",\"width\":1440,\"height\":1440,\"caption\":\"TOMAMI\u00ae \u2013 Damit w\u00fcrz was!\"},\"image\":{\"@id\":\"https:\/\/tomami.eu\/de\/#\/schema\/logo\/image\/\"},\"sameAs\":[\"https:\/\/www.facebook.com\/tomami.eu\/\",\"https:\/\/www.instagram.com\/tomami.eu\/\",\"https:\/\/www.youtube.com\/user\/TOMAMIGmbH\",\"https:\/\/www.tiktok.com\/@tomami_official\",\"https:\/\/de.linkedin.com\/company\/tomami\"]}]}<\/script>\n<!-- \/ Yoast SEO plugin. -->","yoast_head_json":{"title":"TOMAMI Scharfe Sauce CHILI+MANGO &#8226; TOMAMI \u2022 Damit w\u00fcrz was!","description":"W\u00fcrzsauce \u2022 Feurige Chili-Sch\u00e4rfe und leichter Mango-Note \ud83c\udf36\ufe0f\ud83c\udf36\ufe0f\ud83c\udf36\ufe0f \u2022 Verfeinert alles, was besonders scharf sein soll \u2022 90 ml Flasche \ud83d\uded2 Hier kaufen","robots":{"index":"index","follow":"follow","max-snippet":"max-snippet:-1","max-image-preview":"max-image-preview:large","max-video-preview":"max-video-preview:-1"},"canonical":"https:\/\/tomami.eu\/de\/shop\/tomami-scharfe-sauce-chilimango\/","og_locale":"de_DE","og_type":"article","og_title":"TOMAMI Scharfe Sauce CHILI+MANGO &#8226; TOMAMI \u2022 Damit w\u00fcrz was!","og_description":"W\u00fcrzsauce \u2022 Feurige Chili-Sch\u00e4rfe und leichter Mango-Note \ud83c\udf36\ufe0f\ud83c\udf36\ufe0f\ud83c\udf36\ufe0f \u2022 Verfeinert alles, was besonders scharf sein soll \u2022 90 ml Flasche \ud83d\uded2 Hier kaufen","og_url":"https:\/\/tomami.eu\/de\/shop\/tomami-scharfe-sauce-chilimango\/","og_site_name":"TOMAMI \u2022 Damit w\u00fcrz was!","article_publisher":"https:\/\/www.facebook.com\/tomami.eu\/","article_modified_time":"2026-01-02T13:51:19+00:00","og_image":[{"width":1130,"height":1240,"url":"https:\/\/tomami.eu\/wp-content\/uploads\/2025\/06\/p-tomami-scharfe-sauce-chilimango-90ml.jpg","type":"image\/jpeg"}],"schema":{"@context":"https:\/\/schema.org","@graph":[{"@type":"WebPage","@id":"https:\/\/tomami.eu\/de\/shop\/tomami-scharfe-sauce-chilimango\/","url":"https:\/\/tomami.eu\/de\/shop\/tomami-scharfe-sauce-chilimango\/","name":"TOMAMI Scharfe Sauce CHILI+MANGO &#8226; TOMAMI \u2022 Damit w\u00fcrz was!","isPartOf":{"@id":"https:\/\/tomami.eu\/de\/#website"},"primaryImageOfPage":{"@id":"https:\/\/tomami.eu\/de\/shop\/tomami-scharfe-sauce-chilimango\/#primaryimage"},"image":{"@id":"https:\/\/tomami.eu\/de\/shop\/tomami-scharfe-sauce-chilimango\/#primaryimage"},"thumbnailUrl":"https:\/\/tomami.eu\/wp-content\/uploads\/2025\/06\/p-tomami-scharfe-sauce-chilimango-90ml.jpg","datePublished":"2025-05-30T10:24:29+00:00","dateModified":"2026-01-02T13:51:19+00:00","description":"W\u00fcrzsauce \u2022 Feurige Chili-Sch\u00e4rfe und leichter Mango-Note \ud83c\udf36\ufe0f\ud83c\udf36\ufe0f\ud83c\udf36\ufe0f \u2022 Verfeinert alles, was besonders scharf sein soll \u2022 90 ml Flasche \ud83d\uded2 Hier kaufen","breadcrumb":{"@id":"https:\/\/tomami.eu\/de\/shop\/tomami-scharfe-sauce-chilimango\/#breadcrumb"},"inLanguage":"de","potentialAction":[{"@type":"ReadAction","target":["https:\/\/tomami.eu\/de\/shop\/tomami-scharfe-sauce-chilimango\/"]}]},{"@type":"ImageObject","inLanguage":"de","@id":"https:\/\/tomami.eu\/de\/shop\/tomami-scharfe-sauce-chilimango\/#primaryimage","url":"https:\/\/tomami.eu\/wp-content\/uploads\/2025\/06\/p-tomami-scharfe-sauce-chilimango-90ml.jpg","contentUrl":"https:\/\/tomami.eu\/wp-content\/uploads\/2025\/06\/p-tomami-scharfe-sauce-chilimango-90ml.jpg","width":1130,"height":1240,"caption":"TOMAMI Scharfe Sauce CHILI+MANGO \u2022 90 ml \u2022 mit Zutaten"},{"@type":"BreadcrumbList","@id":"https:\/\/tomami.eu\/de\/shop\/tomami-scharfe-sauce-chilimango\/#breadcrumb","itemListElement":[{"@type":"ListItem","position":1,"name":"Startseite","item":"https:\/\/tomami.eu\/de\/"},{"@type":"ListItem","position":2,"name":"Shop","item":"https:\/\/tomami.eu\/de\/shop\/"},{"@type":"ListItem","position":3,"name":"TOMAMI Scharfe Sauce CHILI+MANGO"}]},{"@type":"WebSite","@id":"https:\/\/tomami.eu\/de\/#website","url":"https:\/\/tomami.eu\/de\/","name":"TOMAMI\u00ae \u2013 Damit w\u00fcrz was!","description":"","publisher":{"@id":"https:\/\/tomami.eu\/de\/#organization"},"potentialAction":[{"@type":"SearchAction","target":{"@type":"EntryPoint","urlTemplate":"https:\/\/tomami.eu\/de\/?s={search_term_string}"},"query-input":{"@type":"PropertyValueSpecification","valueRequired":true,"valueName":"search_term_string"}}],"inLanguage":"de"},{"@type":"Organization","@id":"https:\/\/tomami.eu\/de\/#organization","name":"TOMAMI\u00ae \u2013 Damit w\u00fcrz was!","url":"https:\/\/tomami.eu\/de\/","logo":{"@type":"ImageObject","inLanguage":"de","@id":"https:\/\/tomami.eu\/de\/#\/schema\/logo\/image\/","url":"https:\/\/tomami.eu\/wp-content\/uploads\/2025\/08\/TOMAMI-web@2x.png","contentUrl":"https:\/\/tomami.eu\/wp-content\/uploads\/2025\/08\/TOMAMI-web@2x.png","width":1440,"height":1440,"caption":"TOMAMI\u00ae \u2013 Damit w\u00fcrz was!"},"image":{"@id":"https:\/\/tomami.eu\/de\/#\/schema\/logo\/image\/"},"sameAs":["https:\/\/www.facebook.com\/tomami.eu\/","https:\/\/www.instagram.com\/tomami.eu\/","https:\/\/www.youtube.com\/user\/TOMAMIGmbH","https:\/\/www.tiktok.com\/@tomami_official","https:\/\/de.linkedin.com\/company\/tomami"]}]}},"symbion_is_set":false,"_links":{"self":[{"href":"https:\/\/tomami.eu\/de\/wp-json\/wp\/v2\/product\/12338","targetHints":{"allow":["GET"]}}],"collection":[{"href":"https:\/\/tomami.eu\/de\/wp-json\/wp\/v2\/product"}],"about":[{"href":"https:\/\/tomami.eu\/de\/wp-json\/wp\/v2\/types\/product"}],"replies":[{"embeddable":true,"href":"https:\/\/tomami.eu\/de\/wp-json\/wp\/v2\/comments?post=12338"}],"wp:featuredmedia":[{"embeddable":true,"href":"https:\/\/tomami.eu\/de\/wp-json\/wp\/v2\/media\/13656"}],"wp:attachment":[{"href":"https:\/\/tomami.eu\/de\/wp-json\/wp\/v2\/media?parent=12338"}],"wp:term":[{"taxonomy":"product_brand","embeddable":true,"href":"https:\/\/tomami.eu\/de\/wp-json\/wp\/v2\/product_brand?post=12338"},{"taxonomy":"product_cat","embeddable":true,"href":"https:\/\/tomami.eu\/de\/wp-json\/wp\/v2\/product_cat?post=12338"},{"taxonomy":"product_tag","embeddable":true,"href":"https:\/\/tomami.eu\/de\/wp-json\/wp\/v2\/product_tag?post=12338"}],"curies":[{"name":"wp","href":"https:\/\/api.w.org\/{rel}","templated":true}]}}