{"id":12325,"date":"2025-05-30T12:24:22","date_gmt":"2025-05-30T10:24:22","guid":{"rendered":"http:\/\/tomamishop.vist-test.de\/?post_type=product&#038;p=12325"},"modified":"2025-09-10T10:52:44","modified_gmt":"2025-09-10T08:52:44","slug":"wuerzpaste-umami-powered-by-tomami","status":"publish","type":"product","link":"https:\/\/tomami.eu\/de\/shop\/wuerzpaste-umami-powered-by-tomami\/","title":{"rendered":"W\u00fcrzpaste Umami \u2013 powered by TOMAMI"},"content":{"rendered":"\n<p class=\"has-large-font-size\">Lasse deine Geschmacksknospen tanzen! Erzeuge den magischen Umami-Moment mit dieser W\u00fcrzpaste von Ingo Holland und Stefan Marquard. <\/p>\n\n\n\n<p>Die leckere Paste, der beiden Hochkar\u00e4ter aus der Spitzengastronomie, vereint die Aromen von Shii Takee und Tomate zu einem <strong>umami-reichen Geschmackskick<\/strong>.<\/p>\n\n\n\n<p>Verleiht als Finish eingesetzt, jeder Sauce das gewisse Etwas. Das Geheimnis der k\u00f6stlichen W\u00fcrzpaste? Die Umami-Power von TOMAMI!<\/p>\n\n\n\n<ul class=\"wp-block-list\">\n<li>Ausschlie\u00dflich nat\u00fcrliche Zutaten<\/li>\n\n\n\n<li>Typisch w\u00fcrziger und wohlschmeckender Umami-Geschmack<\/li>\n\n\n\n<li>Mit TOMAMI Boost<\/li>\n<\/ul>\n\n\n\n<p>\u00dcberzeuge dich selbst von der Qualit\u00e4t und dem Geschmack dieser einzigartigen Pastenkreation von Ingo Holland und Stefan Marquard.<\/p>\n\n\n\n<p>Nach dem \u00d6ffnen k\u00fchl lagern.<\/p>\n\n\n\n<p><span style=\"text-decoration: underline;\">Hersteller:<\/span> <br>Altes Gew\u00fcrzamt GmbH, Fr\u00fchlingstra\u00dfe 37, 63911 Klingenberg<\/p>\n\n\n\n<div class=\"wp-block-group alignfull animate-from-bottom has-global-padding is-layout-constrained wp-container-core-group-is-layout-95d0cd23 wp-block-group-is-layout-constrained\" style=\"padding-top:var(--wp--preset--spacing--40);padding-right:0px;padding-bottom:var(--wp--preset--spacing--40);padding-left:0px\">\n<p class=\"has-text-align-center has-huge-font-size\">Rezepte mit W\u00fcrzpaste Umami<\/p>\n\n\n\n<div class=\"wp-block-columns alignwide is-layout-flex wp-container-core-columns-is-layout-28f84493 wp-block-columns-is-layout-flex\">\n<div class=\"wp-block-column is-layout-flow wp-block-column-is-layout-flow\">\n<div class=\"wp-block-columns is-layout-flex wp-container-core-columns-is-layout-28f84493 wp-block-columns-is-layout-flex\">\n<div class=\"wp-block-column is-layout-flow wp-block-column-is-layout-flow\" style=\"padding-top:0;padding-bottom:0\">\n<figure class=\"wp-block-image size-full has-custom-border is-style-fuel-shadow-image\"><a href=\"https:\/\/tomami.eu\/de\/rezepte\/gemuesepaste-umami\/\"><img loading=\"lazy\" decoding=\"async\" width=\"1706\" height=\"2560\" src=\"https:\/\/tomami.eu\/wp-content\/uploads\/2023\/01\/rezept-gmuesepaste-tomami.jpg\" alt=\"Gem\u00fcsepaste im Glas und TOMAMI W\u00fcrzstoff\" class=\"wp-image-9709\" style=\"border-radius:12px\" title=\"Gem\u00fcsepaste Umami\" srcset=\"https:\/\/tomami.eu\/wp-content\/uploads\/2023\/01\/rezept-gmuesepaste-tomami.jpg 1706w, https:\/\/tomami.eu\/wp-content\/uploads\/2023\/01\/rezept-gmuesepaste-tomami-1400x2101.jpg 1400w, https:\/\/tomami.eu\/wp-content\/uploads\/2023\/01\/rezept-gmuesepaste-tomami-500x750.jpg 500w, https:\/\/tomami.eu\/wp-content\/uploads\/2023\/01\/rezept-gmuesepaste-tomami-750x1125.jpg 750w, https:\/\/tomami.eu\/wp-content\/uploads\/2023\/01\/rezept-gmuesepaste-tomami-768x1152.jpg 768w, https:\/\/tomami.eu\/wp-content\/uploads\/2023\/01\/rezept-gmuesepaste-tomami-1024x1536.jpg 1024w, https:\/\/tomami.eu\/wp-content\/uploads\/2023\/01\/rezept-gmuesepaste-tomami-1365x2048.jpg 1365w\" sizes=\"auto, (max-width: 1706px) 100vw, 1706px\" \/><\/a><figcaption class=\"wp-element-caption\">Gem\u00fcsepaste Umami<\/figcaption><\/figure>\n<\/div>\n\n\n\n<div class=\"wp-block-column is-layout-flow wp-block-column-is-layout-flow\" style=\"padding-top:0;padding-bottom:0\">\n<figure class=\"wp-block-image size-full has-custom-border is-style-fuel-shadow-image\"><a href=\"https:\/\/tomami.eu\/de\/rezepte\/joes-huehnersuppe-der-biologische-erkaeltungskiller\/\"><img loading=\"lazy\" decoding=\"async\" width=\"1138\" height=\"1707\" src=\"https:\/\/tomami.eu\/wp-content\/uploads\/2022\/04\/rezept-huehnersupp-tomami-umami.jpg\" alt=\"Joe\u2019s H\u00fchnersuppe, der biologische Erk\u00e4ltungskiller\" class=\"wp-image-4767\" style=\"border-radius:12px\" title=\"Joe\u2019s H\u00fchnersuppe, der biologische Erk\u00e4ltungskiller\" srcset=\"https:\/\/tomami.eu\/wp-content\/uploads\/2022\/04\/rezept-huehnersupp-tomami-umami.jpg 1138w, https:\/\/tomami.eu\/wp-content\/uploads\/2022\/04\/rezept-huehnersupp-tomami-umami-500x750.jpg 500w, https:\/\/tomami.eu\/wp-content\/uploads\/2022\/04\/rezept-huehnersupp-tomami-umami-750x1125.jpg 750w, https:\/\/tomami.eu\/wp-content\/uploads\/2022\/04\/rezept-huehnersupp-tomami-umami-768x1152.jpg 768w, https:\/\/tomami.eu\/wp-content\/uploads\/2022\/04\/rezept-huehnersupp-tomami-umami-1024x1536.jpg 1024w\" sizes=\"auto, (max-width: 1138px) 100vw, 1138px\" \/><\/a><figcaption class=\"wp-element-caption\">Joe\u2019s H\u00fchnersuppe, der biologische Erk\u00e4ltungskiller<\/figcaption><\/figure>\n<\/div>\n\n\n\n<div class=\"wp-block-column is-layout-flow wp-block-column-is-layout-flow\" style=\"padding-top:0;padding-bottom:0\">\n<figure class=\"wp-block-image size-full has-custom-border is-style-fuel-shadow-image\"><a href=\"https:\/\/tomami.eu\/de\/rezepte\/koettbullar-a-la-tomami\/\"><img loading=\"lazy\" decoding=\"async\" width=\"1138\" height=\"1707\" src=\"https:\/\/tomami.eu\/wp-content\/uploads\/2022\/04\/rezept-koetbullar-tomami-umami-1.jpg\" alt=\"K\u00f6ttbullar \u00e0 la TOMAMI\" class=\"wp-image-5738\" style=\"border-radius:12px\" title=\"K\u00f6ttbullar \u00e0 la TOMAMI\" srcset=\"https:\/\/tomami.eu\/wp-content\/uploads\/2022\/04\/rezept-koetbullar-tomami-umami-1.jpg 1138w, https:\/\/tomami.eu\/wp-content\/uploads\/2022\/04\/rezept-koetbullar-tomami-umami-1-500x750.jpg 500w, https:\/\/tomami.eu\/wp-content\/uploads\/2022\/04\/rezept-koetbullar-tomami-umami-1-750x1125.jpg 750w, https:\/\/tomami.eu\/wp-content\/uploads\/2022\/04\/rezept-koetbullar-tomami-umami-1-768x1152.jpg 768w, https:\/\/tomami.eu\/wp-content\/uploads\/2022\/04\/rezept-koetbullar-tomami-umami-1-1024x1536.jpg 1024w\" sizes=\"auto, (max-width: 1138px) 100vw, 1138px\" \/><\/a><figcaption class=\"wp-element-caption\">K\u00f6ttbullar \u00e0 la TOMAMI<\/figcaption><\/figure>\n<\/div>\n\n\n\n<div class=\"wp-block-column is-layout-flow wp-block-column-is-layout-flow\" style=\"padding-top:0\">\n<figure class=\"wp-block-image size-full has-custom-border is-style-fuel-shadow-image\"><a href=\"https:\/\/tomami.eu\/de\/rezepte\/tomami-goes-dashi\/\"><img loading=\"lazy\" decoding=\"async\" width=\"853\" height=\"1280\" src=\"https:\/\/tomami.eu\/wp-content\/uploads\/2022\/06\/rezeptbild-dashi-tomami-umami-stevan-paul-853x1280-2.jpg\" alt=\"TOMAMI goes Dashi!\" class=\"wp-image-8452\" style=\"border-radius:12px\" title=\"TOMAMI goes Dashi!\" srcset=\"https:\/\/tomami.eu\/wp-content\/uploads\/2022\/06\/rezeptbild-dashi-tomami-umami-stevan-paul-853x1280-2.jpg 853w, https:\/\/tomami.eu\/wp-content\/uploads\/2022\/06\/rezeptbild-dashi-tomami-umami-stevan-paul-853x1280-2-500x750.jpg 500w, https:\/\/tomami.eu\/wp-content\/uploads\/2022\/06\/rezeptbild-dashi-tomami-umami-stevan-paul-853x1280-2-750x1125.jpg 750w, https:\/\/tomami.eu\/wp-content\/uploads\/2022\/06\/rezeptbild-dashi-tomami-umami-stevan-paul-853x1280-2-768x1152.jpg 768w\" sizes=\"auto, (max-width: 853px) 100vw, 853px\" \/><\/a><figcaption class=\"wp-element-caption\">TOMAMI goes Dashi!<\/figcaption><\/figure>\n<\/div>\n<\/div>\n<\/div>\n<\/div>\n\n\n\n<div class=\"wp-block-buttons is-content-justification-center is-layout-flex wp-container-core-buttons-is-layout-fe1bbffc wp-block-buttons-is-layout-flex\" style=\"padding-top:var(--wp--preset--spacing--30);padding-bottom:var(--wp--preset--spacing--30)\">\n<div class=\"wp-block-button\"><a class=\"wp-block-button__link wp-element-button\" href=\"https:\/\/tomami.eu\/de\/rezepte\/\">Entdecke noch weitere Rezepte<\/a><\/div>\n<\/div>\n<\/div>\n","protected":false},"excerpt":{"rendered":"<p>\u25cf Typisch w\u00fcrziger und wohlschmeckender Umami-Geschmack<br \/>\u25cf F\u00fcr Saucen aller Art<br \/>\u25cf 150 g<\/p>\n","protected":false},"featured_media":14375,"comment_status":"closed","ping_status":"closed","template":"","meta":{"_symbion_is_product_set":""},"product_brand":[],"product_cat":[326],"product_tag":[],"class_list":{"0":"post-12325","1":"product","2":"type-product","3":"status-publish","4":"has-post-thumbnail","6":"product_cat-wuerzpasten","8":"first","9":"instock","10":"taxable","11":"shipping-taxable","12":"purchasable","13":"product-type-simple"},"yoast_head":"<!-- This site is optimized with the Yoast SEO plugin v26.6 - https:\/\/yoast.com\/wordpress\/plugins\/seo\/ -->\n<title>W\u00fcrzpaste Umami \u2013 powered by TOMAMI &#8226; TOMAMI \u2022 Damit w\u00fcrz was!<\/title>\n<meta name=\"description\" content=\"W\u00fcrzpaste \u2022 Typisch w\u00fcrziger und wohlschmeckender Umami-Geschmack \u2022 F\u00fcr Saucen aller Art \u2022 150 g Dose \ud83d\uded2 Hier kaufen\" \/>\n<meta name=\"robots\" content=\"index, follow, max-snippet:-1, max-image-preview:large, max-video-preview:-1\" \/>\n<link rel=\"canonical\" href=\"https:\/\/tomami.eu\/de\/shop\/wuerzpaste-umami-powered-by-tomami\/\" \/>\n<meta property=\"og:locale\" content=\"de_DE\" \/>\n<meta property=\"og:type\" content=\"article\" \/>\n<meta property=\"og:title\" content=\"W\u00fcrzpaste Umami \u2013 powered by TOMAMI &#8226; TOMAMI \u2022 Damit w\u00fcrz was!\" \/>\n<meta property=\"og:description\" content=\"W\u00fcrzpaste \u2022 Typisch w\u00fcrziger und wohlschmeckender Umami-Geschmack \u2022 F\u00fcr Saucen aller Art \u2022 150 g Dose \ud83d\uded2 Hier kaufen\" \/>\n<meta property=\"og:url\" content=\"https:\/\/tomami.eu\/de\/shop\/wuerzpaste-umami-powered-by-tomami\/\" \/>\n<meta property=\"og:site_name\" content=\"TOMAMI \u2022 Damit w\u00fcrz was!\" \/>\n<meta property=\"article:publisher\" content=\"https:\/\/www.facebook.com\/tomami.eu\/\" \/>\n<meta property=\"article:modified_time\" content=\"2025-09-10T08:52:44+00:00\" \/>\n<meta property=\"og:image\" content=\"https:\/\/tomami.eu\/wp-content\/uploads\/2025\/07\/p-ag-gewuerzepaste.jpg\" \/>\n\t<meta property=\"og:image:width\" content=\"1540\" \/>\n\t<meta property=\"og:image:height\" content=\"1540\" \/>\n\t<meta property=\"og:image:type\" content=\"image\/jpeg\" \/>\n<script type=\"application\/ld+json\" class=\"yoast-schema-graph\">{\"@context\":\"https:\/\/schema.org\",\"@graph\":[{\"@type\":\"WebPage\",\"@id\":\"https:\/\/tomami.eu\/de\/shop\/wuerzpaste-umami-powered-by-tomami\/\",\"url\":\"https:\/\/tomami.eu\/de\/shop\/wuerzpaste-umami-powered-by-tomami\/\",\"name\":\"W\u00fcrzpaste Umami \u2013 powered by TOMAMI &#8226; TOMAMI \u2022 Damit w\u00fcrz was!\",\"isPartOf\":{\"@id\":\"https:\/\/tomami.eu\/de\/#website\"},\"primaryImageOfPage\":{\"@id\":\"https:\/\/tomami.eu\/de\/shop\/wuerzpaste-umami-powered-by-tomami\/#primaryimage\"},\"image\":{\"@id\":\"https:\/\/tomami.eu\/de\/shop\/wuerzpaste-umami-powered-by-tomami\/#primaryimage\"},\"thumbnailUrl\":\"https:\/\/tomami.eu\/wp-content\/uploads\/2025\/07\/p-ag-gewuerzepaste.jpg\",\"datePublished\":\"2025-05-30T10:24:22+00:00\",\"dateModified\":\"2025-09-10T08:52:44+00:00\",\"description\":\"W\u00fcrzpaste \u2022 Typisch w\u00fcrziger und wohlschmeckender Umami-Geschmack \u2022 F\u00fcr Saucen aller Art \u2022 150 g Dose \ud83d\uded2 Hier kaufen\",\"breadcrumb\":{\"@id\":\"https:\/\/tomami.eu\/de\/shop\/wuerzpaste-umami-powered-by-tomami\/#breadcrumb\"},\"inLanguage\":\"de\",\"potentialAction\":[{\"@type\":\"ReadAction\",\"target\":[\"https:\/\/tomami.eu\/de\/shop\/wuerzpaste-umami-powered-by-tomami\/\"]}]},{\"@type\":\"ImageObject\",\"inLanguage\":\"de\",\"@id\":\"https:\/\/tomami.eu\/de\/shop\/wuerzpaste-umami-powered-by-tomami\/#primaryimage\",\"url\":\"https:\/\/tomami.eu\/wp-content\/uploads\/2025\/07\/p-ag-gewuerzepaste.jpg\",\"contentUrl\":\"https:\/\/tomami.eu\/wp-content\/uploads\/2025\/07\/p-ag-gewuerzepaste.jpg\",\"width\":1540,\"height\":1540,\"caption\":\"W\u00fcrzpaste Umami \u2013 powered by TOMAMI \u2022 150 g\"},{\"@type\":\"BreadcrumbList\",\"@id\":\"https:\/\/tomami.eu\/de\/shop\/wuerzpaste-umami-powered-by-tomami\/#breadcrumb\",\"itemListElement\":[{\"@type\":\"ListItem\",\"position\":1,\"name\":\"Startseite\",\"item\":\"https:\/\/tomami.eu\/de\/\"},{\"@type\":\"ListItem\",\"position\":2,\"name\":\"Shop\",\"item\":\"https:\/\/tomami.eu\/de\/shop\/\"},{\"@type\":\"ListItem\",\"position\":3,\"name\":\"W\u00fcrzpaste Umami \u2013 powered by TOMAMI\"}]},{\"@type\":\"WebSite\",\"@id\":\"https:\/\/tomami.eu\/de\/#website\",\"url\":\"https:\/\/tomami.eu\/de\/\",\"name\":\"TOMAMI\u00ae \u2013 Damit w\u00fcrz was!\",\"description\":\"\",\"publisher\":{\"@id\":\"https:\/\/tomami.eu\/de\/#organization\"},\"potentialAction\":[{\"@type\":\"SearchAction\",\"target\":{\"@type\":\"EntryPoint\",\"urlTemplate\":\"https:\/\/tomami.eu\/de\/?s={search_term_string}\"},\"query-input\":{\"@type\":\"PropertyValueSpecification\",\"valueRequired\":true,\"valueName\":\"search_term_string\"}}],\"inLanguage\":\"de\"},{\"@type\":\"Organization\",\"@id\":\"https:\/\/tomami.eu\/de\/#organization\",\"name\":\"TOMAMI\u00ae \u2013 Damit w\u00fcrz was!\",\"url\":\"https:\/\/tomami.eu\/de\/\",\"logo\":{\"@type\":\"ImageObject\",\"inLanguage\":\"de\",\"@id\":\"https:\/\/tomami.eu\/de\/#\/schema\/logo\/image\/\",\"url\":\"https:\/\/tomami.eu\/wp-content\/uploads\/2025\/08\/TOMAMI-web@2x.png\",\"contentUrl\":\"https:\/\/tomami.eu\/wp-content\/uploads\/2025\/08\/TOMAMI-web@2x.png\",\"width\":1440,\"height\":1440,\"caption\":\"TOMAMI\u00ae \u2013 Damit w\u00fcrz was!\"},\"image\":{\"@id\":\"https:\/\/tomami.eu\/de\/#\/schema\/logo\/image\/\"},\"sameAs\":[\"https:\/\/www.facebook.com\/tomami.eu\/\",\"https:\/\/www.instagram.com\/tomami.eu\/\",\"https:\/\/www.youtube.com\/user\/TOMAMIGmbH\",\"https:\/\/www.tiktok.com\/@tomami_official\",\"https:\/\/de.linkedin.com\/company\/tomami\"]}]}<\/script>\n<!-- \/ Yoast SEO plugin. -->","yoast_head_json":{"title":"W\u00fcrzpaste Umami \u2013 powered by TOMAMI &#8226; TOMAMI \u2022 Damit w\u00fcrz was!","description":"W\u00fcrzpaste \u2022 Typisch w\u00fcrziger und wohlschmeckender Umami-Geschmack \u2022 F\u00fcr Saucen aller Art \u2022 150 g Dose \ud83d\uded2 Hier kaufen","robots":{"index":"index","follow":"follow","max-snippet":"max-snippet:-1","max-image-preview":"max-image-preview:large","max-video-preview":"max-video-preview:-1"},"canonical":"https:\/\/tomami.eu\/de\/shop\/wuerzpaste-umami-powered-by-tomami\/","og_locale":"de_DE","og_type":"article","og_title":"W\u00fcrzpaste Umami \u2013 powered by TOMAMI &#8226; TOMAMI \u2022 Damit w\u00fcrz was!","og_description":"W\u00fcrzpaste \u2022 Typisch w\u00fcrziger und wohlschmeckender Umami-Geschmack \u2022 F\u00fcr Saucen aller Art \u2022 150 g Dose \ud83d\uded2 Hier kaufen","og_url":"https:\/\/tomami.eu\/de\/shop\/wuerzpaste-umami-powered-by-tomami\/","og_site_name":"TOMAMI \u2022 Damit w\u00fcrz was!","article_publisher":"https:\/\/www.facebook.com\/tomami.eu\/","article_modified_time":"2025-09-10T08:52:44+00:00","og_image":[{"width":1540,"height":1540,"url":"https:\/\/tomami.eu\/wp-content\/uploads\/2025\/07\/p-ag-gewuerzepaste.jpg","type":"image\/jpeg"}],"schema":{"@context":"https:\/\/schema.org","@graph":[{"@type":"WebPage","@id":"https:\/\/tomami.eu\/de\/shop\/wuerzpaste-umami-powered-by-tomami\/","url":"https:\/\/tomami.eu\/de\/shop\/wuerzpaste-umami-powered-by-tomami\/","name":"W\u00fcrzpaste Umami \u2013 powered by TOMAMI &#8226; TOMAMI \u2022 Damit w\u00fcrz was!","isPartOf":{"@id":"https:\/\/tomami.eu\/de\/#website"},"primaryImageOfPage":{"@id":"https:\/\/tomami.eu\/de\/shop\/wuerzpaste-umami-powered-by-tomami\/#primaryimage"},"image":{"@id":"https:\/\/tomami.eu\/de\/shop\/wuerzpaste-umami-powered-by-tomami\/#primaryimage"},"thumbnailUrl":"https:\/\/tomami.eu\/wp-content\/uploads\/2025\/07\/p-ag-gewuerzepaste.jpg","datePublished":"2025-05-30T10:24:22+00:00","dateModified":"2025-09-10T08:52:44+00:00","description":"W\u00fcrzpaste \u2022 Typisch w\u00fcrziger und wohlschmeckender Umami-Geschmack \u2022 F\u00fcr Saucen aller Art \u2022 150 g Dose \ud83d\uded2 Hier kaufen","breadcrumb":{"@id":"https:\/\/tomami.eu\/de\/shop\/wuerzpaste-umami-powered-by-tomami\/#breadcrumb"},"inLanguage":"de","potentialAction":[{"@type":"ReadAction","target":["https:\/\/tomami.eu\/de\/shop\/wuerzpaste-umami-powered-by-tomami\/"]}]},{"@type":"ImageObject","inLanguage":"de","@id":"https:\/\/tomami.eu\/de\/shop\/wuerzpaste-umami-powered-by-tomami\/#primaryimage","url":"https:\/\/tomami.eu\/wp-content\/uploads\/2025\/07\/p-ag-gewuerzepaste.jpg","contentUrl":"https:\/\/tomami.eu\/wp-content\/uploads\/2025\/07\/p-ag-gewuerzepaste.jpg","width":1540,"height":1540,"caption":"W\u00fcrzpaste Umami \u2013 powered by TOMAMI \u2022 150 g"},{"@type":"BreadcrumbList","@id":"https:\/\/tomami.eu\/de\/shop\/wuerzpaste-umami-powered-by-tomami\/#breadcrumb","itemListElement":[{"@type":"ListItem","position":1,"name":"Startseite","item":"https:\/\/tomami.eu\/de\/"},{"@type":"ListItem","position":2,"name":"Shop","item":"https:\/\/tomami.eu\/de\/shop\/"},{"@type":"ListItem","position":3,"name":"W\u00fcrzpaste Umami \u2013 powered by TOMAMI"}]},{"@type":"WebSite","@id":"https:\/\/tomami.eu\/de\/#website","url":"https:\/\/tomami.eu\/de\/","name":"TOMAMI\u00ae \u2013 Damit w\u00fcrz was!","description":"","publisher":{"@id":"https:\/\/tomami.eu\/de\/#organization"},"potentialAction":[{"@type":"SearchAction","target":{"@type":"EntryPoint","urlTemplate":"https:\/\/tomami.eu\/de\/?s={search_term_string}"},"query-input":{"@type":"PropertyValueSpecification","valueRequired":true,"valueName":"search_term_string"}}],"inLanguage":"de"},{"@type":"Organization","@id":"https:\/\/tomami.eu\/de\/#organization","name":"TOMAMI\u00ae \u2013 Damit w\u00fcrz was!","url":"https:\/\/tomami.eu\/de\/","logo":{"@type":"ImageObject","inLanguage":"de","@id":"https:\/\/tomami.eu\/de\/#\/schema\/logo\/image\/","url":"https:\/\/tomami.eu\/wp-content\/uploads\/2025\/08\/TOMAMI-web@2x.png","contentUrl":"https:\/\/tomami.eu\/wp-content\/uploads\/2025\/08\/TOMAMI-web@2x.png","width":1440,"height":1440,"caption":"TOMAMI\u00ae \u2013 Damit w\u00fcrz was!"},"image":{"@id":"https:\/\/tomami.eu\/de\/#\/schema\/logo\/image\/"},"sameAs":["https:\/\/www.facebook.com\/tomami.eu\/","https:\/\/www.instagram.com\/tomami.eu\/","https:\/\/www.youtube.com\/user\/TOMAMIGmbH","https:\/\/www.tiktok.com\/@tomami_official","https:\/\/de.linkedin.com\/company\/tomami"]}]}},"symbion_is_set":false,"_links":{"self":[{"href":"https:\/\/tomami.eu\/de\/wp-json\/wp\/v2\/product\/12325","targetHints":{"allow":["GET"]}}],"collection":[{"href":"https:\/\/tomami.eu\/de\/wp-json\/wp\/v2\/product"}],"about":[{"href":"https:\/\/tomami.eu\/de\/wp-json\/wp\/v2\/types\/product"}],"replies":[{"embeddable":true,"href":"https:\/\/tomami.eu\/de\/wp-json\/wp\/v2\/comments?post=12325"}],"wp:featuredmedia":[{"embeddable":true,"href":"https:\/\/tomami.eu\/de\/wp-json\/wp\/v2\/media\/14375"}],"wp:attachment":[{"href":"https:\/\/tomami.eu\/de\/wp-json\/wp\/v2\/media?parent=12325"}],"wp:term":[{"taxonomy":"product_brand","embeddable":true,"href":"https:\/\/tomami.eu\/de\/wp-json\/wp\/v2\/product_brand?post=12325"},{"taxonomy":"product_cat","embeddable":true,"href":"https:\/\/tomami.eu\/de\/wp-json\/wp\/v2\/product_cat?post=12325"},{"taxonomy":"product_tag","embeddable":true,"href":"https:\/\/tomami.eu\/de\/wp-json\/wp\/v2\/product_tag?post=12325"}],"curies":[{"name":"wp","href":"https:\/\/api.w.org\/{rel}","templated":true}]}}