{"id":758,"date":"2022-04-06T17:14:47","date_gmt":"2022-04-06T15:14:47","guid":{"rendered":"http:\/\/tomamishop.vist-test.de\/?page_id=758"},"modified":"2026-03-10T10:46:36","modified_gmt":"2026-03-10T09:46:36","slug":"kontakt","status":"publish","type":"page","link":"https:\/\/tomami.eu\/de\/kontakt\/","title":{"rendered":"Kontakt"},"content":{"rendered":"\n<h1 class=\"wp-block-heading\">Kontakt<\/h1>\n\n\n\n<p>Fragen, W\u00fcnsche oder Anregungen? Sende uns einfach eine E-Mail oder rufe uns an. Wir freuen uns \u00fcber deine Nachricht.<br>Das TOMAMI-Team ist gerne f\u00fcr dich <strong>Montag bis Freitag<\/strong> von <strong>9 \u2013 16 Uhr<\/strong> da.<\/p>\n\n\n\n<p class=\"has-large-font-size\" style=\"padding-top:var(--wp--preset--spacing--30);padding-bottom:var(--wp--preset--spacing--30)\">Der direkte Draht zu uns:<\/p>\n\n\n\n<div class=\"wp-block-columns grid is-layout-flex wp-container-core-columns-is-layout-8351d469 wp-block-columns-is-layout-flex\" style=\"margin-bottom:var(--wp--preset--spacing--50)\">\n<div class=\"wp-block-column kontakt is-layout-flow wp-block-column-is-layout-flow\">\n<h2 class=\"wp-block-heading\">Onlineshop<\/h2>\n\n\n\n<p><strong>Fragen zur Onlineshop-Bestellung, dem Liefertermin o.\u00c4.?<\/strong><\/p>\n\n\n\n<p class=\"has-small-font-size\">Kontakt<\/p>\n\n\n\n<p class=\"has-medium-font-size\">Katharina Karges<br>Telefon: +49 6174 9980234<br>E-Mail:&nbsp;<a href=\"mailto:shop@tomami.eu\">shop@tomami.eu<\/a><\/p>\n<\/div>\n\n\n\n<div class=\"wp-block-column kontakt is-layout-flow wp-block-column-is-layout-flow\">\n<h2 class=\"wp-block-heading\">Marketing<\/h2>\n\n\n\n<p><strong>TOMAMI eine Kooperation oder Werbeaktion anbieten?<\/strong><\/p>\n\n\n\n<p class=\"has-small-font-size\">Kontakt<\/p>\n\n\n\n<p class=\"has-medium-font-size\">Telefon:\u00a0+49 6174 9980230<br>E-Mail:\u00a0<a href=\"mailto:vertrieb@tomami.eu\">vertrieb@tomami.eu<\/a><\/p>\n<\/div>\n<\/div>\n\n\n\n<div class=\"wp-block-columns grid is-layout-flex wp-container-core-columns-is-layout-8351d469 wp-block-columns-is-layout-flex\" style=\"margin-bottom:var(--wp--preset--spacing--50)\">\n<div class=\"wp-block-column kontakt is-layout-flow wp-block-column-is-layout-flow\">\n<h2 class=\"wp-block-heading\">Presse<\/h2>\n\n\n\n<p><strong>Kontakt zur Presseabteilung, Produkt- oder Rezeptbilder werden ben\u00f6tigt?<\/strong><\/p>\n\n\n\n<p class=\"has-small-font-size\">Kontakt<\/p>\n\n\n\n<p class=\"has-medium-font-size\">Mirna Funk<br>E-Mail:&nbsp;<a href=\"mailto:presse@tomami.eu\">presse@tomami.eu<\/a><\/p>\n<\/div>\n\n\n\n<div class=\"wp-block-column kontakt is-layout-flow wp-block-column-is-layout-flow\">\n<h2 class=\"wp-block-heading\">Vertrieb<\/h2>\n\n\n\n<p><strong>TOMAMI als H\u00e4ndler oder Gastronom zum Gewerbepreis beziehen?<\/strong><\/p>\n\n\n\n<p class=\"has-small-font-size\">Kontakt<\/p>\n\n\n\n<p class=\"has-medium-font-size\">Telefon:\u00a0+49 6174 9980230<br>E-Mail:\u00a0<a href=\"mailto:vertrieb@tomami.eu\">vertrieb@tomami.eu<\/a><\/p>\n<\/div>\n<\/div>\n\n\n\n<div class=\"wp-block-columns grid is-layout-flex wp-container-core-columns-is-layout-8351d469 wp-block-columns-is-layout-flex\" style=\"margin-bottom:var(--wp--preset--spacing--50)\">\n<div class=\"wp-block-column kontakt is-layout-flow wp-block-column-is-layout-flow\">\n<h2 class=\"wp-block-heading\">Social Media<\/h2>\n\n\n\n<p><strong>Zusammenarbeit als Influencer, Blogger oder Vlogger?<\/strong><\/p>\n\n\n\n<p class=\"has-small-font-size\">Kontakt<\/p>\n\n\n\n<p class=\"has-medium-font-size\">Marielle Markscheffel und<br>Laura Lemm-Wisnewski<br>E-Mail: <a href=\"mailto:socialmedia@tomami.eu\">socialmedia@tomami.eu<\/a><\/p>\n<\/div>\n\n\n\n<div class=\"wp-block-column kontakt is-layout-flow wp-block-column-is-layout-flow\">\n<h2 class=\"wp-block-heading\">Gesch\u00e4ftsf\u00fchrung<\/h2>\n\n\n\n<p><strong>Kontakt zur Gesch\u00e4ftsf\u00fchrung?<\/strong><\/p>\n\n\n\n<p class=\"has-small-font-size\">Kontakt<\/p>\n\n\n\n<p class=\"has-medium-font-size\">Georg Breuer<br>Telefon:\u00a0+49 6174 9980230<\/p>\n<\/div>\n<\/div>\n\n\n\n<h2 class=\"wp-block-heading\">B\u00fcro- und Postadresse<\/h2>\n\n\n\n<p>TOMAMI GmbH<br>Frankfurter Stra\u00dfe 18A<br>61462 K\u00f6nigstein<br>Deutschland<\/p>\n\n\n\n<hr class=\"wp-block-separator has-text-color has-senary-color has-alpha-channel-opacity has-senary-background-color has-background\" style=\"margin-bottom:var(--wp--preset--spacing--50)\"\/>\n","protected":false},"excerpt":{"rendered":"<p>Kontakt Fragen, W\u00fcnsche oder Anregungen? Sende uns einfach eine E-Mail oder rufe uns an. Wir freuen uns \u00fcber deine Nachricht.Das TOMAMI-Team ist gerne f\u00fcr dich Montag bis Freitag von 9 \u2013 16 Uhr da. Der direkte Draht zu uns: Onlineshop Fragen zur Onlineshop-Bestellung, dem Liefertermin o.\u00c4.? Kontakt Katharina KargesTelefon: +49 6174 9980234E-Mail:&nbsp;shop@tomami.eu Marketing TOMAMI eine [&hellip;]<\/p>\n","protected":false},"author":1,"featured_media":0,"parent":0,"menu_order":0,"comment_status":"closed","ping_status":"closed","template":"","meta":{"footnotes":""},"class_list":["post-758","page","type-page","status-publish","hentry"],"yoast_head":"<!-- This site is optimized with the Yoast SEO plugin v27.3 - https:\/\/yoast.com\/product\/yoast-seo-wordpress\/ -->\n<title>Kontakt &#8226; TOMAMI \u2022 Damit w\u00fcrz was!<\/title>\n<meta name=\"robots\" content=\"index, follow, max-snippet:-1, max-image-preview:large, max-video-preview:-1\" \/>\n<link rel=\"canonical\" href=\"https:\/\/tomami.eu\/de\/kontakt\/\" \/>\n<meta property=\"og:locale\" content=\"de_DE\" \/>\n<meta property=\"og:type\" content=\"article\" \/>\n<meta property=\"og:title\" content=\"Kontakt &#8226; TOMAMI \u2022 Damit w\u00fcrz was!\" \/>\n<meta property=\"og:description\" content=\"Kontakt Fragen, W\u00fcnsche oder Anregungen? Sende uns einfach eine E-Mail oder rufe uns an. Wir freuen uns \u00fcber deine Nachricht.Das TOMAMI-Team ist gerne f\u00fcr dich Montag bis Freitag von 9 \u2013 16 Uhr da. Der direkte Draht zu uns: Onlineshop Fragen zur Onlineshop-Bestellung, dem Liefertermin o.\u00c4.? Kontakt Katharina KargesTelefon: +49 6174 9980234E-Mail:&nbsp;shop@tomami.eu Marketing TOMAMI eine [&hellip;]\" \/>\n<meta property=\"og:url\" content=\"https:\/\/tomami.eu\/de\/kontakt\/\" \/>\n<meta property=\"og:site_name\" content=\"TOMAMI \u2022 Damit w\u00fcrz was!\" \/>\n<meta property=\"article:publisher\" content=\"https:\/\/www.facebook.com\/tomami.eu\/\" \/>\n<meta property=\"article:modified_time\" content=\"2026-03-10T09:46:36+00:00\" \/>\n<meta property=\"og:image\" content=\"https:\/\/tomami.eu\/wp-content\/uploads\/2025\/08\/social@1x.png\" \/>\n\t<meta property=\"og:image:width\" content=\"1200\" \/>\n\t<meta property=\"og:image:height\" content=\"675\" \/>\n\t<meta property=\"og:image:type\" content=\"image\/png\" \/>\n<script type=\"application\/ld+json\" class=\"yoast-schema-graph\">{\"@context\":\"https:\\\/\\\/schema.org\",\"@graph\":[{\"@type\":\"WebPage\",\"@id\":\"https:\\\/\\\/tomami.eu\\\/de\\\/kontakt\\\/\",\"url\":\"https:\\\/\\\/tomami.eu\\\/de\\\/kontakt\\\/\",\"name\":\"Kontakt &#8226; TOMAMI \u2022 Damit w\u00fcrz was!\",\"isPartOf\":{\"@id\":\"https:\\\/\\\/tomami.eu\\\/de\\\/#website\"},\"datePublished\":\"2022-04-06T15:14:47+00:00\",\"dateModified\":\"2026-03-10T09:46:36+00:00\",\"breadcrumb\":{\"@id\":\"https:\\\/\\\/tomami.eu\\\/de\\\/kontakt\\\/#breadcrumb\"},\"inLanguage\":\"de\",\"potentialAction\":[{\"@type\":\"ReadAction\",\"target\":[\"https:\\\/\\\/tomami.eu\\\/de\\\/kontakt\\\/\"]}]},{\"@type\":\"BreadcrumbList\",\"@id\":\"https:\\\/\\\/tomami.eu\\\/de\\\/kontakt\\\/#breadcrumb\",\"itemListElement\":[{\"@type\":\"ListItem\",\"position\":1,\"name\":\"Startseite\",\"item\":\"https:\\\/\\\/tomami.eu\\\/de\\\/\"},{\"@type\":\"ListItem\",\"position\":2,\"name\":\"Kontakt\"}]},{\"@type\":\"WebSite\",\"@id\":\"https:\\\/\\\/tomami.eu\\\/de\\\/#website\",\"url\":\"https:\\\/\\\/tomami.eu\\\/de\\\/\",\"name\":\"TOMAMI\u00ae \u2013 Damit w\u00fcrz was!\",\"description\":\"\",\"publisher\":{\"@id\":\"https:\\\/\\\/tomami.eu\\\/de\\\/#organization\"},\"potentialAction\":[{\"@type\":\"SearchAction\",\"target\":{\"@type\":\"EntryPoint\",\"urlTemplate\":\"https:\\\/\\\/tomami.eu\\\/de\\\/?s={search_term_string}\"},\"query-input\":{\"@type\":\"PropertyValueSpecification\",\"valueRequired\":true,\"valueName\":\"search_term_string\"}}],\"inLanguage\":\"de\"},{\"@type\":\"Organization\",\"@id\":\"https:\\\/\\\/tomami.eu\\\/de\\\/#organization\",\"name\":\"TOMAMI\u00ae \u2013 Damit w\u00fcrz was!\",\"url\":\"https:\\\/\\\/tomami.eu\\\/de\\\/\",\"logo\":{\"@type\":\"ImageObject\",\"inLanguage\":\"de\",\"@id\":\"https:\\\/\\\/tomami.eu\\\/de\\\/#\\\/schema\\\/logo\\\/image\\\/\",\"url\":\"https:\\\/\\\/tomami.eu\\\/wp-content\\\/uploads\\\/2025\\\/08\\\/TOMAMI-web@2x.png\",\"contentUrl\":\"https:\\\/\\\/tomami.eu\\\/wp-content\\\/uploads\\\/2025\\\/08\\\/TOMAMI-web@2x.png\",\"width\":1440,\"height\":1440,\"caption\":\"TOMAMI\u00ae \u2013 Damit w\u00fcrz was!\"},\"image\":{\"@id\":\"https:\\\/\\\/tomami.eu\\\/de\\\/#\\\/schema\\\/logo\\\/image\\\/\"},\"sameAs\":[\"https:\\\/\\\/www.facebook.com\\\/tomami.eu\\\/\",\"https:\\\/\\\/www.instagram.com\\\/tomami.eu\\\/\",\"https:\\\/\\\/www.youtube.com\\\/user\\\/TOMAMIGmbH\",\"https:\\\/\\\/www.tiktok.com\\\/@tomami_official\",\"https:\\\/\\\/de.linkedin.com\\\/company\\\/tomami\"]}]}<\/script>\n<!-- \/ Yoast SEO plugin. -->","yoast_head_json":{"title":"Kontakt &#8226; TOMAMI \u2022 Damit w\u00fcrz was!","robots":{"index":"index","follow":"follow","max-snippet":"max-snippet:-1","max-image-preview":"max-image-preview:large","max-video-preview":"max-video-preview:-1"},"canonical":"https:\/\/tomami.eu\/de\/kontakt\/","og_locale":"de_DE","og_type":"article","og_title":"Kontakt &#8226; TOMAMI \u2022 Damit w\u00fcrz was!","og_description":"Kontakt Fragen, W\u00fcnsche oder Anregungen? Sende uns einfach eine E-Mail oder rufe uns an. Wir freuen uns \u00fcber deine Nachricht.Das TOMAMI-Team ist gerne f\u00fcr dich Montag bis Freitag von 9 \u2013 16 Uhr da. Der direkte Draht zu uns: Onlineshop Fragen zur Onlineshop-Bestellung, dem Liefertermin o.\u00c4.? Kontakt Katharina KargesTelefon: +49 6174 9980234E-Mail:&nbsp;shop@tomami.eu Marketing TOMAMI eine [&hellip;]","og_url":"https:\/\/tomami.eu\/de\/kontakt\/","og_site_name":"TOMAMI \u2022 Damit w\u00fcrz was!","article_publisher":"https:\/\/www.facebook.com\/tomami.eu\/","article_modified_time":"2026-03-10T09:46:36+00:00","og_image":[{"width":1200,"height":675,"url":"https:\/\/tomami.eu\/wp-content\/uploads\/2025\/08\/social@1x.png","type":"image\/png"}],"schema":{"@context":"https:\/\/schema.org","@graph":[{"@type":"WebPage","@id":"https:\/\/tomami.eu\/de\/kontakt\/","url":"https:\/\/tomami.eu\/de\/kontakt\/","name":"Kontakt &#8226; TOMAMI \u2022 Damit w\u00fcrz was!","isPartOf":{"@id":"https:\/\/tomami.eu\/de\/#website"},"datePublished":"2022-04-06T15:14:47+00:00","dateModified":"2026-03-10T09:46:36+00:00","breadcrumb":{"@id":"https:\/\/tomami.eu\/de\/kontakt\/#breadcrumb"},"inLanguage":"de","potentialAction":[{"@type":"ReadAction","target":["https:\/\/tomami.eu\/de\/kontakt\/"]}]},{"@type":"BreadcrumbList","@id":"https:\/\/tomami.eu\/de\/kontakt\/#breadcrumb","itemListElement":[{"@type":"ListItem","position":1,"name":"Startseite","item":"https:\/\/tomami.eu\/de\/"},{"@type":"ListItem","position":2,"name":"Kontakt"}]},{"@type":"WebSite","@id":"https:\/\/tomami.eu\/de\/#website","url":"https:\/\/tomami.eu\/de\/","name":"TOMAMI\u00ae \u2013 Damit w\u00fcrz was!","description":"","publisher":{"@id":"https:\/\/tomami.eu\/de\/#organization"},"potentialAction":[{"@type":"SearchAction","target":{"@type":"EntryPoint","urlTemplate":"https:\/\/tomami.eu\/de\/?s={search_term_string}"},"query-input":{"@type":"PropertyValueSpecification","valueRequired":true,"valueName":"search_term_string"}}],"inLanguage":"de"},{"@type":"Organization","@id":"https:\/\/tomami.eu\/de\/#organization","name":"TOMAMI\u00ae \u2013 Damit w\u00fcrz was!","url":"https:\/\/tomami.eu\/de\/","logo":{"@type":"ImageObject","inLanguage":"de","@id":"https:\/\/tomami.eu\/de\/#\/schema\/logo\/image\/","url":"https:\/\/tomami.eu\/wp-content\/uploads\/2025\/08\/TOMAMI-web@2x.png","contentUrl":"https:\/\/tomami.eu\/wp-content\/uploads\/2025\/08\/TOMAMI-web@2x.png","width":1440,"height":1440,"caption":"TOMAMI\u00ae \u2013 Damit w\u00fcrz was!"},"image":{"@id":"https:\/\/tomami.eu\/de\/#\/schema\/logo\/image\/"},"sameAs":["https:\/\/www.facebook.com\/tomami.eu\/","https:\/\/www.instagram.com\/tomami.eu\/","https:\/\/www.youtube.com\/user\/TOMAMIGmbH","https:\/\/www.tiktok.com\/@tomami_official","https:\/\/de.linkedin.com\/company\/tomami"]}]}},"_links":{"self":[{"href":"https:\/\/tomami.eu\/de\/wp-json\/wp\/v2\/pages\/758","targetHints":{"allow":["GET"]}}],"collection":[{"href":"https:\/\/tomami.eu\/de\/wp-json\/wp\/v2\/pages"}],"about":[{"href":"https:\/\/tomami.eu\/de\/wp-json\/wp\/v2\/types\/page"}],"author":[{"embeddable":true,"href":"https:\/\/tomami.eu\/de\/wp-json\/wp\/v2\/users\/1"}],"replies":[{"embeddable":true,"href":"https:\/\/tomami.eu\/de\/wp-json\/wp\/v2\/comments?post=758"}],"version-history":[{"count":32,"href":"https:\/\/tomami.eu\/de\/wp-json\/wp\/v2\/pages\/758\/revisions"}],"predecessor-version":[{"id":20939,"href":"https:\/\/tomami.eu\/de\/wp-json\/wp\/v2\/pages\/758\/revisions\/20939"}],"wp:attachment":[{"href":"https:\/\/tomami.eu\/de\/wp-json\/wp\/v2\/media?parent=758"}],"curies":[{"name":"wp","href":"https:\/\/api.w.org\/{rel}","templated":true}]}}