{"id":7039,"date":"2022-05-25T11:21:15","date_gmt":"2022-05-25T09:21:15","guid":{"rendered":"http:\/\/tomamishop.vist-test.de\/?page_id=7039"},"modified":"2025-09-09T12:52:33","modified_gmt":"2025-09-09T10:52:33","slug":"newsletter","status":"publish","type":"page","link":"https:\/\/tomami.eu\/de\/newsletter\/","title":{"rendered":"Newsletter"},"content":{"rendered":"\n<div class=\"wp-block-columns are-vertically-aligned-center is-layout-flex wp-container-core-columns-is-layout-28f84493 wp-block-columns-is-layout-flex\">\n<div class=\"wp-block-column is-vertically-aligned-center has-foreground-background-color has-background is-layout-flow wp-block-column-is-layout-flow\" style=\"padding-top:var(--wp--preset--spacing--50);padding-right:var(--wp--preset--spacing--50);padding-bottom:var(--wp--preset--spacing--50);padding-left:var(--wp--preset--spacing--50)\">\n<figure class=\"wp-block-image size-full\"><img loading=\"lazy\" decoding=\"async\" width=\"784\" height=\"797\" src=\"https:\/\/tomami.eu\/wp-content\/uploads\/2023\/10\/newsletter.png\" alt=\"TOMAMI Newsletter\" class=\"wp-image-10470\" srcset=\"https:\/\/tomami.eu\/wp-content\/uploads\/2023\/10\/newsletter.png 784w, https:\/\/tomami.eu\/wp-content\/uploads\/2023\/10\/newsletter-738x750.png 738w, https:\/\/tomami.eu\/wp-content\/uploads\/2023\/10\/newsletter-768x781.png 768w\" sizes=\"auto, (max-width: 784px) 100vw, 784px\" \/><\/figure>\n<\/div>\n\n\n\n<div class=\"wp-block-column is-vertically-aligned-center is-layout-flow wp-block-column-is-layout-flow\">\n<p class=\"has-heading-1-font-size\"><strong>JETZT ZUM TOMAMI NEWSLETTER ANMELDEN<\/strong> und 10 %-Gutscheincode sichern!<\/p>\n<\/div>\n<\/div>\n\n\n\n<p>Sch\u00f6n, dass du hier bist \u2013 willkommen in der Welt von TOMAMI! Ob du unsere Produkte bereits kennst oder zum ersten Mal probieren m\u00f6chtest \u2013 <strong>wir schenken dir einen 10 %-Gutscheincode f\u00fcr deine n\u00e4chste Bestellung<\/strong>. Einfach zum Newsletter anmelden und in unserem Onlineshop den Gutschein einl\u00f6sen. G\u00fcltig f\u00fcr alle Produkte der Kategorien TOMAMI No.1 und No.2, W\u00fcrzsaucen, W\u00fcrzstoff, Scharfe Sauce, Ketchup. Ausgenommen sind Produkte im Set und Sonderangebot.<\/p>\n\n\n\n<p>Der Newsletter informiert dich regelm\u00e4\u00dfig \u00fcber neue Rezepte, Verkostungen, Events und Produkte aus unserer Versuchsk\u00fcche! Gewinnspiele und Coupons gibt es nat\u00fcrlich auch. Wir freuen uns, dich an Bord begr\u00fc\u00dfen zu d\u00fcrfen! Eine Abmeldung ist selbstverst\u00e4ndlich jederzeit m\u00f6glich.<\/p>\n\n\n\n<p><a href=\"https:\/\/tomami.eu\/de\/datenschutz\/\" target=\"_blank\" rel=\"noreferrer noopener\">Datenschutzhinweis<\/a><\/p>\n\n\n\n<div class=\"wp-block-columns mailchimp has-septenary-background-color has-background is-layout-flex wp-container-core-columns-is-layout-28f84493 wp-block-columns-is-layout-flex\">\n<div class=\"wp-block-column is-layout-flow wp-block-column-is-layout-flow\">\n<!-- Begin Mailchimp Signup Form -->\n<link href=\"\/\/cdn-images.mailchimp.com\/embedcode\/classic-10_7.css\" rel=\"stylesheet\" type=\"text\/css\">\n<style type=\"text\/css\">\n#mc_embed_signup{clear:left; font-family:var(--wp--preset--font-family--outfit); width:100%; font-size: 14pt;}\ninput[type=\"email\"].required{ padding:.7em!important; font-size:14pt; margin-top: .7em; font-family:var(--wp--preset--font-family--outfit);}\ninput#mc-embedded-subscribe{border: solid 2px #000!important; border-radius: 2em!important; font-family:var(--wp--preset--font-family--outfit); font-size: 16pt;background:none!important; color:#000!important;margin:0 auto!important;}\ninput#mc-embedded-subscribe:hover{background:#fff!important;}\n<\/style>\n<div id=\"mc_embed_signup\">\n<form action=\"https:\/\/tomami.us17.list-manage.com\/subscribe\/post?u=63a1feb26d9c8387b2accfb9f&amp;id=d64b98e07d\" method=\"post\" id=\"mc-embedded-subscribe-form\" name=\"mc-embedded-subscribe-form\" class=\"validate\" target=\"_blank\" novalidate=\"\">\n<div id=\"mc_embed_signup_scroll\">\n<div class=\"mc-field-group\">\n<label for=\"mce-EMAIL\">\n\tDeine E-Mail-Adresse\n<\/label>\n<input type=\"email\" value=\"\" name=\"EMAIL\" class=\"required email\" id=\"mce-EMAIL\">\n<\/div>\n<div id=\"mce-responses\" class=\"clear\">\n<div class=\"response\" id=\"mce-error-response\" style=\"display:none\"><\/div>\n<div class=\"response\" id=\"mce-success-response\" style=\"display:none\"><\/div>\n<\/div>\n<div style=\"position: absolute; left: -5000px;\" aria-hidden=\"true\"><input type=\"text\" name=\"b_63a1feb26d9c8387b2accfb9f_d64b98e07d\" tabindex=\"-1\" value=\"\"><\/div>\n<div class=\"clear\"><input type=\"submit\" value=\"Jetzt anmelden\" name=\"subscribe\" id=\"mc-embedded-subscribe\" class=\"nbutton\"><\/div>\n<\/div>\n<\/form>\n<\/div>\n<script type=\"text\/javascript\" src=\"\/\/s3.amazonaws.com\/downloads.mailchimp.com\/js\/mc-validate.js\"><\/script><script type=\"text\/javascript\">(function($) {window.fnames = new Array(); window.ftypes = new Array();fnames[0]='EMAIL';ftypes[0]='email';fnames[1]='FNAME';ftypes[1]='text';fnames[2]='LNAME';ftypes[2]='text';fnames[3]='MMERGE3';ftypes[3]='birthday';fnames[4]='MMERGE4';ftypes[4]='text'; \/*\n* Translated default messages for the $ validation plugin.\n* Locale: DE\n*\/\n$.extend($.validator.messages, {\nrequired: \"Dieses Feld ist ein Pflichtfeld.\",\nmaxlength: $.validator.format(\"Geben Sie bitte maximal {0} Zeichen ein.\"),\nminlength: $.validator.format(\"Geben Sie bitte mindestens {0} Zeichen ein.\"),\nrangelength: $.validator.format(\"Geben Sie bitte mindestens {0} und maximal {1} Zeichen ein.\"),\nemail: \"Geben Sie bitte eine g\u00fcltige E-Mail Adresse ein.\",\nurl: \"Geben Sie bitte eine g\u00fcltige URL ein.\",\ndate: \"Bitte geben Sie ein g\u00fcltiges Datum ein.\",\nnumber: \"Geben Sie bitte eine Nummer ein.\",\ndigits: \"Geben Sie bitte nur Ziffern ein.\",\nequalTo: \"Bitte denselben Wert wiederholen.\",\nrange: $.validator.format(\"Geben Sie bitten einen Wert zwischen {0} und {1}.\"),\nmax: $.validator.format(\"Geben Sie bitte einen Wert kleiner oder gleich {0} ein.\"),\nmin: $.validator.format(\"Geben Sie bitte einen Wert gr\u00f6\u00dfer oder gleich {0} ein.\"),\ncreditcard: \"Geben Sie bitte ein g\u00fcltige Kreditkarten-Nummer ein.\"\n});}(jQuery));var $mcj = jQuery.noConflict(true);<\/script>\n<!--End mc_embed_signup-->\n<\/div>\n<\/div>\n\n\n\n<hr class=\"wp-block-separator has-text-color has-senary-color has-alpha-channel-opacity has-senary-background-color has-background\" style=\"margin-top:var(--wp--preset--spacing--50)\"\/>\n","protected":false},"excerpt":{"rendered":"<p>JETZT ZUM TOMAMI NEWSLETTER ANMELDEN und 10 %-Gutscheincode sichern! Sch\u00f6n, dass du hier bist \u2013 willkommen in der Welt von TOMAMI! Ob du unsere Produkte bereits kennst oder zum ersten Mal probieren m\u00f6chtest \u2013 wir schenken dir einen 10 %-Gutscheincode f\u00fcr deine n\u00e4chste Bestellung. Einfach zum Newsletter anmelden und in unserem Onlineshop den Gutschein einl\u00f6sen. [&hellip;]<\/p>\n","protected":false},"author":5,"featured_media":0,"parent":0,"menu_order":0,"comment_status":"closed","ping_status":"closed","template":"","meta":{"footnotes":""},"class_list":["post-7039","page","type-page","status-publish","hentry"],"yoast_head":"<!-- This site is optimized with the Yoast SEO plugin v27.3 - https:\/\/yoast.com\/product\/yoast-seo-wordpress\/ -->\n<title>Newsletter &#8226; TOMAMI \u2022 Damit w\u00fcrz was!<\/title>\n<meta name=\"robots\" content=\"index, follow, max-snippet:-1, max-image-preview:large, max-video-preview:-1\" \/>\n<link rel=\"canonical\" href=\"https:\/\/tomami.eu\/de\/newsletter\/\" \/>\n<meta property=\"og:locale\" content=\"de_DE\" \/>\n<meta property=\"og:type\" content=\"article\" \/>\n<meta property=\"og:title\" content=\"Newsletter &#8226; TOMAMI \u2022 Damit w\u00fcrz was!\" \/>\n<meta property=\"og:description\" content=\"JETZT ZUM TOMAMI NEWSLETTER ANMELDEN und 10 %-Gutscheincode sichern! Sch\u00f6n, dass du hier bist \u2013 willkommen in der Welt von TOMAMI! Ob du unsere Produkte bereits kennst oder zum ersten Mal probieren m\u00f6chtest \u2013 wir schenken dir einen 10 %-Gutscheincode f\u00fcr deine n\u00e4chste Bestellung. Einfach zum Newsletter anmelden und in unserem Onlineshop den Gutschein einl\u00f6sen. [&hellip;]\" \/>\n<meta property=\"og:url\" content=\"https:\/\/tomami.eu\/de\/newsletter\/\" \/>\n<meta property=\"og:site_name\" content=\"TOMAMI \u2022 Damit w\u00fcrz was!\" \/>\n<meta property=\"article:publisher\" content=\"https:\/\/www.facebook.com\/tomami.eu\/\" \/>\n<meta property=\"article:modified_time\" content=\"2025-09-09T10:52:33+00:00\" \/>\n<meta property=\"og:image\" content=\"https:\/\/tomami.eu\/wp-content\/uploads\/2023\/10\/newsletter.png\" \/>\n\t<meta property=\"og:image:width\" content=\"784\" \/>\n\t<meta property=\"og:image:height\" content=\"797\" \/>\n\t<meta property=\"og:image:type\" content=\"image\/png\" \/>\n<script type=\"application\/ld+json\" class=\"yoast-schema-graph\">{\"@context\":\"https:\\\/\\\/schema.org\",\"@graph\":[{\"@type\":\"WebPage\",\"@id\":\"https:\\\/\\\/tomami.eu\\\/de\\\/newsletter\\\/\",\"url\":\"https:\\\/\\\/tomami.eu\\\/de\\\/newsletter\\\/\",\"name\":\"Newsletter &#8226; TOMAMI \u2022 Damit w\u00fcrz was!\",\"isPartOf\":{\"@id\":\"https:\\\/\\\/tomami.eu\\\/de\\\/#website\"},\"primaryImageOfPage\":{\"@id\":\"https:\\\/\\\/tomami.eu\\\/de\\\/newsletter\\\/#primaryimage\"},\"image\":{\"@id\":\"https:\\\/\\\/tomami.eu\\\/de\\\/newsletter\\\/#primaryimage\"},\"thumbnailUrl\":\"https:\\\/\\\/tomami.eu\\\/wp-content\\\/uploads\\\/2023\\\/10\\\/newsletter.png\",\"datePublished\":\"2022-05-25T09:21:15+00:00\",\"dateModified\":\"2025-09-09T10:52:33+00:00\",\"breadcrumb\":{\"@id\":\"https:\\\/\\\/tomami.eu\\\/de\\\/newsletter\\\/#breadcrumb\"},\"inLanguage\":\"de\",\"potentialAction\":[{\"@type\":\"ReadAction\",\"target\":[\"https:\\\/\\\/tomami.eu\\\/de\\\/newsletter\\\/\"]}]},{\"@type\":\"ImageObject\",\"inLanguage\":\"de\",\"@id\":\"https:\\\/\\\/tomami.eu\\\/de\\\/newsletter\\\/#primaryimage\",\"url\":\"https:\\\/\\\/tomami.eu\\\/wp-content\\\/uploads\\\/2023\\\/10\\\/newsletter.png\",\"contentUrl\":\"https:\\\/\\\/tomami.eu\\\/wp-content\\\/uploads\\\/2023\\\/10\\\/newsletter.png\"},{\"@type\":\"BreadcrumbList\",\"@id\":\"https:\\\/\\\/tomami.eu\\\/de\\\/newsletter\\\/#breadcrumb\",\"itemListElement\":[{\"@type\":\"ListItem\",\"position\":1,\"name\":\"Startseite\",\"item\":\"https:\\\/\\\/tomami.eu\\\/de\\\/\"},{\"@type\":\"ListItem\",\"position\":2,\"name\":\"Newsletter\"}]},{\"@type\":\"WebSite\",\"@id\":\"https:\\\/\\\/tomami.eu\\\/de\\\/#website\",\"url\":\"https:\\\/\\\/tomami.eu\\\/de\\\/\",\"name\":\"TOMAMI\u00ae \u2013 Damit w\u00fcrz was!\",\"description\":\"\",\"publisher\":{\"@id\":\"https:\\\/\\\/tomami.eu\\\/de\\\/#organization\"},\"potentialAction\":[{\"@type\":\"SearchAction\",\"target\":{\"@type\":\"EntryPoint\",\"urlTemplate\":\"https:\\\/\\\/tomami.eu\\\/de\\\/?s={search_term_string}\"},\"query-input\":{\"@type\":\"PropertyValueSpecification\",\"valueRequired\":true,\"valueName\":\"search_term_string\"}}],\"inLanguage\":\"de\"},{\"@type\":\"Organization\",\"@id\":\"https:\\\/\\\/tomami.eu\\\/de\\\/#organization\",\"name\":\"TOMAMI\u00ae \u2013 Damit w\u00fcrz was!\",\"url\":\"https:\\\/\\\/tomami.eu\\\/de\\\/\",\"logo\":{\"@type\":\"ImageObject\",\"inLanguage\":\"de\",\"@id\":\"https:\\\/\\\/tomami.eu\\\/de\\\/#\\\/schema\\\/logo\\\/image\\\/\",\"url\":\"https:\\\/\\\/tomami.eu\\\/wp-content\\\/uploads\\\/2025\\\/08\\\/TOMAMI-web@2x.png\",\"contentUrl\":\"https:\\\/\\\/tomami.eu\\\/wp-content\\\/uploads\\\/2025\\\/08\\\/TOMAMI-web@2x.png\",\"width\":1440,\"height\":1440,\"caption\":\"TOMAMI\u00ae \u2013 Damit w\u00fcrz was!\"},\"image\":{\"@id\":\"https:\\\/\\\/tomami.eu\\\/de\\\/#\\\/schema\\\/logo\\\/image\\\/\"},\"sameAs\":[\"https:\\\/\\\/www.facebook.com\\\/tomami.eu\\\/\",\"https:\\\/\\\/www.instagram.com\\\/tomami.eu\\\/\",\"https:\\\/\\\/www.youtube.com\\\/user\\\/TOMAMIGmbH\",\"https:\\\/\\\/www.tiktok.com\\\/@tomami_official\",\"https:\\\/\\\/de.linkedin.com\\\/company\\\/tomami\"]}]}<\/script>\n<!-- \/ Yoast SEO plugin. -->","yoast_head_json":{"title":"Newsletter &#8226; TOMAMI \u2022 Damit w\u00fcrz was!","robots":{"index":"index","follow":"follow","max-snippet":"max-snippet:-1","max-image-preview":"max-image-preview:large","max-video-preview":"max-video-preview:-1"},"canonical":"https:\/\/tomami.eu\/de\/newsletter\/","og_locale":"de_DE","og_type":"article","og_title":"Newsletter &#8226; TOMAMI \u2022 Damit w\u00fcrz was!","og_description":"JETZT ZUM TOMAMI NEWSLETTER ANMELDEN und 10 %-Gutscheincode sichern! Sch\u00f6n, dass du hier bist \u2013 willkommen in der Welt von TOMAMI! Ob du unsere Produkte bereits kennst oder zum ersten Mal probieren m\u00f6chtest \u2013 wir schenken dir einen 10 %-Gutscheincode f\u00fcr deine n\u00e4chste Bestellung. Einfach zum Newsletter anmelden und in unserem Onlineshop den Gutschein einl\u00f6sen. [&hellip;]","og_url":"https:\/\/tomami.eu\/de\/newsletter\/","og_site_name":"TOMAMI \u2022 Damit w\u00fcrz was!","article_publisher":"https:\/\/www.facebook.com\/tomami.eu\/","article_modified_time":"2025-09-09T10:52:33+00:00","og_image":[{"width":784,"height":797,"url":"https:\/\/tomami.eu\/wp-content\/uploads\/2023\/10\/newsletter.png","type":"image\/png"}],"schema":{"@context":"https:\/\/schema.org","@graph":[{"@type":"WebPage","@id":"https:\/\/tomami.eu\/de\/newsletter\/","url":"https:\/\/tomami.eu\/de\/newsletter\/","name":"Newsletter &#8226; TOMAMI \u2022 Damit w\u00fcrz was!","isPartOf":{"@id":"https:\/\/tomami.eu\/de\/#website"},"primaryImageOfPage":{"@id":"https:\/\/tomami.eu\/de\/newsletter\/#primaryimage"},"image":{"@id":"https:\/\/tomami.eu\/de\/newsletter\/#primaryimage"},"thumbnailUrl":"https:\/\/tomami.eu\/wp-content\/uploads\/2023\/10\/newsletter.png","datePublished":"2022-05-25T09:21:15+00:00","dateModified":"2025-09-09T10:52:33+00:00","breadcrumb":{"@id":"https:\/\/tomami.eu\/de\/newsletter\/#breadcrumb"},"inLanguage":"de","potentialAction":[{"@type":"ReadAction","target":["https:\/\/tomami.eu\/de\/newsletter\/"]}]},{"@type":"ImageObject","inLanguage":"de","@id":"https:\/\/tomami.eu\/de\/newsletter\/#primaryimage","url":"https:\/\/tomami.eu\/wp-content\/uploads\/2023\/10\/newsletter.png","contentUrl":"https:\/\/tomami.eu\/wp-content\/uploads\/2023\/10\/newsletter.png"},{"@type":"BreadcrumbList","@id":"https:\/\/tomami.eu\/de\/newsletter\/#breadcrumb","itemListElement":[{"@type":"ListItem","position":1,"name":"Startseite","item":"https:\/\/tomami.eu\/de\/"},{"@type":"ListItem","position":2,"name":"Newsletter"}]},{"@type":"WebSite","@id":"https:\/\/tomami.eu\/de\/#website","url":"https:\/\/tomami.eu\/de\/","name":"TOMAMI\u00ae \u2013 Damit w\u00fcrz was!","description":"","publisher":{"@id":"https:\/\/tomami.eu\/de\/#organization"},"potentialAction":[{"@type":"SearchAction","target":{"@type":"EntryPoint","urlTemplate":"https:\/\/tomami.eu\/de\/?s={search_term_string}"},"query-input":{"@type":"PropertyValueSpecification","valueRequired":true,"valueName":"search_term_string"}}],"inLanguage":"de"},{"@type":"Organization","@id":"https:\/\/tomami.eu\/de\/#organization","name":"TOMAMI\u00ae \u2013 Damit w\u00fcrz was!","url":"https:\/\/tomami.eu\/de\/","logo":{"@type":"ImageObject","inLanguage":"de","@id":"https:\/\/tomami.eu\/de\/#\/schema\/logo\/image\/","url":"https:\/\/tomami.eu\/wp-content\/uploads\/2025\/08\/TOMAMI-web@2x.png","contentUrl":"https:\/\/tomami.eu\/wp-content\/uploads\/2025\/08\/TOMAMI-web@2x.png","width":1440,"height":1440,"caption":"TOMAMI\u00ae \u2013 Damit w\u00fcrz was!"},"image":{"@id":"https:\/\/tomami.eu\/de\/#\/schema\/logo\/image\/"},"sameAs":["https:\/\/www.facebook.com\/tomami.eu\/","https:\/\/www.instagram.com\/tomami.eu\/","https:\/\/www.youtube.com\/user\/TOMAMIGmbH","https:\/\/www.tiktok.com\/@tomami_official","https:\/\/de.linkedin.com\/company\/tomami"]}]}},"_links":{"self":[{"href":"https:\/\/tomami.eu\/de\/wp-json\/wp\/v2\/pages\/7039","targetHints":{"allow":["GET"]}}],"collection":[{"href":"https:\/\/tomami.eu\/de\/wp-json\/wp\/v2\/pages"}],"about":[{"href":"https:\/\/tomami.eu\/de\/wp-json\/wp\/v2\/types\/page"}],"author":[{"embeddable":true,"href":"https:\/\/tomami.eu\/de\/wp-json\/wp\/v2\/users\/5"}],"replies":[{"embeddable":true,"href":"https:\/\/tomami.eu\/de\/wp-json\/wp\/v2\/comments?post=7039"}],"version-history":[{"count":55,"href":"https:\/\/tomami.eu\/de\/wp-json\/wp\/v2\/pages\/7039\/revisions"}],"predecessor-version":[{"id":18240,"href":"https:\/\/tomami.eu\/de\/wp-json\/wp\/v2\/pages\/7039\/revisions\/18240"}],"wp:attachment":[{"href":"https:\/\/tomami.eu\/de\/wp-json\/wp\/v2\/media?parent=7039"}],"curies":[{"name":"wp","href":"https:\/\/api.w.org\/{rel}","templated":true}]}}