{"id":18,"date":"2022-04-06T17:14:16","date_gmt":"2022-04-06T15:14:16","guid":{"rendered":"http:\/\/tomamishop.vist-test.de\/?page_id=18"},"modified":"2026-03-10T10:43:13","modified_gmt":"2026-03-10T09:43:13","slug":"impressum","status":"publish","type":"page","link":"https:\/\/tomami.eu\/de\/impressum\/","title":{"rendered":"Impressum"},"content":{"rendered":"\n<h1 class=\"wp-block-heading\" id=\"impressum\">Impressum<\/h1>\n\n\n\n<p>TOMAMI GmbH<br>Frankfurter Stra\u00dfe 18A<br>61462 K\u00f6nigstein<br>Deutschland<\/p>\n\n\n\n<p>Telefon: +49 6174 9980230<br>E-Mail: info@tomami.eu<\/p>\n\n\n\n<p>Gesch\u00e4ftsf\u00fchrer: Georg Breuer<\/p>\n\n\n\n<p>Handelsregister: Amtsgericht K\u00f6nigstein, HRB 8215<br>Umsatzsteuer-Identifikationsnummer: DE284306419<\/p>\n\n\n\n<p>Zur Teilnahme an einem Streitbeilegungsverfahren vor einer Verbraucherschlichtungsstelle sind wir nicht verpflichtet und nicht bereit.<\/p>\n\n\n\n<p>Zust\u00e4ndige Beh\u00f6rde f\u00fcr audiovisuelle Mediendienste: Medienanstalt Hessen, Wilhelmsh\u00f6her Allee 262, 34131 Kassel, Deutschland<\/p>\n\n\n\n<p>Unser Unternehmen ist gem\u00e4\u00df den gesetzlichen Bestimmungen vom Anwendungsbereich der Barrierefreiheitsanforderungen und somit von der Pflicht zur Erstellung und Bereitstellung einer Barrierefreiheitserkl\u00e4rung ausgenommen.<\/p>\n\n\n\n<p class=\"has-tiny-font-size\">Impressum erstellt mit dem Trusted Shops Rechtstexter.<\/p>\n\n\n\n<div style=\"height:16px\" aria-hidden=\"true\" class=\"wp-block-spacer\"><\/div>\n\n\n\n<hr class=\"wp-block-separator has-text-color has-senary-color has-alpha-channel-opacity has-senary-background-color has-background\" style=\"margin-top:0\"\/>\n","protected":false},"excerpt":{"rendered":"<p>Impressum TOMAMI GmbHFrankfurter Stra\u00dfe 18A61462 K\u00f6nigsteinDeutschland Telefon: +49 6174 9980230E-Mail: info@tomami.eu Gesch\u00e4ftsf\u00fchrer: Georg Breuer Handelsregister: Amtsgericht K\u00f6nigstein, HRB 8215Umsatzsteuer-Identifikationsnummer: DE284306419 Zur Teilnahme an einem Streitbeilegungsverfahren vor einer Verbraucherschlichtungsstelle sind wir nicht verpflichtet und nicht bereit. Zust\u00e4ndige Beh\u00f6rde f\u00fcr audiovisuelle Mediendienste: Medienanstalt Hessen, Wilhelmsh\u00f6her Allee 262, 34131 Kassel, Deutschland Unser Unternehmen ist gem\u00e4\u00df den gesetzlichen Bestimmungen [&hellip;]<\/p>\n","protected":false},"author":1,"featured_media":0,"parent":0,"menu_order":0,"comment_status":"closed","ping_status":"closed","template":"","meta":{"footnotes":""},"class_list":["post-18","page","type-page","status-publish","hentry"],"yoast_head":"<!-- This site is optimized with the Yoast SEO plugin v27.3 - https:\/\/yoast.com\/product\/yoast-seo-wordpress\/ -->\n<title>Impressum &#8226; TOMAMI \u2022 Damit w\u00fcrz was!<\/title>\n<meta name=\"robots\" content=\"index, follow, max-snippet:-1, max-image-preview:large, max-video-preview:-1\" \/>\n<link rel=\"canonical\" href=\"https:\/\/tomami.eu\/de\/impressum\/\" \/>\n<meta property=\"og:locale\" content=\"de_DE\" \/>\n<meta property=\"og:type\" content=\"article\" \/>\n<meta property=\"og:title\" content=\"Impressum &#8226; TOMAMI \u2022 Damit w\u00fcrz was!\" \/>\n<meta property=\"og:description\" content=\"Impressum TOMAMI GmbHFrankfurter Stra\u00dfe 18A61462 K\u00f6nigsteinDeutschland Telefon: +49 6174 9980230E-Mail: info@tomami.eu Gesch\u00e4ftsf\u00fchrer: Georg Breuer Handelsregister: Amtsgericht K\u00f6nigstein, HRB 8215Umsatzsteuer-Identifikationsnummer: DE284306419 Zur Teilnahme an einem Streitbeilegungsverfahren vor einer Verbraucherschlichtungsstelle sind wir nicht verpflichtet und nicht bereit. Zust\u00e4ndige Beh\u00f6rde f\u00fcr audiovisuelle Mediendienste: Medienanstalt Hessen, Wilhelmsh\u00f6her Allee 262, 34131 Kassel, Deutschland Unser Unternehmen ist gem\u00e4\u00df den gesetzlichen Bestimmungen [&hellip;]\" \/>\n<meta property=\"og:url\" content=\"https:\/\/tomami.eu\/de\/impressum\/\" \/>\n<meta property=\"og:site_name\" content=\"TOMAMI \u2022 Damit w\u00fcrz was!\" \/>\n<meta property=\"article:publisher\" content=\"https:\/\/www.facebook.com\/tomami.eu\/\" \/>\n<meta property=\"article:modified_time\" content=\"2026-03-10T09:43:13+00:00\" \/>\n<meta property=\"og:image\" content=\"https:\/\/tomami.eu\/wp-content\/uploads\/2025\/08\/social@1x.png\" \/>\n\t<meta property=\"og:image:width\" content=\"1200\" \/>\n\t<meta property=\"og:image:height\" content=\"675\" \/>\n\t<meta property=\"og:image:type\" content=\"image\/png\" \/>\n<script type=\"application\/ld+json\" class=\"yoast-schema-graph\">{\"@context\":\"https:\\\/\\\/schema.org\",\"@graph\":[{\"@type\":\"WebPage\",\"@id\":\"https:\\\/\\\/tomami.eu\\\/de\\\/impressum\\\/\",\"url\":\"https:\\\/\\\/tomami.eu\\\/de\\\/impressum\\\/\",\"name\":\"Impressum &#8226; TOMAMI \u2022 Damit w\u00fcrz was!\",\"isPartOf\":{\"@id\":\"https:\\\/\\\/tomami.eu\\\/de\\\/#website\"},\"datePublished\":\"2022-04-06T15:14:16+00:00\",\"dateModified\":\"2026-03-10T09:43:13+00:00\",\"breadcrumb\":{\"@id\":\"https:\\\/\\\/tomami.eu\\\/de\\\/impressum\\\/#breadcrumb\"},\"inLanguage\":\"de\",\"potentialAction\":[{\"@type\":\"ReadAction\",\"target\":[\"https:\\\/\\\/tomami.eu\\\/de\\\/impressum\\\/\"]}]},{\"@type\":\"BreadcrumbList\",\"@id\":\"https:\\\/\\\/tomami.eu\\\/de\\\/impressum\\\/#breadcrumb\",\"itemListElement\":[{\"@type\":\"ListItem\",\"position\":1,\"name\":\"Startseite\",\"item\":\"https:\\\/\\\/tomami.eu\\\/de\\\/\"},{\"@type\":\"ListItem\",\"position\":2,\"name\":\"Impressum\"}]},{\"@type\":\"WebSite\",\"@id\":\"https:\\\/\\\/tomami.eu\\\/de\\\/#website\",\"url\":\"https:\\\/\\\/tomami.eu\\\/de\\\/\",\"name\":\"TOMAMI\u00ae \u2013 Damit w\u00fcrz was!\",\"description\":\"\",\"publisher\":{\"@id\":\"https:\\\/\\\/tomami.eu\\\/de\\\/#organization\"},\"potentialAction\":[{\"@type\":\"SearchAction\",\"target\":{\"@type\":\"EntryPoint\",\"urlTemplate\":\"https:\\\/\\\/tomami.eu\\\/de\\\/?s={search_term_string}\"},\"query-input\":{\"@type\":\"PropertyValueSpecification\",\"valueRequired\":true,\"valueName\":\"search_term_string\"}}],\"inLanguage\":\"de\"},{\"@type\":\"Organization\",\"@id\":\"https:\\\/\\\/tomami.eu\\\/de\\\/#organization\",\"name\":\"TOMAMI\u00ae \u2013 Damit w\u00fcrz was!\",\"url\":\"https:\\\/\\\/tomami.eu\\\/de\\\/\",\"logo\":{\"@type\":\"ImageObject\",\"inLanguage\":\"de\",\"@id\":\"https:\\\/\\\/tomami.eu\\\/de\\\/#\\\/schema\\\/logo\\\/image\\\/\",\"url\":\"https:\\\/\\\/tomami.eu\\\/wp-content\\\/uploads\\\/2025\\\/08\\\/TOMAMI-web@2x.png\",\"contentUrl\":\"https:\\\/\\\/tomami.eu\\\/wp-content\\\/uploads\\\/2025\\\/08\\\/TOMAMI-web@2x.png\",\"width\":1440,\"height\":1440,\"caption\":\"TOMAMI\u00ae \u2013 Damit w\u00fcrz was!\"},\"image\":{\"@id\":\"https:\\\/\\\/tomami.eu\\\/de\\\/#\\\/schema\\\/logo\\\/image\\\/\"},\"sameAs\":[\"https:\\\/\\\/www.facebook.com\\\/tomami.eu\\\/\",\"https:\\\/\\\/www.instagram.com\\\/tomami.eu\\\/\",\"https:\\\/\\\/www.youtube.com\\\/user\\\/TOMAMIGmbH\",\"https:\\\/\\\/www.tiktok.com\\\/@tomami_official\",\"https:\\\/\\\/de.linkedin.com\\\/company\\\/tomami\"]}]}<\/script>\n<!-- \/ Yoast SEO plugin. -->","yoast_head_json":{"title":"Impressum &#8226; TOMAMI \u2022 Damit w\u00fcrz was!","robots":{"index":"index","follow":"follow","max-snippet":"max-snippet:-1","max-image-preview":"max-image-preview:large","max-video-preview":"max-video-preview:-1"},"canonical":"https:\/\/tomami.eu\/de\/impressum\/","og_locale":"de_DE","og_type":"article","og_title":"Impressum &#8226; TOMAMI \u2022 Damit w\u00fcrz was!","og_description":"Impressum TOMAMI GmbHFrankfurter Stra\u00dfe 18A61462 K\u00f6nigsteinDeutschland Telefon: +49 6174 9980230E-Mail: info@tomami.eu Gesch\u00e4ftsf\u00fchrer: Georg Breuer Handelsregister: Amtsgericht K\u00f6nigstein, HRB 8215Umsatzsteuer-Identifikationsnummer: DE284306419 Zur Teilnahme an einem Streitbeilegungsverfahren vor einer Verbraucherschlichtungsstelle sind wir nicht verpflichtet und nicht bereit. Zust\u00e4ndige Beh\u00f6rde f\u00fcr audiovisuelle Mediendienste: Medienanstalt Hessen, Wilhelmsh\u00f6her Allee 262, 34131 Kassel, Deutschland Unser Unternehmen ist gem\u00e4\u00df den gesetzlichen Bestimmungen [&hellip;]","og_url":"https:\/\/tomami.eu\/de\/impressum\/","og_site_name":"TOMAMI \u2022 Damit w\u00fcrz was!","article_publisher":"https:\/\/www.facebook.com\/tomami.eu\/","article_modified_time":"2026-03-10T09:43:13+00:00","og_image":[{"width":1200,"height":675,"url":"https:\/\/tomami.eu\/wp-content\/uploads\/2025\/08\/social@1x.png","type":"image\/png"}],"schema":{"@context":"https:\/\/schema.org","@graph":[{"@type":"WebPage","@id":"https:\/\/tomami.eu\/de\/impressum\/","url":"https:\/\/tomami.eu\/de\/impressum\/","name":"Impressum &#8226; TOMAMI \u2022 Damit w\u00fcrz was!","isPartOf":{"@id":"https:\/\/tomami.eu\/de\/#website"},"datePublished":"2022-04-06T15:14:16+00:00","dateModified":"2026-03-10T09:43:13+00:00","breadcrumb":{"@id":"https:\/\/tomami.eu\/de\/impressum\/#breadcrumb"},"inLanguage":"de","potentialAction":[{"@type":"ReadAction","target":["https:\/\/tomami.eu\/de\/impressum\/"]}]},{"@type":"BreadcrumbList","@id":"https:\/\/tomami.eu\/de\/impressum\/#breadcrumb","itemListElement":[{"@type":"ListItem","position":1,"name":"Startseite","item":"https:\/\/tomami.eu\/de\/"},{"@type":"ListItem","position":2,"name":"Impressum"}]},{"@type":"WebSite","@id":"https:\/\/tomami.eu\/de\/#website","url":"https:\/\/tomami.eu\/de\/","name":"TOMAMI\u00ae \u2013 Damit w\u00fcrz was!","description":"","publisher":{"@id":"https:\/\/tomami.eu\/de\/#organization"},"potentialAction":[{"@type":"SearchAction","target":{"@type":"EntryPoint","urlTemplate":"https:\/\/tomami.eu\/de\/?s={search_term_string}"},"query-input":{"@type":"PropertyValueSpecification","valueRequired":true,"valueName":"search_term_string"}}],"inLanguage":"de"},{"@type":"Organization","@id":"https:\/\/tomami.eu\/de\/#organization","name":"TOMAMI\u00ae \u2013 Damit w\u00fcrz was!","url":"https:\/\/tomami.eu\/de\/","logo":{"@type":"ImageObject","inLanguage":"de","@id":"https:\/\/tomami.eu\/de\/#\/schema\/logo\/image\/","url":"https:\/\/tomami.eu\/wp-content\/uploads\/2025\/08\/TOMAMI-web@2x.png","contentUrl":"https:\/\/tomami.eu\/wp-content\/uploads\/2025\/08\/TOMAMI-web@2x.png","width":1440,"height":1440,"caption":"TOMAMI\u00ae \u2013 Damit w\u00fcrz was!"},"image":{"@id":"https:\/\/tomami.eu\/de\/#\/schema\/logo\/image\/"},"sameAs":["https:\/\/www.facebook.com\/tomami.eu\/","https:\/\/www.instagram.com\/tomami.eu\/","https:\/\/www.youtube.com\/user\/TOMAMIGmbH","https:\/\/www.tiktok.com\/@tomami_official","https:\/\/de.linkedin.com\/company\/tomami"]}]}},"_links":{"self":[{"href":"https:\/\/tomami.eu\/de\/wp-json\/wp\/v2\/pages\/18","targetHints":{"allow":["GET"]}}],"collection":[{"href":"https:\/\/tomami.eu\/de\/wp-json\/wp\/v2\/pages"}],"about":[{"href":"https:\/\/tomami.eu\/de\/wp-json\/wp\/v2\/types\/page"}],"author":[{"embeddable":true,"href":"https:\/\/tomami.eu\/de\/wp-json\/wp\/v2\/users\/1"}],"replies":[{"embeddable":true,"href":"https:\/\/tomami.eu\/de\/wp-json\/wp\/v2\/comments?post=18"}],"version-history":[{"count":16,"href":"https:\/\/tomami.eu\/de\/wp-json\/wp\/v2\/pages\/18\/revisions"}],"predecessor-version":[{"id":20936,"href":"https:\/\/tomami.eu\/de\/wp-json\/wp\/v2\/pages\/18\/revisions\/20936"}],"wp:attachment":[{"href":"https:\/\/tomami.eu\/de\/wp-json\/wp\/v2\/media?parent=18"}],"curies":[{"name":"wp","href":"https:\/\/api.w.org\/{rel}","templated":true}]}}