{"id":128,"date":"2022-04-06T17:38:12","date_gmt":"2022-04-06T15:38:12","guid":{"rendered":"http:\/\/tomamishop.vist-test.de\/?page_id=128"},"modified":"2025-10-15T11:20:45","modified_gmt":"2025-10-15T09:20:45","slug":"partner-und-haendler","status":"publish","type":"page","link":"https:\/\/tomami.eu\/de\/partner-und-haendler\/","title":{"rendered":"Partner &#038; H\u00e4ndler"},"content":{"rendered":"\n<h1 class=\"wp-block-heading has-text-align-left\" id=\"partner-handler\">Partner &amp; H\u00e4ndler<\/h1>\n\n\n\n<p>Hier findet ihr eine \u00dcbersicht, bei welchen Feinkostl\u00e4den und M\u00e4rkten in eurer N\u00e4he ihr unsere TOMAMIs einkaufen k\u00f6nnt. Am besten kontaktiert ihr die Gesch\u00e4fte vor eurem Besuch und kl\u00e4rt ab, ob das gew\u00fcnschte Produkt aktuell dort zu haben ist.<\/p>\n\n\n\n<figure class=\"wp-block-table plz\"><table><tbody><tr><td><a href=\"#plz0\">PLZ 0<\/a><\/td><td><a href=\"#plz1\">PLZ 1<\/a><\/td><td><a href=\"#plz2\">PLZ 2<\/a><\/td><td><a href=\"#plz3\">PLZ 3<\/a><\/td><td><a href=\"#plz4\">PLZ 4<\/a><\/td><td><a href=\"#plz5\">PLZ 5<\/a><\/td><td><a href=\"#plz6\">PLZ 6<\/a><\/td><td><a href=\"#plz7\">PLZ 7<\/a><\/td><td><a href=\"#plz8\">PLZ 8<\/a><\/td><td><a href=\"#plz9\">PLZ 9<\/a><\/td><td><a href=\"#oesterreich\">\u00d6sterreich<\/a><\/td><td><a href=\"#schweiz\">Schweiz<\/a><\/td><\/tr><\/tbody><\/table><\/figure>\n\n\n\n<h2 class=\"wp-block-heading txt-uic\">Deutschland<\/h2>\n\n\n\n<h6 class=\"wp-block-heading\" id=\"plz0\">PLZ 0<\/h6>\n\n\n\n<figure class=\"wp-block-table txt\"><table class=\"has-fixed-layout\"><tbody><tr><td><a href=\"https:\/\/www.frischeparadies.de\/leipzig\" target=\"_blank\" rel=\"noreferrer noopener\">FrischeParadies Leipzig<\/a><\/td><td>04129 Leipzig<\/td><\/tr><\/tbody><\/table><\/figure>\n\n\n\n<h6 class=\"wp-block-heading\" id=\"plz1\">PLZ 1<\/h6>\n\n\n\n<figure class=\"wp-block-table txt\"><table class=\"has-fixed-layout\"><tbody><tr><td><a href=\"https:\/\/www.frischeparadies.de\/berlinpb\" target=\"_blank\" rel=\"noreferrer noopener\">FrischeParadies Prenzlauer Berg<\/a><\/td><td>10249 Berlin<\/td><\/tr><tr><td><a href=\"https:\/\/www.frischeparadies.de\/berlinchb\" target=\"_blank\" rel=\"noreferrer noopener\">FrischeParadies Charlottenburg<\/a><\/td><td>10587 Berlin<\/td><\/tr><tr><td><a href=\"https:\/\/www.manufactum.de\/manufactum-berlin-c199347\/\" target=\"_blank\" rel=\"noreferrer noopener\">Manufactum Warenhaus Haus Hardenberg<\/a><\/td><td>10623 Berlin<\/td><\/tr><\/tbody><\/table><\/figure>\n\n\n\n<h6 class=\"wp-block-heading\" id=\"plz2\">PLZ 2<\/h6>\n\n\n\n<figure class=\"wp-block-table txt\"><table class=\"has-fixed-layout\"><tbody><tr><td><a href=\"https:\/\/www.manufactum.de\/warenhaeuser-c-35\/\" target=\"_blank\" rel=\"noreferrer noopener\">Manufactum Warenhaus im Chilehaus<\/a><\/td><td>20095 Hamburg<\/td><\/tr><tr><td><a href=\"https:\/\/www.oschaetzchen.com\" target=\"_blank\" rel=\"noreferrer noopener\">Osch\u00e4tzchen im Alsterhaus<\/a><\/td><td>20354 Hamburg<\/td><\/tr><tr><td><a href=\"https:\/\/www.manufactum.de\/manufactum-hamburg-alstertal-c200907\/\" target=\"_blank\" rel=\"noreferrer noopener\">Manufactum Warenhaus Alstertal<\/a><\/td><td>22391 Hamburg<\/td><\/tr><tr><td><a href=\"https:\/\/www.frischeparadies.de\/hamburg\" target=\"_blank\" rel=\"noreferrer noopener\">FrischeParadies Hamburg<\/a><\/td><td>22767 Hamburg<\/td><\/tr><tr><td><a href=\"https:\/\/www.kontorhaussylt.de\/keitum\/shop\/\" target=\"_blank\" rel=\"noreferrer noopener\">Kontorhaus Sylt<\/a><\/td><td>25980 Keitum auf Sylt<\/td><\/tr><tr><td><a href=\"https:\/\/vinovin-sylt.de\/\" target=\"_blank\" rel=\"noreferrer noopener\">Vino Vin Sylt<\/a><\/td><td>25980 Tinnum auf Sylt<\/td><\/tr><tr><td><a href=\"https:\/\/www.manufactum.de\/manufactum-bremen-c199350\/\" target=\"_blank\" rel=\"noreferrer noopener\">Manufactum Waren<\/a><a href=\"https:\/\/www.manufactum.de\/warenhaeuser-c-35\/\" target=\"_blank\" rel=\"noreferrer noopener\">haus<\/a><\/td><td>28195 Bremen<\/td><\/tr><\/tbody><\/table><\/figure>\n\n\n\n<h6 class=\"wp-block-heading\" id=\"plz3\">PLZ 3<\/h6>\n\n\n\n<figure class=\"wp-block-table txt\"><table class=\"has-fixed-layout\"><tbody><tr><td><a href=\"https:\/\/www.manufactum.de\/manufactum-hannover-c199948\/\" target=\"_blank\" rel=\"noreferrer noopener\">Manufactum Warenhaus<\/a><\/td><td>30159 Hannover<\/td><\/tr><tr><td><a href=\"https:\/\/www.dinsesculinarium.de\" target=\"_blank\" rel=\"noreferrer noopener\">Dinses Culinarium<\/a><\/td><td>35647 Waldsolms<\/td><\/tr><tr><td><a href=\"https:\/\/kochgarten-bommhardt.de\" target=\"_blank\" rel=\"noreferrer noopener\">Kochgarten Bommhardt<\/a><\/td><td>37284 Waldkappel<\/td><\/tr><\/tbody><\/table><\/figure>\n\n\n\n<h6 class=\"wp-block-heading\" id=\"plz4\">PLZ 4<\/h6>\n\n\n\n<figure class=\"wp-block-table txt\"><table class=\"has-fixed-layout\"><tbody><tr><td><a href=\"https:\/\/www.manufactum.de\/manufactum-duesseldorf-c199351\/\" target=\"_blank\" rel=\"noreferrer noopener\">Manufactum Warenhaus<\/a><\/td><td>40212 D\u00fcsseldorf<\/td><\/tr><tr><td><a href=\"https:\/\/www.frischeparadies.de\/essen\" target=\"_blank\" rel=\"noreferrer noopener\">FrischeParadies Essen<\/a><\/td><td>45141 Essen<\/td><\/tr><tr><td><a href=\"https:\/\/www.manufactum.de\/manufactum-waltrop-c199342\/\" target=\"_blank\" rel=\"noreferrer noopener\">Manufactum Warenhaus<\/a><\/td><td>45731 Waltrop<\/td><\/tr><tr><td><a href=\"https:\/\/trueffel-bohne.de\/\" target=\"_blank\" rel=\"noreferrer noopener\">Tr\u00fcffel &amp; Bohne<\/a><\/td><td>46414 Rhede<\/td><\/tr><tr><td><a href=\"https:\/\/www.knorth.de\/\" target=\"_blank\" rel=\"noreferrer noopener\">Knorth Obst &amp; Gem\u00fcse<\/a><\/td><td>46485 Wesel<\/td><\/tr><tr><td><a href=\"https:\/\/www.q-linaria.de\/\" target=\"_blank\" rel=\"noreferrer noopener\">Q-Linaria<\/a><\/td><td>47877 Willich<\/td><\/tr><tr><td><a href=\"https:\/\/www.manufactum.de\/manufactum-muenster-c200334\/\" target=\"_blank\" rel=\"noreferrer noopener\">Manufactum Warenhaus<\/a><\/td><td>48143 M\u00fcnster<\/td><\/tr><\/tbody><\/table><\/figure>\n\n\n\n<h6 class=\"wp-block-heading\" id=\"plz5\">PLZ 5<\/h6>\n\n\n\n<figure class=\"wp-block-table txt\"><table class=\"has-fixed-layout\"><tbody><tr><td><a href=\"https:\/\/www.frischeparadies.de\/huerth\" target=\"_blank\" rel=\"noreferrer noopener\">FrischeParadies H\u00fcrth\/K\u00f6ln<\/a><\/td><td>50354 H\u00fcrth<\/td><\/tr><tr><td><a href=\"https:\/\/beef-art.de\/\" target=\"_blank\" rel=\"noreferrer noopener\">BEEFart<\/a><\/td><td>50667 K\u00f6ln<\/td><\/tr><tr><td><a href=\"https:\/\/www.gertrude20.de\/\" target=\"_blank\" rel=\"noreferrer noopener\">Gertrude No. 20<\/a><\/td><td>50667 K\u00f6ln<\/td><\/tr><tr><td><a href=\"https:\/\/www.manufactum.de\/manufactum-koeln-c199357\/\" target=\"_blank\" rel=\"noreferrer noopener\">Manufactum Warenhaus im Disch-Haus<\/a><\/td><td>50667 K\u00f6ln<\/td><\/tr><tr><td><a href=\"https:\/\/www.manufactum.de\/manufactum-bonn-c200333\/\" target=\"_blank\" rel=\"noreferrer noopener\">Manufactum Warenhaus<\/a><\/td><td>53111 Bonn<\/td><\/tr><tr><td><a href=\"http:\/\/www.delikateria.com\/\" target=\"_blank\" rel=\"noreferrer noopener\">Delikateria UG<\/a><\/td><td>53175 Bonn<\/td><\/tr><tr><td><a href=\"https:\/\/www.vinho-verissimo.de\/\" target=\"_blank\" rel=\"noreferrer noopener\">Vinho Verissimo<\/a><\/td><td>53639 K\u00f6nigswinter<\/td><\/tr><tr><td>Werwie\u00b4s Wild und Feinkost<\/td><td>54295 Trier<\/td><\/tr><tr><td><a href=\"https:\/\/www.pfeffersackundsoehne.de\/\" target=\"_blank\" rel=\"noreferrer noopener\">Pfeffersack &amp; S\u00f6hne<\/a><\/td><td>56068 Koblenz<\/td><\/tr><tr><td><a href=\"http:\/\/www.bono-genusswelt.de\" target=\"_blank\" rel=\"noreferrer noopener\">BONO Deine Genusswelt \/ Reuber &amp; Kurkut GbR<\/a><\/td><td>59755 Arnsberg-Neheim<\/td><\/tr><\/tbody><\/table><\/figure>\n\n\n\n<h6 class=\"wp-block-heading\" id=\"plz6\">PLZ 6<\/h6>\n\n\n\n<figure class=\"wp-block-table txt\"><table class=\"has-fixed-layout\"><tbody><tr><td><a href=\"https:\/\/www.teeshop.de\/\" target=\"_blank\" rel=\"noreferrer noopener\">Schnorr Tee &amp; Gew\u00fcrze<\/a><\/td><td>60311 Frankfurt am Main<\/td><\/tr><tr><td><a href=\"https:\/\/www.manufactum.de\/manufactum-frankfurt-c199353\/\" target=\"_blank\" rel=\"noreferrer noopener\">Manufactum Warenhaus im Opernturm<\/a><\/td><td>60322 Frankfurt am Main<\/td><\/tr><tr><td><a href=\"https:\/\/www.edeka.de\/eh\/s%C3%BCdwest\/edeka-nolte-limburger-stra%C3%9Fe-48\/index.jsp\" target=\"_blank\" rel=\"noreferrer noopener\">EDEKA Nolte<\/a><\/td><td>61462 K\u00f6nigstein im Taunus<\/td><\/tr><tr><td><a href=\"https:\/\/www.giovannisfeinkost.com\/\" target=\"_blank\" rel=\"noreferrer noopener\">Giovannis Feinkost<\/a><\/td><td>61462 K\u00f6nigstein im Taunus<\/td><\/tr><tr><td><a href=\"https:\/\/www.gourmet-food-and-more.de\/\" target=\"_blank\" rel=\"noreferrer noopener\">gourmet food &amp; more GmbH<\/a><\/td><td>63128 Dietzenbach<\/td><\/tr><tr><td><a href=\"https:\/\/www.altesgewuerzamt.de\/\" target=\"_blank\" rel=\"noreferrer noopener\">Altes Gew\u00fcrzamt<\/a><\/td><td>63911 Klingenberg am Main<\/td><\/tr><tr><td><a href=\"https:\/\/www.frischeparadies.de\/frankfurt\" target=\"_blank\" rel=\"noreferrer noopener\">FrischeParadies Frankfurt<\/a><\/td><td>65933 Frankfurt am Main<\/td><\/tr><tr><td><a href=\"https:\/\/www.gaumenkitzel-mannheim.de\/\" target=\"_blank\" rel=\"noreferrer noopener\">Chez Andr\u00e9 &#8211; Gaumenkitzel Mannheim<\/a><\/td><td>68161 Mannheim<\/td><\/tr><tr><td>March\u00e9<\/td><td>69469 Weinheim<\/td><\/tr><\/tbody><\/table><\/figure>\n\n\n\n<h6 class=\"wp-block-heading\" id=\"plz7\">PLZ 7<\/h6>\n\n\n\n<p><\/p>\n\n\n\n<figure class=\"wp-block-table txt\"><table class=\"has-fixed-layout\"><tbody><tr><td><a href=\"https:\/\/www.manufactum.de\/manufactum-stuttgart-c199362\/\" target=\"_blank\" rel=\"noreferrer noopener\">Manufactum Warenhaus<\/a><\/td><td>70173 Stuttgart<\/td><\/tr><tr><td><a href=\"https:\/\/www.frischeparadies.de\/stuttgart\" target=\"_blank\" rel=\"noreferrer noopener\">FrischeParadies Stuttgart<\/a><\/td><td>70188 Stuttgart<\/td><\/tr><tr><td><a href=\"https:\/\/www.derkleinetermin.de\/\" target=\"_blank\" rel=\"noreferrer noopener\">Der kleine Termin<\/a><\/td><td>73666 Baltmannsweiler-Hohengehren<\/td><\/tr><tr><td><a href=\"https:\/\/www.pistons-herzstueck.de\/\" target=\"_blank\" rel=\"noreferrer noopener\">Pistons Centro<\/a><\/td><td>76228 Karlsruhe-Palmbach<\/td><\/tr><tr><td><a href=\"https:\/\/www.sonnengereift.com\/\" target=\"_blank\" rel=\"noreferrer noopener\">sonnengereift<\/a><\/td><td>79100 Freiburg<\/td><\/tr><tr><td><a href=\"https:\/\/www.viktualien.shop\/waldkirch\" target=\"_blank\" rel=\"noreferrer noopener\">Viktualien.shop<\/a><\/td><td>79183 Waldkirch<\/td><\/tr><\/tbody><\/table><\/figure>\n\n\n\n<h6 class=\"wp-block-heading\" id=\"plz8\">PLZ 8<\/h6>\n\n\n\n<figure class=\"wp-block-table txt\"><table class=\"has-fixed-layout\"><tbody><tr><td><a href=\"https:\/\/www.gewuerze-der-welt.net\/\" target=\"_blank\" rel=\"noreferrer noopener\">Gew\u00fcrze der Welt<\/a><\/td><td>80331 M\u00fcnchen<\/td><\/tr><tr><td><a href=\"https:\/\/www.manufactum.de\/manufactum-muenchen-c199359\/\" target=\"_blank\" rel=\"noreferrer noopener\">Manufactum Warenhaus im Alten Hof<\/a><\/td><td>80331 M\u00fcnchen<\/td><\/tr><tr><td><a href=\"https:\/\/www.frischeparadies.de\/muenchen\" target=\"_blank\" rel=\"noreferrer noopener\">FrischeParadies M\u00fcnchen<\/a><\/td><td>80337 M\u00fcnchen<\/td><\/tr><tr><td><a href=\"https:\/\/www.simmel.de\/\" target=\"_blank\" rel=\"noreferrer noopener\">Edeka Simmel<\/a><\/td><td>82008 Unterhaching<\/td><\/tr><tr><td><a href=\"https:\/\/www.simmel.de\/\" target=\"_blank\" rel=\"noreferrer noopener\">Edeka Simmel<\/a><\/td><td>82049 Pullach<\/td><\/tr><tr><td><a href=\"https:\/\/www.gewuerze-der-welt.net\/\" target=\"_blank\" rel=\"noreferrer noopener\">Gew\u00fcrze der Welt<\/a><\/td><td>82229 Seefeld<\/td><\/tr><tr><td><a href=\"https:\/\/www.das-marktrestaurant.de\/\" target=\"_blank\" rel=\"noreferrer noopener\">Hillejan Genuss-Shop<\/a><\/td><td>82481 Mittenwald<\/td><\/tr><tr><td><a href=\"https:\/\/www.gewuerze-finster.de\/\" target=\"_blank\" rel=\"noreferrer noopener\">Gew\u00fcrze im Stadtmarkt<\/a><\/td><td>86150 Augsburg<\/td><\/tr><tr><td><a href=\"https:\/\/www.kolonial-augsburg.de\/\" target=\"_blank\" rel=\"noreferrer noopener\">Kolonial Feinkost &amp; Buch<\/a><\/td><td>86150 Augsburg<\/td><\/tr><\/tbody><\/table><\/figure>\n\n\n\n<p><\/p>\n\n\n\n<p><\/p>\n\n\n\n<h6 class=\"wp-block-heading\" id=\"plz9\">PLZ 9<\/h6>\n\n\n\n<figure class=\"wp-block-table txt\"><table class=\"has-fixed-layout\"><tbody><tr><td><a href=\"https:\/\/www.gewuerze-der-welt.net\/\" target=\"_blank\" rel=\"noreferrer noopener\">Gew\u00fcrze der Welt<\/a><\/td><td>90403 N\u00fcrnberg<\/td><\/tr><tr><td><a href=\"https:\/\/www.frischeparadies.de\/fuerth\" target=\"_blank\" rel=\"noreferrer noopener\">FrischeParadies F\u00fcrth<\/a><\/td><td>90765 F\u00fcrth<\/td><\/tr><\/tbody><\/table><\/figure>\n\n\n\n<h2 class=\"wp-block-heading txt-uic\" id=\"oesterreich\">\u00d6sterreich<\/h2>\n\n\n\n<figure class=\"wp-block-table txt\"><table class=\"has-fixed-layout\"><tbody><tr><td><a href=\"https:\/\/www.karmeliter.at\/\" target=\"_blank\" rel=\"noreferrer noopener\">Kaas am Markt<\/a><\/td><td>1020 Wien<\/td><\/tr><tr><td><a href=\"https:\/\/feinschmid.com\/\" target=\"_blank\" rel=\"noreferrer noopener\">Feinschmid Delikatessen<\/a><\/td><td>6800 Feldkirch<\/td><\/tr><tr><td><a href=\"http:\/\/www.zumkochen.at\" target=\"_blank\" rel=\"noreferrer noopener\">zumKochen<\/a><\/td><td>8010 Graz<\/td><\/tr><tr><td><a href=\"https:\/\/herwig-ertl.at\/\" target=\"_blank\" rel=\"noreferrer noopener\">Ertl &#8211; Edelgrei\u00dflerei<\/a><\/td><td>9640 K\u00f6tschach-Mauthen<\/td><\/tr><\/tbody><\/table><\/figure>\n\n\n\n<h2 class=\"wp-block-heading txt-uic\" id=\"schweiz\">Schweiz<\/h2>\n\n\n\n<p>Keine TOMAMI-Produkte in deiner N\u00e4he? Sprich den Feinkostladen oder Markt deines Vertrauens an. Wir w\u00fcrden uns freuen, in deiner N\u00e4he zu verkaufen.<\/p>\n\n\n\n<hr class=\"wp-block-separator has-text-color has-senary-color has-alpha-channel-opacity has-senary-background-color has-background\" style=\"margin-top:var(--wp--preset--spacing--50);margin-bottom:0\"\/>\n","protected":false},"excerpt":{"rendered":"<p>Partner &amp; H\u00e4ndler Hier findet ihr eine \u00dcbersicht, bei welchen Feinkostl\u00e4den und M\u00e4rkten in eurer N\u00e4he ihr unsere TOMAMIs einkaufen k\u00f6nnt. Am besten kontaktiert ihr die Gesch\u00e4fte vor eurem Besuch und kl\u00e4rt ab, ob das gew\u00fcnschte Produkt aktuell dort zu haben ist. PLZ 0 PLZ 1 PLZ 2 PLZ 3 PLZ 4 PLZ 5 PLZ [&hellip;]<\/p>\n","protected":false},"author":1,"featured_media":0,"parent":0,"menu_order":0,"comment_status":"closed","ping_status":"closed","template":"","meta":{"footnotes":""},"class_list":["post-128","page","type-page","status-publish","hentry"],"yoast_head":"<!-- This site is optimized with the Yoast SEO plugin v27.3 - https:\/\/yoast.com\/product\/yoast-seo-wordpress\/ -->\n<title>Partner &amp; H\u00e4ndler &#8226; TOMAMI \u2022 Damit w\u00fcrz was!<\/title>\n<meta name=\"robots\" content=\"index, follow, max-snippet:-1, max-image-preview:large, max-video-preview:-1\" \/>\n<link rel=\"canonical\" href=\"https:\/\/tomami.eu\/de\/partner-und-haendler\/\" \/>\n<meta property=\"og:locale\" content=\"de_DE\" \/>\n<meta property=\"og:type\" content=\"article\" \/>\n<meta property=\"og:title\" content=\"Partner &amp; H\u00e4ndler &#8226; TOMAMI \u2022 Damit w\u00fcrz was!\" \/>\n<meta property=\"og:description\" content=\"Partner &amp; H\u00e4ndler Hier findet ihr eine \u00dcbersicht, bei welchen Feinkostl\u00e4den und M\u00e4rkten in eurer N\u00e4he ihr unsere TOMAMIs einkaufen k\u00f6nnt. Am besten kontaktiert ihr die Gesch\u00e4fte vor eurem Besuch und kl\u00e4rt ab, ob das gew\u00fcnschte Produkt aktuell dort zu haben ist. PLZ 0 PLZ 1 PLZ 2 PLZ 3 PLZ 4 PLZ 5 PLZ [&hellip;]\" \/>\n<meta property=\"og:url\" content=\"https:\/\/tomami.eu\/de\/partner-und-haendler\/\" \/>\n<meta property=\"og:site_name\" content=\"TOMAMI \u2022 Damit w\u00fcrz was!\" \/>\n<meta property=\"article:publisher\" content=\"https:\/\/www.facebook.com\/tomami.eu\/\" \/>\n<meta property=\"article:modified_time\" content=\"2025-10-15T09:20:45+00:00\" \/>\n<meta property=\"og:image\" content=\"https:\/\/tomami.eu\/wp-content\/uploads\/2025\/08\/social@1x.png\" \/>\n\t<meta property=\"og:image:width\" content=\"1200\" \/>\n\t<meta property=\"og:image:height\" content=\"675\" \/>\n\t<meta property=\"og:image:type\" content=\"image\/png\" \/>\n<script type=\"application\/ld+json\" class=\"yoast-schema-graph\">{\"@context\":\"https:\\\/\\\/schema.org\",\"@graph\":[{\"@type\":\"WebPage\",\"@id\":\"https:\\\/\\\/tomami.eu\\\/de\\\/partner-und-haendler\\\/\",\"url\":\"https:\\\/\\\/tomami.eu\\\/de\\\/partner-und-haendler\\\/\",\"name\":\"Partner & H\u00e4ndler &#8226; TOMAMI \u2022 Damit w\u00fcrz was!\",\"isPartOf\":{\"@id\":\"https:\\\/\\\/tomami.eu\\\/de\\\/#website\"},\"datePublished\":\"2022-04-06T15:38:12+00:00\",\"dateModified\":\"2025-10-15T09:20:45+00:00\",\"breadcrumb\":{\"@id\":\"https:\\\/\\\/tomami.eu\\\/de\\\/partner-und-haendler\\\/#breadcrumb\"},\"inLanguage\":\"de\",\"potentialAction\":[{\"@type\":\"ReadAction\",\"target\":[\"https:\\\/\\\/tomami.eu\\\/de\\\/partner-und-haendler\\\/\"]}]},{\"@type\":\"BreadcrumbList\",\"@id\":\"https:\\\/\\\/tomami.eu\\\/de\\\/partner-und-haendler\\\/#breadcrumb\",\"itemListElement\":[{\"@type\":\"ListItem\",\"position\":1,\"name\":\"Startseite\",\"item\":\"https:\\\/\\\/tomami.eu\\\/de\\\/\"},{\"@type\":\"ListItem\",\"position\":2,\"name\":\"Partner &#038; H\u00e4ndler\"}]},{\"@type\":\"WebSite\",\"@id\":\"https:\\\/\\\/tomami.eu\\\/de\\\/#website\",\"url\":\"https:\\\/\\\/tomami.eu\\\/de\\\/\",\"name\":\"TOMAMI\u00ae \u2013 Damit w\u00fcrz was!\",\"description\":\"\",\"publisher\":{\"@id\":\"https:\\\/\\\/tomami.eu\\\/de\\\/#organization\"},\"potentialAction\":[{\"@type\":\"SearchAction\",\"target\":{\"@type\":\"EntryPoint\",\"urlTemplate\":\"https:\\\/\\\/tomami.eu\\\/de\\\/?s={search_term_string}\"},\"query-input\":{\"@type\":\"PropertyValueSpecification\",\"valueRequired\":true,\"valueName\":\"search_term_string\"}}],\"inLanguage\":\"de\"},{\"@type\":\"Organization\",\"@id\":\"https:\\\/\\\/tomami.eu\\\/de\\\/#organization\",\"name\":\"TOMAMI\u00ae \u2013 Damit w\u00fcrz was!\",\"url\":\"https:\\\/\\\/tomami.eu\\\/de\\\/\",\"logo\":{\"@type\":\"ImageObject\",\"inLanguage\":\"de\",\"@id\":\"https:\\\/\\\/tomami.eu\\\/de\\\/#\\\/schema\\\/logo\\\/image\\\/\",\"url\":\"https:\\\/\\\/tomami.eu\\\/wp-content\\\/uploads\\\/2025\\\/08\\\/TOMAMI-web@2x.png\",\"contentUrl\":\"https:\\\/\\\/tomami.eu\\\/wp-content\\\/uploads\\\/2025\\\/08\\\/TOMAMI-web@2x.png\",\"width\":1440,\"height\":1440,\"caption\":\"TOMAMI\u00ae \u2013 Damit w\u00fcrz was!\"},\"image\":{\"@id\":\"https:\\\/\\\/tomami.eu\\\/de\\\/#\\\/schema\\\/logo\\\/image\\\/\"},\"sameAs\":[\"https:\\\/\\\/www.facebook.com\\\/tomami.eu\\\/\",\"https:\\\/\\\/www.instagram.com\\\/tomami.eu\\\/\",\"https:\\\/\\\/www.youtube.com\\\/user\\\/TOMAMIGmbH\",\"https:\\\/\\\/www.tiktok.com\\\/@tomami_official\",\"https:\\\/\\\/de.linkedin.com\\\/company\\\/tomami\"]}]}<\/script>\n<!-- \/ Yoast SEO plugin. -->","yoast_head_json":{"title":"Partner & H\u00e4ndler &#8226; TOMAMI \u2022 Damit w\u00fcrz was!","robots":{"index":"index","follow":"follow","max-snippet":"max-snippet:-1","max-image-preview":"max-image-preview:large","max-video-preview":"max-video-preview:-1"},"canonical":"https:\/\/tomami.eu\/de\/partner-und-haendler\/","og_locale":"de_DE","og_type":"article","og_title":"Partner & H\u00e4ndler &#8226; TOMAMI \u2022 Damit w\u00fcrz was!","og_description":"Partner &amp; H\u00e4ndler Hier findet ihr eine \u00dcbersicht, bei welchen Feinkostl\u00e4den und M\u00e4rkten in eurer N\u00e4he ihr unsere TOMAMIs einkaufen k\u00f6nnt. Am besten kontaktiert ihr die Gesch\u00e4fte vor eurem Besuch und kl\u00e4rt ab, ob das gew\u00fcnschte Produkt aktuell dort zu haben ist. PLZ 0 PLZ 1 PLZ 2 PLZ 3 PLZ 4 PLZ 5 PLZ [&hellip;]","og_url":"https:\/\/tomami.eu\/de\/partner-und-haendler\/","og_site_name":"TOMAMI \u2022 Damit w\u00fcrz was!","article_publisher":"https:\/\/www.facebook.com\/tomami.eu\/","article_modified_time":"2025-10-15T09:20:45+00:00","og_image":[{"width":1200,"height":675,"url":"https:\/\/tomami.eu\/wp-content\/uploads\/2025\/08\/social@1x.png","type":"image\/png"}],"schema":{"@context":"https:\/\/schema.org","@graph":[{"@type":"WebPage","@id":"https:\/\/tomami.eu\/de\/partner-und-haendler\/","url":"https:\/\/tomami.eu\/de\/partner-und-haendler\/","name":"Partner & H\u00e4ndler &#8226; TOMAMI \u2022 Damit w\u00fcrz was!","isPartOf":{"@id":"https:\/\/tomami.eu\/de\/#website"},"datePublished":"2022-04-06T15:38:12+00:00","dateModified":"2025-10-15T09:20:45+00:00","breadcrumb":{"@id":"https:\/\/tomami.eu\/de\/partner-und-haendler\/#breadcrumb"},"inLanguage":"de","potentialAction":[{"@type":"ReadAction","target":["https:\/\/tomami.eu\/de\/partner-und-haendler\/"]}]},{"@type":"BreadcrumbList","@id":"https:\/\/tomami.eu\/de\/partner-und-haendler\/#breadcrumb","itemListElement":[{"@type":"ListItem","position":1,"name":"Startseite","item":"https:\/\/tomami.eu\/de\/"},{"@type":"ListItem","position":2,"name":"Partner &#038; H\u00e4ndler"}]},{"@type":"WebSite","@id":"https:\/\/tomami.eu\/de\/#website","url":"https:\/\/tomami.eu\/de\/","name":"TOMAMI\u00ae \u2013 Damit w\u00fcrz was!","description":"","publisher":{"@id":"https:\/\/tomami.eu\/de\/#organization"},"potentialAction":[{"@type":"SearchAction","target":{"@type":"EntryPoint","urlTemplate":"https:\/\/tomami.eu\/de\/?s={search_term_string}"},"query-input":{"@type":"PropertyValueSpecification","valueRequired":true,"valueName":"search_term_string"}}],"inLanguage":"de"},{"@type":"Organization","@id":"https:\/\/tomami.eu\/de\/#organization","name":"TOMAMI\u00ae \u2013 Damit w\u00fcrz was!","url":"https:\/\/tomami.eu\/de\/","logo":{"@type":"ImageObject","inLanguage":"de","@id":"https:\/\/tomami.eu\/de\/#\/schema\/logo\/image\/","url":"https:\/\/tomami.eu\/wp-content\/uploads\/2025\/08\/TOMAMI-web@2x.png","contentUrl":"https:\/\/tomami.eu\/wp-content\/uploads\/2025\/08\/TOMAMI-web@2x.png","width":1440,"height":1440,"caption":"TOMAMI\u00ae \u2013 Damit w\u00fcrz was!"},"image":{"@id":"https:\/\/tomami.eu\/de\/#\/schema\/logo\/image\/"},"sameAs":["https:\/\/www.facebook.com\/tomami.eu\/","https:\/\/www.instagram.com\/tomami.eu\/","https:\/\/www.youtube.com\/user\/TOMAMIGmbH","https:\/\/www.tiktok.com\/@tomami_official","https:\/\/de.linkedin.com\/company\/tomami"]}]}},"_links":{"self":[{"href":"https:\/\/tomami.eu\/de\/wp-json\/wp\/v2\/pages\/128","targetHints":{"allow":["GET"]}}],"collection":[{"href":"https:\/\/tomami.eu\/de\/wp-json\/wp\/v2\/pages"}],"about":[{"href":"https:\/\/tomami.eu\/de\/wp-json\/wp\/v2\/types\/page"}],"author":[{"embeddable":true,"href":"https:\/\/tomami.eu\/de\/wp-json\/wp\/v2\/users\/1"}],"replies":[{"embeddable":true,"href":"https:\/\/tomami.eu\/de\/wp-json\/wp\/v2\/comments?post=128"}],"version-history":[{"count":50,"href":"https:\/\/tomami.eu\/de\/wp-json\/wp\/v2\/pages\/128\/revisions"}],"predecessor-version":[{"id":18306,"href":"https:\/\/tomami.eu\/de\/wp-json\/wp\/v2\/pages\/128\/revisions\/18306"}],"wp:attachment":[{"href":"https:\/\/tomami.eu\/de\/wp-json\/wp\/v2\/media?parent=128"}],"curies":[{"name":"wp","href":"https:\/\/api.w.org\/{rel}","templated":true}]}}