{"id":12260,"date":"2025-05-30T11:55:35","date_gmt":"2025-05-30T09:55:35","guid":{"rendered":"http:\/\/tomamishop.vist-test.de\/agb\/"},"modified":"2025-08-12T14:20:17","modified_gmt":"2025-08-12T12:20:17","slug":"agb","status":"publish","type":"page","link":"https:\/\/tomami.eu\/de\/agb\/","title":{"rendered":"AGB"},"content":{"rendered":"\n<h1 class=\"wp-block-heading\"><strong>Allgemeine Gesch\u00e4ftsbedingungen<\/strong><\/h1>\n\n\n\n<h2 class=\"wp-block-heading has-extra-large-font-size\" style=\"padding-top:var(--wp--preset--spacing--30)\">1. Geltungsbereich<\/h2>\n\n\n\n<p>F\u00fcr alle Bestellungen \u00fcber unseren Online-Shop gelten die nachfolgenden AGB. Unser Online-Shop richtet sich ausschlie\u00dflich an Verbraucher.<\/p>\n\n\n\n<p>Verbraucher ist jede nat\u00fcrliche Person, die ein Rechtsgesch\u00e4ft zu Zwecken abschlie\u00dft, die \u00fcberwiegend weder ihrer gewerblichen noch ihrer selbst\u00e4ndigen beruflichen T\u00e4tigkeit zugerechnet werden k\u00f6nnen. Unternehmer ist eine nat\u00fcrliche oder juristische Person oder eine rechtsf\u00e4hige Personengesellschaft, die bei Abschluss eines Rechtsgesch\u00e4fts in Aus\u00fcbung ihrer gewerblichen oder selbst\u00e4ndigen beruflichen T\u00e4tigkeit handelt.<\/p>\n\n\n\n<h2 class=\"wp-block-heading has-extra-large-font-size\" style=\"padding-top:var(--wp--preset--spacing--30)\">2. Vertragspartner, Vertragsschluss, Korrekturm\u00f6glichkeiten<\/h2>\n\n\n\n<p>Der Kaufvertrag kommt zustande mit TOMAMI GmbH. Mit Einstellung der Produkte in den Online-Shop geben wir ein verbindliches Angebot zum Vertragsschluss \u00fcber diese Produkte ab. Sie k\u00f6nnen unsere Produkte zun\u00e4chst unverbindlich in den Warenkorb legen und Ihre Eingaben vor Absenden Ihrer verbindlichen Bestellung jederzeit korrigieren, indem Sie die hierf\u00fcr im Bestellablauf vorgesehenen und erl\u00e4uterten Korrekturhilfen nutzen. Der Vertrag kommt zustande, indem Sie durch Anklicken des Bestellbuttons das Angebot \u00fcber die im Warenkorb enthaltenen Produkte annehmen. Unmittelbar nach dem Absenden der Bestellung erhalten Sie noch einmal eine Best\u00e4tigung per E-Mail.<\/p>\n\n\n\n<h2 class=\"wp-block-heading has-extra-large-font-size\" style=\"padding-top:var(--wp--preset--spacing--30)\">3. Vertragssprache, Vertragstextspeicherung<\/h2>\n\n\n\n<p>Die f\u00fcr den Vertragsschluss zur Verf\u00fcgung stehende(n) Sprache(n): Deutsch, Englisch.<br>Wir speichern den Vertragstext und senden Ihnen die Bestelldaten zu. Der Vertragstext ist aus Sicherheitsgr\u00fcnden nicht mehr \u00fcber das Internet zug\u00e4nglich.&nbsp;<\/p>\n\n\n\n<h2 class=\"wp-block-heading has-extra-large-font-size\" style=\"padding-top:var(--wp--preset--spacing--30)\">4. Lieferbedingungen<\/h2>\n\n\n\n<h3 class=\"wp-block-heading has-large-font-size\">4.1 Versandkosten<\/h3>\n\n\n\n<p>Der Standardversand innerhalb Deutschlands erfolgt versandkostenfrei ab einem Bestellwert in H\u00f6he von 49 Euro inklusive MwSt.<\/p>\n\n\n\n<h3 class=\"wp-block-heading has-large-font-size\">4.2 Lieferoptionen<\/h3>\n\n\n\n<p>Wir versenden die Produkte an die im Bestellprozess angegebene Lieferadresse. Wir liefern nur im Versandweg. Eine Selbstabholung der Ware ist leider nicht m\u00f6glich.<\/p>\n\n\n\n<h2 class=\"wp-block-heading has-extra-large-font-size\" style=\"padding-top:var(--wp--preset--spacing--30)\">5. Bezahlung<\/h2>\n\n\n\n<h3 class=\"wp-block-heading has-large-font-size\">5.1 Preise<\/h3>\n\n\n\n<p>Es gelten die zum Zeitpunkt der Bestellung angegebenen Preise. Diese sind Gesamtpreise und enthalten die gesetzliche Mehrwertsteuer.<\/p>\n\n\n\n<h3 class=\"wp-block-heading has-large-font-size\">5.2 Zahlungsarten<\/h3>\n\n\n\n<p>In unserem Shop stehen Ihnen grunds\u00e4tzlich die nachfolgenden Zahlungsarten zur Verf\u00fcgung.<\/p>\n\n\n\n<p><strong>Vorkasse<\/strong><br>Bei Auswahl der Zahlungsart Vorkasse nennen wir Ihnen unsere Bankverbindung in separater E-Mail und liefern die Ware nach Zahlungseingang.<\/p>\n\n\n\n<p><strong>Kreditkarte (American Express, MasterCard, Visa)<\/strong><br>Im Bestellprozess geben Sie Ihre Kreditkartendaten an. Ihre Karte wird unmittelbar nach Abgabe der Bestellung belastet.<\/p>\n\n\n\n<p><strong>PayPal<\/strong><br>Um den Rechnungsbetrag \u00fcber den Zahlungsdienstleister PayPal (Europe) S.\u00e0 r.l. et Cie, S.C.A, 22-24 Boulevard Royal, L-2449 Luxembourg (\u201ePayPal\u201c) bezahlen zu k\u00f6nnen, m\u00fcssen Sie bei PayPal registriert sein, sich mit Ihren Zugangsdaten legitimieren und die Zahlungsanweisung best\u00e4tigen. Die Zahlungstransaktion wird durch PayPal unmittelbar nach Abgabe der Bestellung durchgef\u00fchrt. Weitere Hinweise erhalten Sie im Bestellvorgang.<br>PayPal kann registrierten und nach eigenen Kriterien ausgew\u00e4hlten PayPal-Kunden weitere Zahlungsmodalit\u00e4ten im Kundenkonto anbieten. Auf das Anbieten dieser Modalit\u00e4ten haben wir allerdings keinen Einfluss; weitere individuell angebotene Zahlungsmodalit\u00e4ten betreffen Ihr Rechtsverh\u00e4ltnis mit PayPal. Weitere Informationen hierzu finden Sie in Ihrem PayPal-Konto.<\/p>\n\n\n\n<p><strong>Apple Pay<\/strong><br>Um den Rechnungsbetrag \u00fcber den Zahlungsdienstleister Apple Inc., One Apple Park Way, Cupertino, CA 95014, USA (\u201eApple\u201c) bezahlen zu k\u00f6nnen, m\u00fcssen Sie den Browser \u201eSafari\u201c nutzen, bei Apple registriert sein, die Funktion Apple Pay aktiviert haben, sich mit Ihren Zugangsdaten legitimieren und die Zahlungsanweisung best\u00e4tigen. Die Zahlungstransaktion wird unmittelbar nach Abgabe der Bestellung durchgef\u00fchrt. Weitere Hinweise erhalten Sie im Bestellvorgang.<\/p>\n\n\n\n<p><strong>Google Pay<\/strong><br>Um den Rechnungsbetrag \u00fcber den Zahlungsdienstleister Google Payments (auch als \u201eGoogle Pay\u201c bezeichnet), ein Dienst der Google Ireland Limited mit Sitz in Gordon House, Barrow Street, Dublin 4, Ireland, bezahlen zu k\u00f6nnen, m\u00fcssen Sie ein Google Konto und ein Ger\u00e4t, das die jeweils g\u00fcltigen System- und Kompatibilit\u00e4tsanforderungen des Dienstes erf\u00fcllt, sowie die kompatible Software haben. Die Funktion Google Pay muss aktiviert sein. Sie m\u00fcssen sich mit Ihren Zugangsdaten legitimieren und die Zahlungsanweisung best\u00e4tigen. Die Zahlungstransaktion wird unmittelbar nach Abgabe der Bestellung durchgef\u00fchrt. Weitere Hinweise erhalten Sie im Bestellvorgang.<\/p>\n\n\n\n<p><strong>Klarna Pay Now<\/strong><br>Um den Rechnungsbetrag \u00fcber den Zahlungsdienstleister Klarna Bank AB (publ.), Sveavagen 46, 11134 Stockholm, Schweden (\u201eKlarna\u201c) bezahlen zu k\u00f6nnen, m\u00fcssen Sie bei Klarna registriert sein, sich mit Ihren Zugangsdaten legitimieren und die Zahlungsanweisung best\u00e4tigen. Die Zahlungstransaktion wird durch Klarna unmittelbar nach Abgabe der Bestellung durchgef\u00fchrt. Weitere Hinweise erhalten Sie im Bestellvorgang.<\/p>\n\n\n\n<h2 class=\"wp-block-heading has-extra-large-font-size\" style=\"padding-top:var(--wp--preset--spacing--30)\">6. Gew\u00e4hrleistung und Garantien<\/h2>\n\n\n\n<h3 class=\"wp-block-heading has-large-font-size\">6.1 M\u00e4ngelhaftungsrecht<\/h3>\n\n\n\n<p>Es gilt das gesetzliche M\u00e4ngelhaftungsrecht.<\/p>\n\n\n\n<h3 class=\"wp-block-heading has-large-font-size\">6.2 Garantien und Kundendienst<\/h3>\n\n\n\n<p>Informationen zu gegebenenfalls geltenden zus\u00e4tzlichen Garantien und deren genaue Bedingungen finden Sie jeweils beim Produkt und auf besonderen Informationsseiten im Online-Shop.<\/p>\n\n\n\n<h2 class=\"wp-block-heading has-extra-large-font-size\" style=\"padding-top:var(--wp--preset--spacing--30)\">7. Verhaltenskodex<\/h2>\n\n\n\n<p>Folgenden Verhaltenskodizes haben wir uns unterworfen: <a href=\"https:\/\/www.trustedshops.com\/tsdocument\/TS_QUALITY_CRITERIA_de.pdf\" target=\"_blank\" rel=\"noreferrer noopener\">Trusted Shops<\/a><\/p>\n\n\n\n<h2 class=\"wp-block-heading has-extra-large-font-size\" style=\"padding-top:var(--wp--preset--spacing--30)\">8. Streitbeilegung<\/h2>\n\n\n\n<p>Zur Teilnahme an einem Streitbeilegungsverfahren vor einer Verbraucherschlichtungsstelle sind wir nicht verpflichtet und nicht bereit.<\/p>\n\n\n\n<p class=\"has-tiny-font-size\">Allgemeine Gesch\u00e4ftsbedingungen erstellt mit dem Trusted Shops Rechtstexter.<\/p>\n\n\n\n<div style=\"height:60px\" aria-hidden=\"true\" class=\"wp-block-spacer\"><\/div>\n\n\n\n<hr class=\"wp-block-separator has-text-color has-senary-color has-alpha-channel-opacity has-senary-background-color has-background\" style=\"margin-top:var(--wp--preset--spacing--30)\"\/>\n","protected":false},"excerpt":{"rendered":"<p>Allgemeine Gesch\u00e4ftsbedingungen 1. Geltungsbereich F\u00fcr alle Bestellungen \u00fcber unseren Online-Shop gelten die nachfolgenden AGB. Unser Online-Shop richtet sich ausschlie\u00dflich an Verbraucher. Verbraucher ist jede nat\u00fcrliche Person, die ein Rechtsgesch\u00e4ft zu Zwecken abschlie\u00dft, die \u00fcberwiegend weder ihrer gewerblichen noch ihrer selbst\u00e4ndigen beruflichen T\u00e4tigkeit zugerechnet werden k\u00f6nnen. Unternehmer ist eine nat\u00fcrliche oder juristische Person oder eine rechtsf\u00e4hige [&hellip;]<\/p>\n","protected":false},"author":1,"featured_media":0,"parent":0,"menu_order":0,"comment_status":"closed","ping_status":"closed","template":"","meta":{"footnotes":""},"class_list":["post-12260","page","type-page","status-publish","hentry"],"yoast_head":"<!-- This site is optimized with the Yoast SEO plugin v27.3 - https:\/\/yoast.com\/product\/yoast-seo-wordpress\/ -->\n<title>AGB &#8226; TOMAMI \u2022 Damit w\u00fcrz was!<\/title>\n<meta name=\"robots\" content=\"index, follow, max-snippet:-1, max-image-preview:large, max-video-preview:-1\" \/>\n<link rel=\"canonical\" href=\"https:\/\/tomami.eu\/de\/agb\/\" \/>\n<meta property=\"og:locale\" content=\"de_DE\" \/>\n<meta property=\"og:type\" content=\"article\" \/>\n<meta property=\"og:title\" content=\"AGB &#8226; TOMAMI \u2022 Damit w\u00fcrz was!\" \/>\n<meta property=\"og:description\" content=\"Allgemeine Gesch\u00e4ftsbedingungen 1. Geltungsbereich F\u00fcr alle Bestellungen \u00fcber unseren Online-Shop gelten die nachfolgenden AGB. Unser Online-Shop richtet sich ausschlie\u00dflich an Verbraucher. Verbraucher ist jede nat\u00fcrliche Person, die ein Rechtsgesch\u00e4ft zu Zwecken abschlie\u00dft, die \u00fcberwiegend weder ihrer gewerblichen noch ihrer selbst\u00e4ndigen beruflichen T\u00e4tigkeit zugerechnet werden k\u00f6nnen. Unternehmer ist eine nat\u00fcrliche oder juristische Person oder eine rechtsf\u00e4hige [&hellip;]\" \/>\n<meta property=\"og:url\" content=\"https:\/\/tomami.eu\/de\/agb\/\" \/>\n<meta property=\"og:site_name\" content=\"TOMAMI \u2022 Damit w\u00fcrz was!\" \/>\n<meta property=\"article:publisher\" content=\"https:\/\/www.facebook.com\/tomami.eu\/\" \/>\n<meta property=\"article:modified_time\" content=\"2025-08-12T12:20:17+00:00\" \/>\n<meta property=\"og:image\" content=\"https:\/\/tomami.eu\/wp-content\/uploads\/2025\/08\/social@1x.png\" \/>\n\t<meta property=\"og:image:width\" content=\"1200\" \/>\n\t<meta property=\"og:image:height\" content=\"675\" \/>\n\t<meta property=\"og:image:type\" content=\"image\/png\" \/>\n<script type=\"application\/ld+json\" class=\"yoast-schema-graph\">{\"@context\":\"https:\\\/\\\/schema.org\",\"@graph\":[{\"@type\":\"WebPage\",\"@id\":\"https:\\\/\\\/tomami.eu\\\/de\\\/agb\\\/\",\"url\":\"https:\\\/\\\/tomami.eu\\\/de\\\/agb\\\/\",\"name\":\"AGB &#8226; TOMAMI \u2022 Damit w\u00fcrz was!\",\"isPartOf\":{\"@id\":\"https:\\\/\\\/tomami.eu\\\/de\\\/#website\"},\"datePublished\":\"2025-05-30T09:55:35+00:00\",\"dateModified\":\"2025-08-12T12:20:17+00:00\",\"breadcrumb\":{\"@id\":\"https:\\\/\\\/tomami.eu\\\/de\\\/agb\\\/#breadcrumb\"},\"inLanguage\":\"de\",\"potentialAction\":[{\"@type\":\"ReadAction\",\"target\":[\"https:\\\/\\\/tomami.eu\\\/de\\\/agb\\\/\"]}]},{\"@type\":\"BreadcrumbList\",\"@id\":\"https:\\\/\\\/tomami.eu\\\/de\\\/agb\\\/#breadcrumb\",\"itemListElement\":[{\"@type\":\"ListItem\",\"position\":1,\"name\":\"Startseite\",\"item\":\"https:\\\/\\\/tomami.eu\\\/de\\\/\"},{\"@type\":\"ListItem\",\"position\":2,\"name\":\"AGB\"}]},{\"@type\":\"WebSite\",\"@id\":\"https:\\\/\\\/tomami.eu\\\/de\\\/#website\",\"url\":\"https:\\\/\\\/tomami.eu\\\/de\\\/\",\"name\":\"TOMAMI\u00ae \u2013 Damit w\u00fcrz was!\",\"description\":\"\",\"publisher\":{\"@id\":\"https:\\\/\\\/tomami.eu\\\/de\\\/#organization\"},\"potentialAction\":[{\"@type\":\"SearchAction\",\"target\":{\"@type\":\"EntryPoint\",\"urlTemplate\":\"https:\\\/\\\/tomami.eu\\\/de\\\/?s={search_term_string}\"},\"query-input\":{\"@type\":\"PropertyValueSpecification\",\"valueRequired\":true,\"valueName\":\"search_term_string\"}}],\"inLanguage\":\"de\"},{\"@type\":\"Organization\",\"@id\":\"https:\\\/\\\/tomami.eu\\\/de\\\/#organization\",\"name\":\"TOMAMI\u00ae \u2013 Damit w\u00fcrz was!\",\"url\":\"https:\\\/\\\/tomami.eu\\\/de\\\/\",\"logo\":{\"@type\":\"ImageObject\",\"inLanguage\":\"de\",\"@id\":\"https:\\\/\\\/tomami.eu\\\/de\\\/#\\\/schema\\\/logo\\\/image\\\/\",\"url\":\"https:\\\/\\\/tomami.eu\\\/wp-content\\\/uploads\\\/2025\\\/08\\\/TOMAMI-web@2x.png\",\"contentUrl\":\"https:\\\/\\\/tomami.eu\\\/wp-content\\\/uploads\\\/2025\\\/08\\\/TOMAMI-web@2x.png\",\"width\":1440,\"height\":1440,\"caption\":\"TOMAMI\u00ae \u2013 Damit w\u00fcrz was!\"},\"image\":{\"@id\":\"https:\\\/\\\/tomami.eu\\\/de\\\/#\\\/schema\\\/logo\\\/image\\\/\"},\"sameAs\":[\"https:\\\/\\\/www.facebook.com\\\/tomami.eu\\\/\",\"https:\\\/\\\/www.instagram.com\\\/tomami.eu\\\/\",\"https:\\\/\\\/www.youtube.com\\\/user\\\/TOMAMIGmbH\",\"https:\\\/\\\/www.tiktok.com\\\/@tomami_official\",\"https:\\\/\\\/de.linkedin.com\\\/company\\\/tomami\"]}]}<\/script>\n<!-- \/ Yoast SEO plugin. -->","yoast_head_json":{"title":"AGB &#8226; TOMAMI \u2022 Damit w\u00fcrz was!","robots":{"index":"index","follow":"follow","max-snippet":"max-snippet:-1","max-image-preview":"max-image-preview:large","max-video-preview":"max-video-preview:-1"},"canonical":"https:\/\/tomami.eu\/de\/agb\/","og_locale":"de_DE","og_type":"article","og_title":"AGB &#8226; TOMAMI \u2022 Damit w\u00fcrz was!","og_description":"Allgemeine Gesch\u00e4ftsbedingungen 1. Geltungsbereich F\u00fcr alle Bestellungen \u00fcber unseren Online-Shop gelten die nachfolgenden AGB. Unser Online-Shop richtet sich ausschlie\u00dflich an Verbraucher. Verbraucher ist jede nat\u00fcrliche Person, die ein Rechtsgesch\u00e4ft zu Zwecken abschlie\u00dft, die \u00fcberwiegend weder ihrer gewerblichen noch ihrer selbst\u00e4ndigen beruflichen T\u00e4tigkeit zugerechnet werden k\u00f6nnen. Unternehmer ist eine nat\u00fcrliche oder juristische Person oder eine rechtsf\u00e4hige [&hellip;]","og_url":"https:\/\/tomami.eu\/de\/agb\/","og_site_name":"TOMAMI \u2022 Damit w\u00fcrz was!","article_publisher":"https:\/\/www.facebook.com\/tomami.eu\/","article_modified_time":"2025-08-12T12:20:17+00:00","og_image":[{"width":1200,"height":675,"url":"https:\/\/tomami.eu\/wp-content\/uploads\/2025\/08\/social@1x.png","type":"image\/png"}],"schema":{"@context":"https:\/\/schema.org","@graph":[{"@type":"WebPage","@id":"https:\/\/tomami.eu\/de\/agb\/","url":"https:\/\/tomami.eu\/de\/agb\/","name":"AGB &#8226; TOMAMI \u2022 Damit w\u00fcrz was!","isPartOf":{"@id":"https:\/\/tomami.eu\/de\/#website"},"datePublished":"2025-05-30T09:55:35+00:00","dateModified":"2025-08-12T12:20:17+00:00","breadcrumb":{"@id":"https:\/\/tomami.eu\/de\/agb\/#breadcrumb"},"inLanguage":"de","potentialAction":[{"@type":"ReadAction","target":["https:\/\/tomami.eu\/de\/agb\/"]}]},{"@type":"BreadcrumbList","@id":"https:\/\/tomami.eu\/de\/agb\/#breadcrumb","itemListElement":[{"@type":"ListItem","position":1,"name":"Startseite","item":"https:\/\/tomami.eu\/de\/"},{"@type":"ListItem","position":2,"name":"AGB"}]},{"@type":"WebSite","@id":"https:\/\/tomami.eu\/de\/#website","url":"https:\/\/tomami.eu\/de\/","name":"TOMAMI\u00ae \u2013 Damit w\u00fcrz was!","description":"","publisher":{"@id":"https:\/\/tomami.eu\/de\/#organization"},"potentialAction":[{"@type":"SearchAction","target":{"@type":"EntryPoint","urlTemplate":"https:\/\/tomami.eu\/de\/?s={search_term_string}"},"query-input":{"@type":"PropertyValueSpecification","valueRequired":true,"valueName":"search_term_string"}}],"inLanguage":"de"},{"@type":"Organization","@id":"https:\/\/tomami.eu\/de\/#organization","name":"TOMAMI\u00ae \u2013 Damit w\u00fcrz was!","url":"https:\/\/tomami.eu\/de\/","logo":{"@type":"ImageObject","inLanguage":"de","@id":"https:\/\/tomami.eu\/de\/#\/schema\/logo\/image\/","url":"https:\/\/tomami.eu\/wp-content\/uploads\/2025\/08\/TOMAMI-web@2x.png","contentUrl":"https:\/\/tomami.eu\/wp-content\/uploads\/2025\/08\/TOMAMI-web@2x.png","width":1440,"height":1440,"caption":"TOMAMI\u00ae \u2013 Damit w\u00fcrz was!"},"image":{"@id":"https:\/\/tomami.eu\/de\/#\/schema\/logo\/image\/"},"sameAs":["https:\/\/www.facebook.com\/tomami.eu\/","https:\/\/www.instagram.com\/tomami.eu\/","https:\/\/www.youtube.com\/user\/TOMAMIGmbH","https:\/\/www.tiktok.com\/@tomami_official","https:\/\/de.linkedin.com\/company\/tomami"]}]}},"_links":{"self":[{"href":"https:\/\/tomami.eu\/de\/wp-json\/wp\/v2\/pages\/12260","targetHints":{"allow":["GET"]}}],"collection":[{"href":"https:\/\/tomami.eu\/de\/wp-json\/wp\/v2\/pages"}],"about":[{"href":"https:\/\/tomami.eu\/de\/wp-json\/wp\/v2\/types\/page"}],"author":[{"embeddable":true,"href":"https:\/\/tomami.eu\/de\/wp-json\/wp\/v2\/users\/1"}],"replies":[{"embeddable":true,"href":"https:\/\/tomami.eu\/de\/wp-json\/wp\/v2\/comments?post=12260"}],"version-history":[{"count":42,"href":"https:\/\/tomami.eu\/de\/wp-json\/wp\/v2\/pages\/12260\/revisions"}],"predecessor-version":[{"id":17162,"href":"https:\/\/tomami.eu\/de\/wp-json\/wp\/v2\/pages\/12260\/revisions\/17162"}],"wp:attachment":[{"href":"https:\/\/tomami.eu\/de\/wp-json\/wp\/v2\/media?parent=12260"}],"curies":[{"name":"wp","href":"https:\/\/api.w.org\/{rel}","templated":true}]}}